{"id":3263,"date":"2025-07-18T15:09:45","date_gmt":"2025-07-18T15:09:45","guid":{"rendered":"https:\/\/briadamagri.com\/?post_type=product&#038;p=3263"},"modified":"2026-03-09T17:06:22","modified_gmt":"2026-03-09T17:06:22","slug":"extracteur-tangentiel-pour-4-cadres-langstroth-manuel-et-electrique","status":"publish","type":"product","link":"https:\/\/briadamagri.com\/ar\/product\/extracteur-tangentiel-pour-4-cadres-langstroth-manuel-et-electrique\/","title":{"rendered":"\u0645\u0633\u062a\u062e\u0644\u0635 \u0644\u0627\u0646\u063a\u0633\u062a\u0631\u0648\u062b \u0627\u0644\u0645\u0645\u0627\u0633\u064a \u0630\u0648 4 \u0625\u0637\u0627\u0631\u0627\u062a - \u064a\u062f\u0648\u064a \u0648\u0643\u0647\u0631\u0628\u0627\u0626\u064a"},"content":{"rendered":"<p>Extracteur tangentiel pour 4 cadres LR ou 4 MINI avec entra\u00eenement manuel et \u00e9lectrique \u00e0 12 ou 220V command\u00e9 automatique analogique.<br \/>\n\u0627\u0644\u0645\u062d\u0631\u0643 \u0627\u0644\u0630\u064a \u064a\u0634\u063a\u0644\u0647 \u062a\u0628\u0644\u063a \u0642\u062f\u0631\u062a\u0647 280 \u0648\u0627\u0637.<br \/>\n\u064a\u062a\u0645 \u0646\u0642\u0644 \u0627\u0644\u062d\u0631\u0643\u0629 \u0639\u0646 \u0637\u0631\u064a\u0642 \u0627\u0644\u0623\u062d\u0632\u0645\u0629.<br \/>\n\u0628\u0625\u0632\u0627\u0644\u0629 \u0627\u0644\u062d\u0632\u0627\u0645\u060c \u064a\u0635\u0628\u062d \u0645\u0646 \u0627\u0644\u0633\u0647\u0644 \u062c\u062f\u064b\u0627 \u0627\u0644\u062a\u062d\u0648\u064a\u0644 \u0645\u0646 \u0646\u0627\u0642\u0644 \u0627\u0644\u062d\u0631\u0643\u0629 \u0627\u0644\u0643\u0647\u0631\u0628\u0627\u0626\u064a \u0625\u0644\u0649 \u0646\u0627\u0642\u0644 \u0627\u0644\u062d\u0631\u0643\u0629 \u0627\u0644\u064a\u062f\u0648\u064a.<\/p>\n<p>\u064a\u0628\u0644\u063a \u0627\u0644\u062d\u062f \u0627\u0644\u0623\u0642\u0635\u0649 \u0644\u062d\u062c\u0645 \u0627\u0644\u0625\u0637\u0627\u0631 \u0627\u0644\u0630\u064a \u064a\u0645\u0643\u0646 \u0648\u0636\u0639\u0647 \u0641\u064a \u0633\u0644\u0629 \u0647\u0630\u0627 \u0627\u0644\u0645\u0633\u062a\u062e\u0644\u0635 480 \u00d7 275 \u0645\u0645.<\/p>\n<p>\u0648\u0647\u0648 \u0645\u0635\u0646\u0648\u0639 \u0645\u0646 \u0635\u0641\u064a\u062d\u0629 \u0641\u0648\u0644\u0627\u0630\u064a\u0629 \u0645\u0642\u0627\u0648\u0645\u0629 \u0644\u0644\u0635\u062f\u0623 \u0645\u0646 \u0646\u0648\u0639 304 \u0628\u0633\u0645\u0643 0.8 \u0645\u0645 \u0645\u0639 \u0639\u0627\u0631\u0636\u0629 \u0648\u0623\u0642\u062f\u0627\u0645 \u0645\u0637\u0644\u064a\u0629 \u0628\u0627\u0644\u0628\u0644\u0627\u0633\u062a\u064a\u0643.<br \/>\n\u0648\u0647\u0630\u0627 \u0645\u0627 \u064a\u062c\u0639\u0644\u0647 \u0645\u062a\u064a\u0646\u0627\u064b \u0648\u0645\u0646\u0627\u0633\u0628\u0627\u064b \u0628\u0634\u0643\u0644 \u062e\u0627\u0635 \u0644\u0635\u0646\u0627\u0639\u0629 \u0627\u0644\u0623\u063a\u0630\u064a\u0629 \u0648\u0645\u0639\u0627\u0644\u062c\u0629 \u0627\u0644\u0639\u0633\u0644.<br \/>\n\u064a\u0633\u0645\u062d \u0627\u0644\u063a\u0637\u0627\u0621 \u0627\u0644\u0634\u0641\u0627\u0641 \u0628\u0631\u0624\u064a\u0629 \u0645\u0627 \u0628\u062f\u0627\u062e\u0644 \u062c\u0647\u0627\u0632 \u0627\u0644\u0637\u0631\u062f \u0627\u0644\u0645\u0631\u0643\u0632\u064a \u0648\u0645\u0631\u0627\u0642\u0628\u0629 \u0643\u0645\u064a\u0629 \u0627\u0644\u0639\u0633\u0644 \u0627\u0644\u0646\u0627\u062a\u062c \u0623\u062b\u0646\u0627\u0621 \u0639\u0645\u0644\u064a\u0629 \u0627\u0644\u0637\u0631\u062f \u0627\u0644\u0645\u0631\u0643\u0632\u064a.<br \/>\n\u064a\u062a\u0645\u064a\u0632 \u0628\u0635\u063a\u0631 \u062d\u062c\u0645\u0647 \u0648\u062e\u0641\u0629 \u0648\u0632\u0646\u0647 \u0645\u0639 \u0648\u062c\u0648\u062f \u0623\u0642\u062f\u0627\u0645 \u0642\u0627\u0628\u0644\u0629 \u0644\u0644\u0625\u0632\u0627\u0644\u0629\u060c \u0645\u0645\u0627 \u064a\u062c\u0639\u0644\u0647 \u0633\u0647\u0644 \u0627\u0644\u0646\u0642\u0644.<br \/>\n\u062a\u062a\u0645\u064a\u0632 \u0623\u062c\u0647\u0632\u0629 \u0627\u0644\u0637\u0631\u062f \u0627\u0644\u0645\u0631\u0643\u0632\u064a \u0627\u0644\u0645\u0645\u0627\u0633\u064a\u0629 \u0628\u0643\u0641\u0627\u0621\u0629 \u0639\u0627\u0644\u064a\u0629 \u0644\u0623\u0646\u0647\u0627 \u062a\u0633\u062a\u062e\u0644\u0635 \u0643\u0644 \u0627\u0644\u0639\u0633\u0644 \u0645\u0646 \u0627\u0644\u0625\u0637\u0627\u0631\u0627\u062a \u0623\u062b\u0646\u0627\u0621 \u0639\u0645\u0644\u064a\u0629 \u0627\u0644\u063a\u0632\u0644. \u0623\u0645\u0627 \u0639\u064a\u0628\u0647\u0627 \u0641\u064a\u0643\u0645\u0646 \u0641\u064a \u0636\u0631\u0648\u0631\u0629 \u062a\u062f\u0648\u064a\u0631 \u0627\u0644\u0625\u0637\u0627\u0631\u0627\u062a \u064a\u062f\u0648\u064a\u064b\u0627 \u0623\u062b\u0646\u0627\u0621 \u0639\u0645\u0644\u064a\u0629 \u0627\u0644\u063a\u0632\u0644 \u0646\u0641\u0633\u0647\u0627.<br \/>\n\u0647\u0630\u0647 \u0627\u0644\u0645\u064a\u0632\u0627\u062a \u062a\u062c\u0639\u0644\u0647\u0627 \u0645\u0646\u0627\u0633\u0628\u0629 \u0644\u0645\u0631\u0628\u064a \u0627\u0644\u0646\u062d\u0644 \u0627\u0644\u0630\u064a\u0646 \u0644\u062f\u064a\u0647\u0645 \u0639\u062f\u062f \u0642\u0644\u064a\u0644 \u0645\u0646 \u0627\u0644\u062e\u0644\u0627\u064a\u0627\u060c \u0648\u0627\u0644\u0645\u0628\u062a\u062f\u0626\u064a\u0646 \u0648\u0627\u0644\u0647\u0648\u0627\u0629 \u0627\u0644\u0630\u064a\u0646 \u064a\u0631\u063a\u0628\u0648\u0646 \u0641\u064a \u0627\u0644\u062d\u0635\u0648\u0644 \u0639\u0644\u0649 \u062c\u0647\u0627\u0632 \u0637\u0631\u062f \u0645\u0631\u0643\u0632\u064a \u0639\u0627\u0644\u064a \u0627\u0644\u062c\u0648\u062f\u0629 \u064a\u062e\u062f\u0645\u0647\u0645 \u0644\u0633\u0646\u0648\u0627\u062a \u0639\u062f\u064a\u062f\u0629.<\/p>\n<p>\u0627\u0644\u062e\u0635\u0627\u0626\u0635 \u0627\u0644\u0639\u0627\u0645\u0629:<br \/>\n\u0627\u0644\u0628\u0631\u0645\u064a\u0644: \u0635\u0641\u064a\u062d\u0629 \u0645\u0646 \u0627\u0644\u0641\u0648\u0644\u0627\u0630 \u0627\u0644\u0645\u0642\u0627\u0648\u0645 \u0644\u0644\u0635\u062f\u0623 304 \u0628\u0633\u0645\u0627\u0643\u0629 0.8 \u0645\u0645<br \/>\n\u0627\u0644\u0635\u0646\u0628\u0648\u0631: \u0628\u0644\u0627\u0633\u062a\u064a\u0643 \u0635\u0627\u0644\u062d \u0644\u0644\u0627\u0633\u062a\u062e\u062f\u0627\u0645 \u0645\u0639 \u0627\u0644\u0637\u0639\u0627\u0645<br \/>\n\u0627\u0644\u0633\u0644\u0629: \u0641\u0648\u0644\u0627\u0630 \u0645\u0642\u0627\u0648\u0645 \u0644\u0644\u0635\u062f\u0623 304<br \/>\n\u0627\u0644\u063a\u0637\u0627\u0621: \u0623\u0643\u0631\u064a\u0644\u064a\u0643 \u0634\u0641\u0627\u0641 4 \u0645\u0645<br \/>\n\u0627\u0644\u0642\u0637\u0631 \u0627\u0644\u062e\u0627\u0631\u062c\u064a: 520 \u0645\u0645<br \/>\n\u0627\u0644\u0642\u0637\u0631 \u0627\u0644\u062f\u0627\u062e\u0644\u064a: 500 \u0645\u0645<br \/>\n\u0627\u0644\u0637\u0648\u0644 \u0628\u0627\u0644\u0642\u062f\u0645\u064a\u0646: 950 \u0645\u0645<br \/>\n\u0627\u0631\u062a\u0641\u0627\u0639 \u0627\u0644\u0639\u0645\u0648\u062f: 650 \u0645\u0645<\/p>","protected":false},"excerpt":{"rendered":"<p>Extracteur tangentiel pour 4 cadres LR ou 4 MINI avec entra\u00eenement manuel et \u00e9lectrique \u00e0 12 ou 220V command\u00e9 automatique analogique. Le moteur qui l&#8217;anime a une puissance de 280W. La transmission est assur\u00e9e au moyen de courroies et de courroies. En retirant la courroie, il est tr\u00e8s facile de passer de la transmission \u00e9lectrique&#8230;<\/p>","protected":false},"featured_media":3262,"comment_status":"open","ping_status":"closed","template":"","meta":{"_monsterinsights_skip_tracking":false,"_monsterinsights_sitenote_active":false,"_monsterinsights_sitenote_note":"","_monsterinsights_sitenote_category":0},"product_brand":[],"product_cat":[91],"product_tag":[],"class_list":{"0":"post-3263","1":"product","2":"type-product","3":"status-publish","4":"has-post-thumbnail","6":"product_cat-materiel-apicole","8":"first","9":"instock","10":"shipping-taxable","11":"purchasable","12":"product-type-simple"},"_links":{"self":[{"href":"https:\/\/briadamagri.com\/ar\/wp-json\/wp\/v2\/product\/3263","targetHints":{"allow":["GET"]}}],"collection":[{"href":"https:\/\/briadamagri.com\/ar\/wp-json\/wp\/v2\/product"}],"about":[{"href":"https:\/\/briadamagri.com\/ar\/wp-json\/wp\/v2\/types\/product"}],"replies":[{"embeddable":true,"href":"https:\/\/briadamagri.com\/ar\/wp-json\/wp\/v2\/comments?post=3263"}],"wp:featuredmedia":[{"embeddable":true,"href":"https:\/\/briadamagri.com\/ar\/wp-json\/wp\/v2\/media\/3262"}],"wp:attachment":[{"href":"https:\/\/briadamagri.com\/ar\/wp-json\/wp\/v2\/media?parent=3263"}],"wp:term":[{"taxonomy":"product_brand","embeddable":true,"href":"https:\/\/briadamagri.com\/ar\/wp-json\/wp\/v2\/product_brand?post=3263"},{"taxonomy":"product_cat","embeddable":true,"href":"https:\/\/briadamagri.com\/ar\/wp-json\/wp\/v2\/product_cat?post=3263"},{"taxonomy":"product_tag","embeddable":true,"href":"https:\/\/briadamagri.com\/ar\/wp-json\/wp\/v2\/product_tag?post=3263"}],"curies":[{"name":"wp","href":"https:\/\/api.w.org\/{rel}","templated":true}]}}