{"id":3275,"date":"2025-07-18T15:17:23","date_gmt":"2025-07-18T15:17:23","guid":{"rendered":"https:\/\/briadamagri.com\/?post_type=product&#038;p=3275"},"modified":"2025-07-18T15:35:00","modified_gmt":"2025-07-18T15:35:00","slug":"%d9%85%d8%b3%d8%aa%d8%ae%d8%b1%d8%ac-%d9%85%d9%8a%d9%84-%d8%a5%d9%84%d9%89-14-%d9%83%d8%a7%d8%af%d8%b1-%d9%84%d8%a7%d9%86%d8%ac%d8%b3%d8%aa%d8%b1%d9%88%d8%ab","status":"publish","type":"product","link":"https:\/\/briadamagri.com\/ar\/product\/%d9%85%d8%b3%d8%aa%d8%ae%d8%b1%d8%ac-%d9%85%d9%8a%d9%84-%d8%a5%d9%84%d9%89-14-%d9%83%d8%a7%d8%af%d8%b1-%d9%84%d8%a7%d9%86%d8%ac%d8%b3%d8%aa%d8%b1%d9%88%d8%ab\/","title":{"rendered":"\u0645\u0633\u062a\u062e\u0644\u0635 \u0639\u0633\u0644 \u0644\u0627\u0646\u062c\u0633\u062a\u0631\u0648\u062b \u0630\u0648 14 \u0625\u0637\u0627\u0631\u064b\u0627"},"content":{"rendered":"<p>un extracteur automatique \u00e0 mouvement de va-et-vient con\u00e7u pour les cadres de type \u00ab Ruth \u00bb, \u00e9quip\u00e9 de cassettes auto-enveloppantes. Il est destin\u00e9 \u00e0 extraire le miel des cadres non opercul\u00e9s sous l&#8217;effet de la force centrifuge.<\/p>\n<p>Caract\u00e9ristiques techniques principales :<br \/>\n\u2022 Tension d&#8217;alimentation du moteur \u00e9lectrique :<br \/>\n\u2022 Type : courant continu<br \/>\n\u2022 Tension : 24 V\/220v<br \/>\n\u2022 Puissance du moteur \u00e9lectrique : 300 W<br \/>\n\u2022 Nombre de modes de fonctionnement : 8<br \/>\n(6 programmes + mode manuel + mode programmable)<br \/>\n\u2022 Productivit\u00e9 :<br \/>\n\u2022 120 cadres\/heure (selon le programme P5, avec un temps de chargement et de d\u00e9chargement d\u2019environ 1 minute)<br \/>\n\u2022 Courroie de la 1\u00e8re \u00e9tape de transmission :<br \/>\n\u2022 Section : 0<br \/>\n\u2022 Longueur : 1000 mm<br \/>\n\u2022 Courroie de la 2\u00e8me \u00e9tape de transmission :<br \/>\n\u2022 Longueur : 1000 mm<br \/>\n\u2022 Poids : maximum 65 kg<br \/>\n\u2022 Volume de miel accumul\u00e9 dans l&#8217;extracteur avant une vidange obligatoire :<br \/>\n\u2022 70kg de miel (jusqu&#8217;au niveau des rayons inf\u00e9rieurs du rotor)<br \/>\n\u2022 Angle de rotation des cassettes (\u03b1) : 53\u00b022&#8242;<br \/>\n\u2022 Distance entre l&#8217;axe de rotation de l&#8217;extracteur et le centre de la cassette (R) : 298 mm<\/p>\n<p>Caract\u00e9ristiques techniques compl\u00e8tes<br \/>\nDimensions principales<br \/>\n\u2022 Diam\u00e8tre du tambour : 900 mm<br \/>\n\u2022 Hauteur du tambour : 750 mm<br \/>\n\u2022 Hauteur totale avec support : 1110 mm<br \/>\n\u2022 Largeur totale : 1100 mm<br \/>\n\u2022 Largeur minimale de porte (pour transport d\u00e9mont\u00e9) : 1000 mm<br \/>\nParam\u00e8tres \u00e9lectriques<br \/>\n\u2022 Alimentation moteur : 24 V CC\/220v<br \/>\n\u2022 Puissance moteur : 300 W<br \/>\nPerformances<br \/>\n\u2022 Capacit\u00e9 de traitement (programme P5) : 170 cadres\/heure<br \/>\n\u2022 Volume de miel maximal entre vidanges : 120 L<br \/>\n\u2022 Angle de rotation des cadres : 41\u00b050&#8242;<br \/>\n\u2022 Distance axe de rotation \u2192 centre des cadres : 286 mm<br \/>\nCompatibilit\u00e9<br \/>\nTypes de cadres accept\u00e9s :<br \/>\n\u2022 Langstroth<br \/>\nAutres sp\u00e9cifications<br \/>\n\u2022 Masse maximale : 80 kg<br \/>\n\u2022 Modes de fonctionnement : 6 programmes pr\u00e9d\u00e9finis + mode manuel<br \/>\nAvantages cl\u00e9s :<br \/>\n\u2022 Conception compacte avec tambour optimis\u00e9<br \/>\n\u2022 S\u00e9curit\u00e9 \u00e9lectrique (basse tension 24V)<br \/>\n\u2022 Polyvalence d&#8217;utilisation (multi-cadres)<br \/>\n\u2022 Gestion programmable de l&#8217;extraction<br \/>\n\u2022 Conformit\u00e9 alimentaire (acier inox certifi\u00e9)<\/p>","protected":false},"excerpt":{"rendered":"<p>un extracteur automatique \u00e0 mouvement de va-et-vient con\u00e7u pour les cadres de type \u00ab Ruth \u00bb, \u00e9quip\u00e9 de cassettes auto-enveloppantes. Il est destin\u00e9 \u00e0 extraire le miel des cadres non opercul\u00e9s sous l&#8217;effet de la force centrifuge. Caract\u00e9ristiques techniques principales : \u2022 Tension d&#8217;alimentation du moteur \u00e9lectrique : \u2022 Type : courant continu \u2022 Tension&#8230;<\/p>","protected":false},"featured_media":3273,"comment_status":"open","ping_status":"closed","template":"","meta":{"_monsterinsights_skip_tracking":false,"_monsterinsights_sitenote_active":false,"_monsterinsights_sitenote_note":"","_monsterinsights_sitenote_category":0},"product_brand":[],"product_cat":[91],"product_tag":[],"class_list":{"0":"post-3275","1":"product","2":"type-product","3":"status-publish","4":"has-post-thumbnail","6":"product_cat-materiel-apicole","8":"first","9":"instock","10":"shipping-taxable","11":"purchasable","12":"product-type-simple"},"_links":{"self":[{"href":"https:\/\/briadamagri.com\/ar\/wp-json\/wp\/v2\/product\/3275","targetHints":{"allow":["GET"]}}],"collection":[{"href":"https:\/\/briadamagri.com\/ar\/wp-json\/wp\/v2\/product"}],"about":[{"href":"https:\/\/briadamagri.com\/ar\/wp-json\/wp\/v2\/types\/product"}],"replies":[{"embeddable":true,"href":"https:\/\/briadamagri.com\/ar\/wp-json\/wp\/v2\/comments?post=3275"}],"wp:featuredmedia":[{"embeddable":true,"href":"https:\/\/briadamagri.com\/ar\/wp-json\/wp\/v2\/media\/3273"}],"wp:attachment":[{"href":"https:\/\/briadamagri.com\/ar\/wp-json\/wp\/v2\/media?parent=3275"}],"wp:term":[{"taxonomy":"product_brand","embeddable":true,"href":"https:\/\/briadamagri.com\/ar\/wp-json\/wp\/v2\/product_brand?post=3275"},{"taxonomy":"product_cat","embeddable":true,"href":"https:\/\/briadamagri.com\/ar\/wp-json\/wp\/v2\/product_cat?post=3275"},{"taxonomy":"product_tag","embeddable":true,"href":"https:\/\/briadamagri.com\/ar\/wp-json\/wp\/v2\/product_tag?post=3275"}],"curies":[{"name":"wp","href":"https:\/\/api.w.org\/{rel}","templated":true}]}}