{"id":3399,"date":"2025-08-04T01:54:57","date_gmt":"2025-08-04T01:54:57","guid":{"rendered":"https:\/\/briadamagri.com\/?post_type=product&#038;p=3399"},"modified":"2026-03-09T17:08:11","modified_gmt":"2026-03-09T17:08:11","slug":"%d8%b1%d8%a7%d9%81%d8%b9%d8%a9-%d8%a5%d8%b7%d8%a7%d8%b1","status":"publish","type":"product","link":"https:\/\/briadamagri.com\/ar\/product\/%d8%b1%d8%a7%d9%81%d8%b9%d8%a9-%d8%a5%d8%b7%d8%a7%d8%b1\/","title":{"rendered":"\u0631\u0627\u0641\u0639\u0629 \u0625\u0637\u0627\u0631"},"content":{"rendered":"<p><span style=\"vertical-align: inherit;\"><span style=\"vertical-align: inherit;\">\u064a\u064f\u0639\u062f \u0646\u0638\u0627\u0645 \u0631\u0641\u0639 \u0627\u0644\u0625\u0637\u0627\u0631\u0627\u062a \u0627\u0644\u0623\u0645\u0631\u064a\u0643\u064a \u0636\u0631\u0648\u0631\u064a\u064b\u0627 \u0644\u062c\u0645\u064a\u0639 \u0645\u0631\u0628\u064a \u0627\u0644\u0646\u062d\u0644\u060c \u0648\u0647\u0648 \u0645\u0635\u0645\u0645 \u0644\u062a\u0628\u0633\u064a\u0637 \u0625\u062f\u0627\u0631\u0629 \u062e\u0644\u0627\u064a\u0627 \u0627\u0644\u0646\u062d\u0644 \u0648\u0636\u0645\u0627\u0646 \u0627\u0644\u062a\u0634\u063a\u064a\u0644 \u0627\u0644\u0633\u0644\u0633.<\/span><\/span><\/p>\n<ul>\n<li><span style=\"vertical-align: inherit;\"><span style=\"vertical-align: inherit;\">\u0628\u0648\u0644\u064a\u0641\u0627\u0644\u064a\u0646\u0632\u0627\u060c \u062d\u0627\u0641\u0629 \u0643\u0634\u0637 \u0645\u0634\u0637\u0648\u0641\u0629\u060c \u0641\u062a\u062d\u0629 \u0644\u0633\u062d\u0628 \u0627\u0644\u0645\u0633\u0627\u0645\u064a\u0631\u060c \u0637\u0631\u0641 \u0628\u0632\u0627\u0648\u064a\u0629 \u0644\u0625\u0632\u0627\u0644\u0629 \u0627\u0644\u0625\u0637\u0627\u0631.<\/span><\/span><\/li>\n<\/ul>","protected":false},"excerpt":{"rendered":"<p>L\u00e8ve cadre Am\u00e9ricain \u00e8 un incontournable per tutti gli apicoltori, pensato per semplificare i tuoi compiti di gestione delle ruche e garantire un funzionamento fluido. Polivalenza, Bordo di grattage biseaut\u00e9, Trou d&#8217;arrachage des clous, Extr\u00e9mit\u00e9 coud\u00e9e pour le retrait du cadre.<\/p>","protected":false},"featured_media":3413,"comment_status":"open","ping_status":"closed","template":"","meta":{"_monsterinsights_skip_tracking":false,"_monsterinsights_sitenote_active":false,"_monsterinsights_sitenote_note":"","_monsterinsights_sitenote_category":0},"product_brand":[],"product_cat":[91],"product_tag":[],"class_list":{"0":"post-3399","1":"product","2":"type-product","3":"status-publish","4":"has-post-thumbnail","6":"product_cat-materiel-apicole","8":"first","9":"instock","10":"shipping-taxable","11":"purchasable","12":"product-type-simple"},"_links":{"self":[{"href":"https:\/\/briadamagri.com\/ar\/wp-json\/wp\/v2\/product\/3399","targetHints":{"allow":["GET"]}}],"collection":[{"href":"https:\/\/briadamagri.com\/ar\/wp-json\/wp\/v2\/product"}],"about":[{"href":"https:\/\/briadamagri.com\/ar\/wp-json\/wp\/v2\/types\/product"}],"replies":[{"embeddable":true,"href":"https:\/\/briadamagri.com\/ar\/wp-json\/wp\/v2\/comments?post=3399"}],"wp:featuredmedia":[{"embeddable":true,"href":"https:\/\/briadamagri.com\/ar\/wp-json\/wp\/v2\/media\/3413"}],"wp:attachment":[{"href":"https:\/\/briadamagri.com\/ar\/wp-json\/wp\/v2\/media?parent=3399"}],"wp:term":[{"taxonomy":"product_brand","embeddable":true,"href":"https:\/\/briadamagri.com\/ar\/wp-json\/wp\/v2\/product_brand?post=3399"},{"taxonomy":"product_cat","embeddable":true,"href":"https:\/\/briadamagri.com\/ar\/wp-json\/wp\/v2\/product_cat?post=3399"},{"taxonomy":"product_tag","embeddable":true,"href":"https:\/\/briadamagri.com\/ar\/wp-json\/wp\/v2\/product_tag?post=3399"}],"curies":[{"name":"wp","href":"https:\/\/api.w.org\/{rel}","templated":true}]}}