{"id":3406,"date":"2025-08-09T20:55:07","date_gmt":"2025-08-09T20:55:07","guid":{"rendered":"https:\/\/briadamagri.com\/?post_type=product&#038;p=3406"},"modified":"2025-08-14T13:36:00","modified_gmt":"2025-08-14T13:36:00","slug":"ligne-automatique-de-fabrication-de-feuille-de-cire-dabeille-laminer","status":"publish","type":"product","link":"https:\/\/briadamagri.com\/ar\/product\/ligne-automatique-de-fabrication-de-feuille-de-cire-dabeille-laminer\/","title":{"rendered":"\u062e\u0637 \u0625\u0646\u062a\u0627\u062c \u0622\u0644\u064a \u0644\u062a\u063a\u0644\u064a\u0641 \u0635\u0641\u0627\u0626\u062d \u0634\u0645\u0639 \u0627\u0644\u0639\u0633\u0644"},"content":{"rendered":"<p><span style=\"vertical-align: inherit;\"><span style=\"vertical-align: inherit;\">ABB-100 LLC propone unit\u00e0 di alte prestazioni all&#8217;avanguardia per la produzione di birra di qualit\u00e0. La storia dello sviluppo delle unit\u00e0 inizia alla fine del 19\u00e8me si\u00e8cle e la loro concezione \u00e8 constamment am\u00e9lior\u00e9e. Nel corso di numerosi decenni, queste unit\u00e0 sono state fabbricate in modo unico dalla nostra societ\u00e0 e hanno fatto i loro preuves in molti paesi. Ils ont de hautes performance, fiabilit\u00e9. E soprattutto, la cire obtenue est de haute qualit\u00e9. <\/span><\/span><br \/>\n<span style=\"vertical-align: inherit;\"><span style=\"vertical-align: inherit;\">Le unit\u00e0 di produzione AVV-100 sono impiantate nei paesi seguenti: Ucraina, Polonia, Lettonia, Lituania, Francia, Spagna, Germania, Russia, Arm\u00e9nia, Azerba\u00efdjan, Georgia, Kazakistan, Ouzb\u00e9kistan, Bulgaria, Estonia, Romania, Moldavia, Slovacchia, Macedonia, Libano, Slov\u00e9nie, Giappone, Cina e Marocco. <\/span><\/span><br \/>\n<span style=\"vertical-align: inherit;\"><span style=\"vertical-align: inherit;\">Sur cet \u00e9quipement, contrairement aux technologies simplifi\u00e9es, on fabrique une cire qui r\u00e9pond \u00e0 toutes les exigences. Ci\u00f2 \u00e8 possibile grazie alla presenza di una camera di compressione speciale sulla macchina che forma dei rubati e di un dispositivo di tensione separato sul laminato. <\/span><\/span><br \/>\n<span style=\"vertical-align: inherit;\"><span style=\"vertical-align: inherit;\">A causa del passaggio della cenere attraverso la camera di compressione, essa \u00e8 compattata, la sua composizione \u00e8 allineata su tutta la tranche del rubano di cera. Questo contribuisce a raggiungere la resistenza, l&#8217;elasticit\u00e0 e la durezza richieste, ci\u00f2 che \u00e8 importante per la pratica sostituzione della ruche dans la ruche durante la stagione calda e durante il pompaggio del miele. Nella sortita della camera di compressione, utilizzando diversi inserti, \u00e8 possibile ottenere un nastro di cera di una larghezza di 100 &#8230; 260 mm. <\/span><\/span><br \/>\n<span style=\"vertical-align: inherit;\"><span style=\"vertical-align: inherit;\">La dimensione e la forma esatta della cellula sono ottenute sul lamino attraverso un dispositivo di tensione che controlla la tensione del nastro, ordinata dai rulli e regolata lungo la lunghezza della cellula, poich\u00e9 i parametri termotecnici ambientali influiscono considerevolmente su questa dimensione. La lunghezza dei fogli di lama pu\u00f2 essere regolata anche da 300 mm a 500 mm regolando il meccanismo del cambio o cambiando la coppia di ingranaggi. <\/span><\/span><br \/>\n<span style=\"vertical-align: inherit;\"><span style=\"vertical-align: inherit;\">Le plus petit espace pour l&#8217;unit\u00e9 est de 20 m2.<\/span><\/span><\/p>","protected":false},"excerpt":{"rendered":"<p>ABB-100 LLC propone unit\u00e0 di alte prestazioni all&#8217;avanguardia per la produzione di birra di qualit\u00e0. La storia dello sviluppo delle unit\u00e0 inizia alla fine del 19\u00e8me si\u00e8cle e la loro concezione \u00e8 constamment am\u00e9lior\u00e9e. Nel corso di numerosi decenni, queste unit\u00e0 sono state fabbricate in modo unico dalla nostra societ\u00e0 e hanno fatto i loro&#8230;<\/p>","protected":false},"featured_media":3409,"comment_status":"open","ping_status":"closed","template":"","meta":{"_monsterinsights_skip_tracking":false,"_monsterinsights_sitenote_active":false,"_monsterinsights_sitenote_note":"","_monsterinsights_sitenote_category":0},"product_brand":[],"product_cat":[91],"product_tag":[],"class_list":{"0":"post-3406","1":"product","2":"type-product","3":"status-publish","4":"has-post-thumbnail","6":"product_cat-materiel-apicole","8":"first","9":"instock","10":"shipping-taxable","11":"product-type-simple"},"_links":{"self":[{"href":"https:\/\/briadamagri.com\/ar\/wp-json\/wp\/v2\/product\/3406","targetHints":{"allow":["GET"]}}],"collection":[{"href":"https:\/\/briadamagri.com\/ar\/wp-json\/wp\/v2\/product"}],"about":[{"href":"https:\/\/briadamagri.com\/ar\/wp-json\/wp\/v2\/types\/product"}],"replies":[{"embeddable":true,"href":"https:\/\/briadamagri.com\/ar\/wp-json\/wp\/v2\/comments?post=3406"}],"wp:featuredmedia":[{"embeddable":true,"href":"https:\/\/briadamagri.com\/ar\/wp-json\/wp\/v2\/media\/3409"}],"wp:attachment":[{"href":"https:\/\/briadamagri.com\/ar\/wp-json\/wp\/v2\/media?parent=3406"}],"wp:term":[{"taxonomy":"product_brand","embeddable":true,"href":"https:\/\/briadamagri.com\/ar\/wp-json\/wp\/v2\/product_brand?post=3406"},{"taxonomy":"product_cat","embeddable":true,"href":"https:\/\/briadamagri.com\/ar\/wp-json\/wp\/v2\/product_cat?post=3406"},{"taxonomy":"product_tag","embeddable":true,"href":"https:\/\/briadamagri.com\/ar\/wp-json\/wp\/v2\/product_tag?post=3406"}],"curies":[{"name":"wp","href":"https:\/\/api.w.org\/{rel}","templated":true}]}}