{"id":3414,"date":"2025-08-14T13:42:20","date_gmt":"2025-08-14T13:42:20","guid":{"rendered":"https:\/\/briadamagri.com\/?post_type=product&#038;p=3414"},"modified":"2026-03-09T17:01:33","modified_gmt":"2026-03-09T17:01:33","slug":"brosse-a-abeilles-en-nylon","status":"publish","type":"product","link":"https:\/\/briadamagri.com\/ar\/product\/brosse-a-abeilles-en-nylon\/","title":{"rendered":"\u0641\u0631\u0634\u0627\u0629 \u0646\u062d\u0644 \u0645\u0646 \u0627\u0644\u0646\u0627\u064a\u0644\u0648\u0646"},"content":{"rendered":"<h3><strong><span style=\"vertical-align: inherit;\"><span style=\"vertical-align: inherit;\"><span style=\"vertical-align: inherit;\"><span style=\"vertical-align: inherit;\">Brosse \u00e0 abeilles en nylon: conforto e dolcezza al servizio dell&#8217;apicoltura<\/span><\/span><\/span><\/span><\/strong><\/h3>\n<ul>\n<li><strong><span style=\"vertical-align: inherit;\"><span style=\"vertical-align: inherit;\"><span style=\"vertical-align: inherit;\"><span style=\"vertical-align: inherit;\">Manica ergonomica<\/span><\/span><\/span><\/span><\/strong><span style=\"vertical-align: inherit;\"><span style=\"vertical-align: inherit;\"><span style=\"vertical-align: inherit;\"><span style=\"vertical-align: inherit;\"> : Realizzato in legno naturale, offre un premio in termini di comfort e sicurezza, ideale per un utilizzo prolungato.<\/span><\/span><\/span><\/span><\/li>\n<li><strong><span style=\"vertical-align: inherit;\"><span style=\"vertical-align: inherit;\"><span style=\"vertical-align: inherit;\"><span style=\"vertical-align: inherit;\">Poils souples en nylon<\/span><\/span><\/span><\/span><\/strong><span style=\"vertical-align: inherit;\"><span style=\"vertical-align: inherit;\"><span style=\"vertical-align: inherit;\"><span style=\"vertical-align: inherit;\"> : Con\u00e7us pour \u00eatre doux et non agressifs, ils permettent di balayer d\u00e9licatement les abeilles sans les blesser ni les stresser.<\/span><\/span><\/span><\/span><\/li>\n<li><strong><span style=\"vertical-align: inherit;\"><span style=\"vertical-align: inherit;\"><span style=\"vertical-align: inherit;\"><span style=\"vertical-align: inherit;\">Utilizzo apicole<\/span><\/span><\/span><\/span><\/strong><span style=\"vertical-align: inherit;\"><span style=\"vertical-align: inherit;\"><span style=\"vertical-align: inherit;\"><span style=\"vertical-align: inherit;\"> : Parfaite pour retirer les abeilles pos\u00e9es sur les cadres de ruche lors des manipolations, tout en pr\u00e9servant leur tranquillit\u00e9.<\/span><\/span><\/span><\/span><\/li>\n<li><strong><span style=\"vertical-align: inherit;\"><span style=\"vertical-align: inherit;\"><span style=\"vertical-align: inherit;\"><span style=\"vertical-align: inherit;\">Dimensioni<\/span><\/span><\/span><\/span><\/strong><span style=\"vertical-align: inherit;\"><span style=\"vertical-align: inherit;\"><span style=\"vertical-align: inherit;\"><span style=\"vertical-align: inherit;\"> : lunghezza totale di 46 cm, garantendo una porta pratica e una manegevolezza ottimale.<\/span><\/span><\/span><\/span><\/li>\n<\/ul>","protected":false},"excerpt":{"rendered":"<p>Brosse \u00e0 abeilles en nylon: conforto e dolcezza al servizio dell&#8217;apicoltura Manica ergonomica : Realizzato in legno naturale, offre un premio in termini di comfort e sicurezza, ideale per un utilizzo prolungato. Poils souples en nylon : Con\u00e7us pour \u00eatre doux et non agressifs, ils permettent di balayer d\u00e9licatement les abeilles sans les blesser ni&#8230;<\/p>","protected":false},"featured_media":3415,"comment_status":"closed","ping_status":"closed","template":"","meta":{"_monsterinsights_skip_tracking":false,"_monsterinsights_sitenote_active":false,"_monsterinsights_sitenote_note":"","_monsterinsights_sitenote_category":0},"product_brand":[],"product_cat":[91],"product_tag":[],"class_list":{"0":"post-3414","1":"product","2":"type-product","3":"status-publish","4":"has-post-thumbnail","6":"product_cat-materiel-apicole","8":"first","9":"instock","10":"shipping-taxable","11":"purchasable","12":"product-type-simple"},"_links":{"self":[{"href":"https:\/\/briadamagri.com\/ar\/wp-json\/wp\/v2\/product\/3414","targetHints":{"allow":["GET"]}}],"collection":[{"href":"https:\/\/briadamagri.com\/ar\/wp-json\/wp\/v2\/product"}],"about":[{"href":"https:\/\/briadamagri.com\/ar\/wp-json\/wp\/v2\/types\/product"}],"replies":[{"embeddable":true,"href":"https:\/\/briadamagri.com\/ar\/wp-json\/wp\/v2\/comments?post=3414"}],"wp:featuredmedia":[{"embeddable":true,"href":"https:\/\/briadamagri.com\/ar\/wp-json\/wp\/v2\/media\/3415"}],"wp:attachment":[{"href":"https:\/\/briadamagri.com\/ar\/wp-json\/wp\/v2\/media?parent=3414"}],"wp:term":[{"taxonomy":"product_brand","embeddable":true,"href":"https:\/\/briadamagri.com\/ar\/wp-json\/wp\/v2\/product_brand?post=3414"},{"taxonomy":"product_cat","embeddable":true,"href":"https:\/\/briadamagri.com\/ar\/wp-json\/wp\/v2\/product_cat?post=3414"},{"taxonomy":"product_tag","embeddable":true,"href":"https:\/\/briadamagri.com\/ar\/wp-json\/wp\/v2\/product_tag?post=3414"}],"curies":[{"name":"wp","href":"https:\/\/api.w.org\/{rel}","templated":true}]}}