{"id":3416,"date":"2025-08-14T13:49:59","date_gmt":"2025-08-14T13:49:59","guid":{"rendered":"https:\/\/briadamagri.com\/?post_type=product&#038;p=3416"},"modified":"2025-08-14T13:49:59","modified_gmt":"2025-08-14T13:49:59","slug":"pince-pour-cadre","status":"publish","type":"product","link":"https:\/\/briadamagri.com\/ar\/product\/pince-pour-cadre\/","title":{"rendered":"\u0645\u0634\u0628\u0643 \u0627\u0644\u0625\u0637\u0627\u0631"},"content":{"rendered":"<h3><strong>Pince \u00e0 cadre \u2013 maniabilit\u00e9 et efficacit\u00e9 pour tous les apiculteurs<\/strong><\/h3>\n<ul>\n<li><strong>Compatibilit\u00e9 universelle<\/strong> : Con\u00e7ue pour s\u2019adapter \u00e0 tous les mod\u00e8les de cadres, elle facilite les manipulations quel que soit le type de ruche.<\/li>\n<li><strong>Prise en main ergonomique<\/strong> : Son design \u00e9tudi\u00e9 offre une tenue confortable, r\u00e9duisant la fatigue m\u00eame lors d\u2019une utilisation prolong\u00e9e.<\/li>\n<li><strong>Effort minimal<\/strong> : Gr\u00e2ce \u00e0 son m\u00e9canisme fluide, elle permet de saisir les cadres avec pr\u00e9cision et sans forcer, pour un travail rapide et s\u00e9curis\u00e9.<\/li>\n<\/ul>\n<div><\/div>","protected":false},"excerpt":{"rendered":"<p>Pince \u00e0 cadre \u2013 maniabilit\u00e9 et efficacit\u00e9 pour tous les apiculteurs Compatibilit\u00e9 universelle : Con\u00e7ue pour s\u2019adapter \u00e0 tous les mod\u00e8les de cadres, elle facilite les manipulations quel que soit le type de ruche. Prise en main ergonomique : Son design \u00e9tudi\u00e9 offre une tenue confortable, r\u00e9duisant la fatigue m\u00eame lors d\u2019une utilisation prolong\u00e9e. Effort&#8230;<\/p>","protected":false},"featured_media":3417,"comment_status":"open","ping_status":"closed","template":"","meta":{"_monsterinsights_skip_tracking":false,"_monsterinsights_sitenote_active":false,"_monsterinsights_sitenote_note":"","_monsterinsights_sitenote_category":0},"product_brand":[],"product_cat":[91],"product_tag":[],"class_list":{"0":"post-3416","1":"product","2":"type-product","3":"status-publish","4":"has-post-thumbnail","6":"product_cat-materiel-apicole","8":"first","9":"instock","10":"shipping-taxable","11":"product-type-simple"},"_links":{"self":[{"href":"https:\/\/briadamagri.com\/ar\/wp-json\/wp\/v2\/product\/3416","targetHints":{"allow":["GET"]}}],"collection":[{"href":"https:\/\/briadamagri.com\/ar\/wp-json\/wp\/v2\/product"}],"about":[{"href":"https:\/\/briadamagri.com\/ar\/wp-json\/wp\/v2\/types\/product"}],"replies":[{"embeddable":true,"href":"https:\/\/briadamagri.com\/ar\/wp-json\/wp\/v2\/comments?post=3416"}],"wp:featuredmedia":[{"embeddable":true,"href":"https:\/\/briadamagri.com\/ar\/wp-json\/wp\/v2\/media\/3417"}],"wp:attachment":[{"href":"https:\/\/briadamagri.com\/ar\/wp-json\/wp\/v2\/media?parent=3416"}],"wp:term":[{"taxonomy":"product_brand","embeddable":true,"href":"https:\/\/briadamagri.com\/ar\/wp-json\/wp\/v2\/product_brand?post=3416"},{"taxonomy":"product_cat","embeddable":true,"href":"https:\/\/briadamagri.com\/ar\/wp-json\/wp\/v2\/product_cat?post=3416"},{"taxonomy":"product_tag","embeddable":true,"href":"https:\/\/briadamagri.com\/ar\/wp-json\/wp\/v2\/product_tag?post=3416"}],"curies":[{"name":"wp","href":"https:\/\/api.w.org\/{rel}","templated":true}]}}