{"id":3421,"date":"2025-08-17T13:33:19","date_gmt":"2025-08-17T13:33:19","guid":{"rendered":"https:\/\/briadamagri.com\/?post_type=product&#038;p=3421"},"modified":"2025-08-17T13:38:39","modified_gmt":"2025-08-17T13:38:39","slug":"matuarteur-de-miel-100kg","status":"publish","type":"product","link":"https:\/\/briadamagri.com\/ar\/product\/matuarteur-de-miel-100kg\/","title":{"rendered":"\u0645\u064f\u0646\u0636\u062c \u0627\u0644\u0639\u0633\u0644 100 \u0643\u062c\u0645"},"content":{"rendered":"<p><strong><span dir=\"auto\" style=\"vertical-align: inherit;\"><span dir=\"auto\" style=\"vertical-align: inherit;\">Maturateur \u00e0 miel d&#8217;une capacit\u00e9 de 100 kg, enti\u00e8rement fabriqu\u00e9 en acier inoxydable AISI 304, conforme aux normes alimentaires.<\/span><\/span><\/strong><\/p>\n<ul>\n<li><strong><span dir=\"auto\" style=\"vertical-align: inherit;\"><span dir=\"auto\" style=\"vertical-align: inherit;\">\u00c9quip\u00e9 d&#8217;un couvercle, de robinets en acier inoxydable ou en plastique, et de deux points de levage pour faciliter la manutention.<\/span><\/span><\/strong><\/li>\n<li><strong><span dir=\"auto\" style=\"vertical-align: inherit;\"><span dir=\"auto\" style=\"vertical-align: inherit;\">Soudure r\u00e9alis\u00e9e \u00e0 l&#8217;argon, garantissant une finition hygi\u00e9nique et durable.<\/span><\/span><\/strong><\/li>\n<li><strong><span dir=\"auto\" style=\"vertical-align: inherit;\"><span dir=\"auto\" style=\"vertical-align: inherit;\">Inclinaison optimis\u00e9e pour faciliter l&#8217;\u00e9coulement du miel.<\/span><\/span><\/strong><\/li>\n<li><strong><span dir=\"auto\" style=\"vertical-align: inherit;\"><span dir=\"auto\" style=\"vertical-align: inherit;\">Filtre int\u00e9gr\u00e9 en acier inoxydable, adapt\u00e9 au diam\u00e8tre du maturateur.<\/span><\/span><\/strong><\/li>\n<\/ul>\n<div><\/div>\n<h3><strong>\ud83d\udccf<span dir=\"auto\" style=\"vertical-align: inherit;\"><span dir=\"auto\" style=\"vertical-align: inherit;\">Dimensions<\/span><\/span><\/strong><\/h3>\n<ul>\n<li><strong><span dir=\"auto\" style=\"vertical-align: inherit;\"><span dir=\"auto\" style=\"vertical-align: inherit;\">Diam\u00e8tre : 370 mm<\/span><\/span><\/strong><\/li>\n<li><strong><span dir=\"auto\" style=\"vertical-align: inherit;\"><span dir=\"auto\" style=\"vertical-align: inherit;\">Hauteur : 730 mm<\/span><\/span><\/strong><\/li>\n<li><strong><span dir=\"auto\" style=\"vertical-align: inherit;\"><span dir=\"auto\" style=\"vertical-align: inherit;\">Diam\u00e8tre du robinet : 40 mm<\/span><\/span><\/strong><\/li>\n<\/ul>\n<div><\/div>","protected":false},"excerpt":{"rendered":"<p>Maturateur \u00e0 miel d&#8217;une capacit\u00e9 de 100 kg, enti\u00e8rement fabriqu\u00e9 en acier inoxydable AISI 304, conforme aux normes alimentaires. \u00c9quip\u00e9 d&#8217;un couvercle, de robinets en acier inoxydable ou en plastique, et de deux points de levage pour faciliter la manutention. Soudure r\u00e9alis\u00e9e \u00e0 l&#8217;argon, garantissant une finition hygi\u00e9nique et durable. Inclinaison optimis\u00e9e pour faciliter l&#8217;\u00e9coulement&#8230;<\/p>","protected":false},"featured_media":3420,"comment_status":"open","ping_status":"closed","template":"","meta":{"_monsterinsights_skip_tracking":false,"_monsterinsights_sitenote_active":false,"_monsterinsights_sitenote_note":"","_monsterinsights_sitenote_category":0},"product_brand":[],"product_cat":[91],"product_tag":[],"class_list":{"0":"post-3421","1":"product","2":"type-product","3":"status-publish","4":"has-post-thumbnail","6":"product_cat-materiel-apicole","8":"first","9":"instock","10":"sale","11":"shipping-taxable","12":"purchasable","13":"product-type-simple"},"_links":{"self":[{"href":"https:\/\/briadamagri.com\/ar\/wp-json\/wp\/v2\/product\/3421","targetHints":{"allow":["GET"]}}],"collection":[{"href":"https:\/\/briadamagri.com\/ar\/wp-json\/wp\/v2\/product"}],"about":[{"href":"https:\/\/briadamagri.com\/ar\/wp-json\/wp\/v2\/types\/product"}],"replies":[{"embeddable":true,"href":"https:\/\/briadamagri.com\/ar\/wp-json\/wp\/v2\/comments?post=3421"}],"wp:featuredmedia":[{"embeddable":true,"href":"https:\/\/briadamagri.com\/ar\/wp-json\/wp\/v2\/media\/3420"}],"wp:attachment":[{"href":"https:\/\/briadamagri.com\/ar\/wp-json\/wp\/v2\/media?parent=3421"}],"wp:term":[{"taxonomy":"product_brand","embeddable":true,"href":"https:\/\/briadamagri.com\/ar\/wp-json\/wp\/v2\/product_brand?post=3421"},{"taxonomy":"product_cat","embeddable":true,"href":"https:\/\/briadamagri.com\/ar\/wp-json\/wp\/v2\/product_cat?post=3421"},{"taxonomy":"product_tag","embeddable":true,"href":"https:\/\/briadamagri.com\/ar\/wp-json\/wp\/v2\/product_tag?post=3421"}],"curies":[{"name":"wp","href":"https:\/\/api.w.org\/{rel}","templated":true}]}}