{"id":3427,"date":"2025-08-17T14:00:33","date_gmt":"2025-08-17T14:00:33","guid":{"rendered":"https:\/\/briadamagri.com\/?post_type=product&#038;p=3427"},"modified":"2025-08-17T14:00:33","modified_gmt":"2025-08-17T14:00:33","slug":"maturateur-200kg-rechauffe","status":"publish","type":"product","link":"https:\/\/briadamagri.com\/ar\/product\/maturateur-200kg-rechauffe\/","title":{"rendered":"\u062e\u0632\u0627\u0646 \u0646\u0636\u062c \u0645\u064f\u062f\u0641\u0623 \u0628\u0633\u0639\u0629 200 \u0643\u062c\u0645."},"content":{"rendered":"<h3>Matuarteur r\u00e9chauff\u00e9 pour miel \u2013 Capacit\u00e9 150 litres (200 kg)<\/h3>\n<p>Le Maturateur est con\u00e7u pour le <strong>stockage de miel d\u2019abeille<\/strong> d\u2019un volume allant jusqu\u2019\u00e0 <strong>150 litres<\/strong>, soit environ <strong>200 kg<\/strong>. Il peut \u00e9galement \u00eatre utilis\u00e9 pour conserver d\u2019autres liquides alimentaires tels que <strong>l\u2019eau, le lait, l\u2019huile<\/strong>, etc.<\/p>\n<ul>\n<li><strong>Mat\u00e9riau<\/strong> : Fabriqu\u00e9 en <strong>acier inoxydable alimentaire AISI 304<\/strong>, garantissant une excellente r\u00e9sistance \u00e0 la corrosion et une conformit\u00e9 aux normes sanitaires.<\/li>\n<li><strong>\u00c9paisseur du m\u00e9tal<\/strong> :\n<ul>\n<li><strong>Fond<\/strong> : 1 mm<\/li>\n<li><strong>Cylindre<\/strong> : 0,8 mm<\/li>\n<li><strong>Alimentation<\/strong> 220v\/12v<\/li>\n<\/ul>\n<\/li>\n<\/ul>\n<div><\/div>\n<h3>\u00a0Instructions d\u2019utilisation<\/h3>\n<p>Avant la premi\u00e8re utilisation, il est recommand\u00e9 de <strong>laver le bac \u00e0 l\u2019eau chaude<\/strong> puis de le <strong>s\u00e9cher soigneusement<\/strong>. Remplir le bac avec la quantit\u00e9 souhait\u00e9e de miel (sans d\u00e9passer 150 litres), puis le placer dans un endroit adapt\u00e9 pour le stockage. Le <strong>vidage du miel<\/strong> s\u2019effectue \u00e0 l\u2019aide du <strong>robinet<\/strong> int\u00e9gr\u00e9.<\/p>\n<p>Apr\u00e8s chaque utilisation, <strong>nettoyer \u00e0 l\u2019eau chaude<\/strong> et <strong>s\u00e9cher compl\u00e8tement<\/strong>. Le bac doit \u00eatre conserv\u00e9 dans un <strong>local ferm\u00e9 et sec<\/strong>.<\/p>\n<div><\/div>","protected":false},"excerpt":{"rendered":"<p>Matuarteur r\u00e9chauff\u00e9 pour miel \u2013 Capacit\u00e9 150 litres (200 kg) Le Maturateur est con\u00e7u pour le stockage de miel d\u2019abeille d\u2019un volume allant jusqu\u2019\u00e0 150 litres, soit environ 200 kg. Il peut \u00e9galement \u00eatre utilis\u00e9 pour conserver d\u2019autres liquides alimentaires tels que l\u2019eau, le lait, l\u2019huile, etc. Mat\u00e9riau : Fabriqu\u00e9 en acier inoxydable alimentaire AISI&#8230;<\/p>","protected":false},"featured_media":3428,"comment_status":"open","ping_status":"closed","template":"","meta":{"_monsterinsights_skip_tracking":false,"_monsterinsights_sitenote_active":false,"_monsterinsights_sitenote_note":"","_monsterinsights_sitenote_category":0},"product_brand":[],"product_cat":[91],"product_tag":[],"class_list":{"0":"post-3427","1":"product","2":"type-product","3":"status-publish","4":"has-post-thumbnail","6":"product_cat-materiel-apicole","8":"first","9":"instock","10":"sale","11":"shipping-taxable","12":"purchasable","13":"product-type-simple"},"_links":{"self":[{"href":"https:\/\/briadamagri.com\/ar\/wp-json\/wp\/v2\/product\/3427","targetHints":{"allow":["GET"]}}],"collection":[{"href":"https:\/\/briadamagri.com\/ar\/wp-json\/wp\/v2\/product"}],"about":[{"href":"https:\/\/briadamagri.com\/ar\/wp-json\/wp\/v2\/types\/product"}],"replies":[{"embeddable":true,"href":"https:\/\/briadamagri.com\/ar\/wp-json\/wp\/v2\/comments?post=3427"}],"wp:featuredmedia":[{"embeddable":true,"href":"https:\/\/briadamagri.com\/ar\/wp-json\/wp\/v2\/media\/3428"}],"wp:attachment":[{"href":"https:\/\/briadamagri.com\/ar\/wp-json\/wp\/v2\/media?parent=3427"}],"wp:term":[{"taxonomy":"product_brand","embeddable":true,"href":"https:\/\/briadamagri.com\/ar\/wp-json\/wp\/v2\/product_brand?post=3427"},{"taxonomy":"product_cat","embeddable":true,"href":"https:\/\/briadamagri.com\/ar\/wp-json\/wp\/v2\/product_cat?post=3427"},{"taxonomy":"product_tag","embeddable":true,"href":"https:\/\/briadamagri.com\/ar\/wp-json\/wp\/v2\/product_tag?post=3427"}],"curies":[{"name":"wp","href":"https:\/\/api.w.org\/{rel}","templated":true}]}}