{"id":3482,"date":"2025-10-12T18:29:54","date_gmt":"2025-10-12T18:29:54","guid":{"rendered":"https:\/\/briadamagri.com\/product\/la-cuve\/"},"modified":"2025-10-12T18:29:54","modified_gmt":"2025-10-12T18:29:54","slug":"la-cuve","status":"publish","type":"product","link":"https:\/\/briadamagri.com\/ar\/product\/la-cuve\/","title":{"rendered":"\u0627\u0644\u062e\u0632\u0627\u0646"},"content":{"rendered":"<p>Une cuve \u00e0 miel peut d\u00e9signer un maturateur, un grand r\u00e9cipient en inox ou en plastique o\u00f9 le miel est filtr\u00e9 apr\u00e8s l&#8217;extraction pour s\u00e9parer les impuret\u00e9s<\/p>","protected":false},"excerpt":{"rendered":"<p>Une cuve \u00e0 miel peut d\u00e9signer un maturateur, un grand r\u00e9cipient en inox ou en plastique o\u00f9 le miel est filtr\u00e9 apr\u00e8s l&#8217;extraction pour s\u00e9parer les impuret\u00e9s<\/p>","protected":false},"featured_media":3481,"comment_status":"open","ping_status":"closed","template":"","meta":{"_monsterinsights_skip_tracking":false,"_monsterinsights_sitenote_active":false,"_monsterinsights_sitenote_note":"","_monsterinsights_sitenote_category":0},"product_brand":[],"product_cat":[91],"product_tag":[],"class_list":{"0":"post-3482","1":"product","2":"type-product","3":"status-publish","4":"has-post-thumbnail","6":"product_cat-materiel-apicole","8":"first","9":"instock","10":"shipping-taxable","11":"purchasable","12":"product-type-simple"},"_links":{"self":[{"href":"https:\/\/briadamagri.com\/ar\/wp-json\/wp\/v2\/product\/3482","targetHints":{"allow":["GET"]}}],"collection":[{"href":"https:\/\/briadamagri.com\/ar\/wp-json\/wp\/v2\/product"}],"about":[{"href":"https:\/\/briadamagri.com\/ar\/wp-json\/wp\/v2\/types\/product"}],"replies":[{"embeddable":true,"href":"https:\/\/briadamagri.com\/ar\/wp-json\/wp\/v2\/comments?post=3482"}],"wp:featuredmedia":[{"embeddable":true,"href":"https:\/\/briadamagri.com\/ar\/wp-json\/wp\/v2\/media\/3481"}],"wp:attachment":[{"href":"https:\/\/briadamagri.com\/ar\/wp-json\/wp\/v2\/media?parent=3482"}],"wp:term":[{"taxonomy":"product_brand","embeddable":true,"href":"https:\/\/briadamagri.com\/ar\/wp-json\/wp\/v2\/product_brand?post=3482"},{"taxonomy":"product_cat","embeddable":true,"href":"https:\/\/briadamagri.com\/ar\/wp-json\/wp\/v2\/product_cat?post=3482"},{"taxonomy":"product_tag","embeddable":true,"href":"https:\/\/briadamagri.com\/ar\/wp-json\/wp\/v2\/product_tag?post=3482"}],"curies":[{"name":"wp","href":"https:\/\/api.w.org\/{rel}","templated":true}]}}