{"id":3487,"date":"2025-10-21T19:02:09","date_gmt":"2025-10-21T19:02:09","guid":{"rendered":"https:\/\/briadamagri.com\/?post_type=product&#038;p=3487"},"modified":"2026-03-03T21:51:25","modified_gmt":"2026-03-03T21:51:25","slug":"leve-cadres-pince-avec-levier-acier-120-mm","status":"publish","type":"product","link":"https:\/\/briadamagri.com\/ar\/product\/leve-cadres-pince-avec-levier-acier-120-mm\/","title":{"rendered":"\u0631\u0627\u0641\u0639\u0629 \u0625\u0637\u0627\u0631 \u0645\u0632\u0648\u062f\u0629 \u0628\u0645\u0634\u0628\u0643 \u0648\u0631\u0627\u0641\u0639\u0629 - \u0641\u0648\u0644\u0627\u0630 - 120 \u0645\u0645"},"content":{"rendered":"<p>Cette pince pour cadres est \u00e9quip\u00e9e d&#8217;un levier l\u00e8ve-cadres. C&#8217;est un outil multifonction qui a une tr\u00e8s bonne prise en main. Gr\u00e2ce \u00e0 son ressort souple, sa manipulation n\u00e9cessite peu de force.<\/p>","protected":false},"excerpt":{"rendered":"<p>Cette pince pour cadres est \u00e9quip\u00e9e d&#8217;un levier l\u00e8ve-cadres. C&#8217;est un outil multifonction qui a une tr\u00e8s bonne prise en main. Gr\u00e2ce \u00e0 son ressort souple, sa manipulation n\u00e9cessite peu de force.<\/p>","protected":false},"featured_media":3563,"comment_status":"open","ping_status":"closed","template":"","meta":{"_monsterinsights_skip_tracking":false,"_monsterinsights_sitenote_active":false,"_monsterinsights_sitenote_note":"","_monsterinsights_sitenote_category":0},"product_brand":[],"product_cat":[91],"product_tag":[],"class_list":{"0":"post-3487","1":"product","2":"type-product","3":"status-publish","4":"has-post-thumbnail","6":"product_cat-materiel-apicole","8":"first","9":"instock","10":"sale","11":"shipping-taxable","12":"purchasable","13":"product-type-simple"},"_links":{"self":[{"href":"https:\/\/briadamagri.com\/ar\/wp-json\/wp\/v2\/product\/3487","targetHints":{"allow":["GET"]}}],"collection":[{"href":"https:\/\/briadamagri.com\/ar\/wp-json\/wp\/v2\/product"}],"about":[{"href":"https:\/\/briadamagri.com\/ar\/wp-json\/wp\/v2\/types\/product"}],"replies":[{"embeddable":true,"href":"https:\/\/briadamagri.com\/ar\/wp-json\/wp\/v2\/comments?post=3487"}],"wp:featuredmedia":[{"embeddable":true,"href":"https:\/\/briadamagri.com\/ar\/wp-json\/wp\/v2\/media\/3563"}],"wp:attachment":[{"href":"https:\/\/briadamagri.com\/ar\/wp-json\/wp\/v2\/media?parent=3487"}],"wp:term":[{"taxonomy":"product_brand","embeddable":true,"href":"https:\/\/briadamagri.com\/ar\/wp-json\/wp\/v2\/product_brand?post=3487"},{"taxonomy":"product_cat","embeddable":true,"href":"https:\/\/briadamagri.com\/ar\/wp-json\/wp\/v2\/product_cat?post=3487"},{"taxonomy":"product_tag","embeddable":true,"href":"https:\/\/briadamagri.com\/ar\/wp-json\/wp\/v2\/product_tag?post=3487"}],"curies":[{"name":"wp","href":"https:\/\/api.w.org\/{rel}","templated":true}]}}