{"id":3489,"date":"2025-10-21T19:37:53","date_gmt":"2025-10-21T19:37:53","guid":{"rendered":"https:\/\/briadamagri.com\/?post_type=product&#038;p=3489"},"modified":"2026-03-03T21:35:49","modified_gmt":"2026-03-03T21:35:49","slug":"leve-cadres-eperon-inox-210-mm","status":"publish","type":"product","link":"https:\/\/briadamagri.com\/ar\/product\/leve-cadres-eperon-inox-210-mm\/","title":{"rendered":"\u0631\u0627\u0641\u0639\u0629 \u0625\u0637\u0627\u0631 \u0633\u0628\u064a\u0631 - \u0641\u0648\u0644\u0627\u0630 \u0645\u0642\u0627\u0648\u0645 \u0644\u0644\u0635\u062f\u0623 - 210 \u0645\u0645"},"content":{"rendered":"<p>Ce l\u00e8ve-cadres avec \u00e9peron permet de gratter facilement la propolis log\u00e9e dans les espaces \u00e9troits tout en assurant sa fonction de base qui est de d\u00e9coller les cadres.<\/p>","protected":false},"excerpt":{"rendered":"<p>Ce l\u00e8ve-cadres avec \u00e9peron permet de gratter facilement la propolis log\u00e9e dans les espaces \u00e9troits tout en assurant sa fonction de base qui est de d\u00e9coller les cadres.<\/p>","protected":false},"featured_media":3562,"comment_status":"open","ping_status":"closed","template":"","meta":{"_monsterinsights_skip_tracking":false,"_monsterinsights_sitenote_active":false,"_monsterinsights_sitenote_note":"","_monsterinsights_sitenote_category":0},"product_brand":[],"product_cat":[91],"product_tag":[],"class_list":{"0":"post-3489","1":"product","2":"type-product","3":"status-publish","4":"has-post-thumbnail","6":"product_cat-materiel-apicole","8":"first","9":"instock","10":"sale","11":"shipping-taxable","12":"purchasable","13":"product-type-simple"},"_links":{"self":[{"href":"https:\/\/briadamagri.com\/ar\/wp-json\/wp\/v2\/product\/3489","targetHints":{"allow":["GET"]}}],"collection":[{"href":"https:\/\/briadamagri.com\/ar\/wp-json\/wp\/v2\/product"}],"about":[{"href":"https:\/\/briadamagri.com\/ar\/wp-json\/wp\/v2\/types\/product"}],"replies":[{"embeddable":true,"href":"https:\/\/briadamagri.com\/ar\/wp-json\/wp\/v2\/comments?post=3489"}],"wp:featuredmedia":[{"embeddable":true,"href":"https:\/\/briadamagri.com\/ar\/wp-json\/wp\/v2\/media\/3562"}],"wp:attachment":[{"href":"https:\/\/briadamagri.com\/ar\/wp-json\/wp\/v2\/media?parent=3489"}],"wp:term":[{"taxonomy":"product_brand","embeddable":true,"href":"https:\/\/briadamagri.com\/ar\/wp-json\/wp\/v2\/product_brand?post=3489"},{"taxonomy":"product_cat","embeddable":true,"href":"https:\/\/briadamagri.com\/ar\/wp-json\/wp\/v2\/product_cat?post=3489"},{"taxonomy":"product_tag","embeddable":true,"href":"https:\/\/briadamagri.com\/ar\/wp-json\/wp\/v2\/product_tag?post=3489"}],"curies":[{"name":"wp","href":"https:\/\/api.w.org\/{rel}","templated":true}]}}