{"id":3491,"date":"2025-10-21T19:45:25","date_gmt":"2025-10-21T19:45:25","guid":{"rendered":"https:\/\/briadamagri.com\/?post_type=product&#038;p=3491"},"modified":"2026-03-15T22:55:52","modified_gmt":"2026-03-15T22:55:52","slug":"enfumoir-smog-inox-soufflet-cuir-o100mm","status":"publish","type":"product","link":"https:\/\/briadamagri.com\/ar\/product\/enfumoir-smog-inox-soufflet-cuir-o100mm\/","title":{"rendered":"\u0645\u062f\u062e\u0646\u0629 SMOG \u0645\u0646 \u0627\u0644\u0641\u0648\u0644\u0627\u0630 \u0627\u0644\u0645\u0642\u0627\u0648\u0645 \u0644\u0644\u0635\u062f\u0623 \u0645\u0639 \u0645\u0646\u0641\u0627\u062e \u062c\u0644\u062f\u064a \u0628\u0642\u0637\u0631 100 \u0645\u0645"},"content":{"rendered":"<p>\u00c9quipez-vous de l&#8217;enfumoir Smog en inox, un outil apicole fiable dot\u00e9 d&#8217;un soufflet en cuir. Ce mod\u00e8le robuste de 100mm de diam\u00e8tre vous aide \u00e0 calmer efficacement les abeilles gr\u00e2ce \u00e0 une fum\u00e9e contr\u00f4l\u00e9e. Sa conception int\u00e8gre une grille de protection et un crochet, r\u00e9duisant le risque d&#8217;incendie et facilitant son utilisation au rucher. Une grille amovible assure une bonne circulation de l&#8217;air. Facile \u00e0 entretenir, il est un alli\u00e9 durable pour votre pratique.<\/p>","protected":false},"excerpt":{"rendered":"<p>\u00c9quipez-vous de l&#8217;enfumoir Smog en inox, un outil apicole fiable dot\u00e9 d&#8217;un soufflet en cuir. Ce mod\u00e8le robuste de 100mm de diam\u00e8tre vous aide \u00e0 calmer efficacement les abeilles gr\u00e2ce \u00e0 une fum\u00e9e contr\u00f4l\u00e9e. Sa conception int\u00e8gre une grille de protection et un crochet, r\u00e9duisant le risque d&#8217;incendie et facilitant son utilisation au rucher. Une&#8230;<\/p>","protected":false},"featured_media":3606,"comment_status":"open","ping_status":"closed","template":"","meta":{"_monsterinsights_skip_tracking":false,"_monsterinsights_sitenote_active":false,"_monsterinsights_sitenote_note":"","_monsterinsights_sitenote_category":0},"product_brand":[],"product_cat":[91],"product_tag":[],"class_list":{"0":"post-3491","1":"product","2":"type-product","3":"status-publish","4":"has-post-thumbnail","6":"product_cat-materiel-apicole","8":"first","9":"instock","10":"sale","11":"shipping-taxable","12":"purchasable","13":"product-type-simple"},"_links":{"self":[{"href":"https:\/\/briadamagri.com\/ar\/wp-json\/wp\/v2\/product\/3491","targetHints":{"allow":["GET"]}}],"collection":[{"href":"https:\/\/briadamagri.com\/ar\/wp-json\/wp\/v2\/product"}],"about":[{"href":"https:\/\/briadamagri.com\/ar\/wp-json\/wp\/v2\/types\/product"}],"replies":[{"embeddable":true,"href":"https:\/\/briadamagri.com\/ar\/wp-json\/wp\/v2\/comments?post=3491"}],"wp:featuredmedia":[{"embeddable":true,"href":"https:\/\/briadamagri.com\/ar\/wp-json\/wp\/v2\/media\/3606"}],"wp:attachment":[{"href":"https:\/\/briadamagri.com\/ar\/wp-json\/wp\/v2\/media?parent=3491"}],"wp:term":[{"taxonomy":"product_brand","embeddable":true,"href":"https:\/\/briadamagri.com\/ar\/wp-json\/wp\/v2\/product_brand?post=3491"},{"taxonomy":"product_cat","embeddable":true,"href":"https:\/\/briadamagri.com\/ar\/wp-json\/wp\/v2\/product_cat?post=3491"},{"taxonomy":"product_tag","embeddable":true,"href":"https:\/\/briadamagri.com\/ar\/wp-json\/wp\/v2\/product_tag?post=3491"}],"curies":[{"name":"wp","href":"https:\/\/api.w.org\/{rel}","templated":true}]}}