{"id":3497,"date":"2025-10-21T20:11:07","date_gmt":"2025-10-21T20:11:07","guid":{"rendered":"https:\/\/briadamagri.com\/?post_type=product&#038;p=3497"},"modified":"2026-03-16T00:25:13","modified_gmt":"2026-03-16T00:25:13","slug":"herse-a-desoperculer-simplex-pointes-courbees-inox","status":"publish","type":"product","link":"https:\/\/briadamagri.com\/ar\/product\/herse-a-desoperculer-simplex-pointes-courbees-inox\/","title":{"rendered":"\u0645\u0634\u0637 \u0633\u064a\u0645\u0628\u0644\u0643\u0633 \u0644\u0625\u0632\u0627\u0644\u0629 \u0627\u0644\u063a\u0637\u0627\u0621 \u0628\u0631\u0624\u0648\u0633 \u0645\u0646\u062d\u0646\u064a\u0629 \u0645\u0646 \u0627\u0644\u0641\u0648\u0644\u0627\u0630 \u0627\u0644\u0645\u0642\u0627\u0648\u0645 \u0644\u0644\u0635\u062f\u0623"},"content":{"rendered":"<div class=\"md:pr-15 px-5 mb-2 text-gray-dark text-desktop-3 font-roboto xl:pr-[calc((100vw-100px)\/12+20px)] xl:pl-0\">D\u00e9couvrez la herse Simplex \u00e0 pointes courb\u00e9es en inox, l&#8217;outil id\u00e9al pour une d\u00e9soperculation pr\u00e9cise et \u00e9conomique. Son manche plastique ergonomique assure une bonne prise en main. Les pointes courb\u00e9es acc\u00e8dent aux alv\u00e9oles pour une meilleure r\u00e9cup\u00e9ration du miel. Parfaite pour les petits ruchers, elle permet un travail soign\u00e9 qui pr\u00e9serve les cadres. \u00c0 utiliser avec un bac \u00e0 d\u00e9soperculer.<\/div>","protected":false},"excerpt":{"rendered":"<p>D\u00e9couvrez la herse Simplex \u00e0 pointes courb\u00e9es en inox, l&#8217;outil id\u00e9al pour une d\u00e9soperculation pr\u00e9cise et \u00e9conomique. Son manche plastique ergonomique assure une bonne prise en main. Les pointes courb\u00e9es acc\u00e8dent aux alv\u00e9oles pour une meilleure r\u00e9cup\u00e9ration du miel. Parfaite pour les petits ruchers, elle permet un travail soign\u00e9 qui pr\u00e9serve les cadres. \u00c0 utiliser&#8230;<\/p>","protected":false},"featured_media":3610,"comment_status":"open","ping_status":"closed","template":"","meta":{"_monsterinsights_skip_tracking":false,"_monsterinsights_sitenote_active":false,"_monsterinsights_sitenote_note":"","_monsterinsights_sitenote_category":0},"product_brand":[],"product_cat":[91],"product_tag":[],"class_list":{"0":"post-3497","1":"product","2":"type-product","3":"status-publish","4":"has-post-thumbnail","6":"product_cat-materiel-apicole","8":"first","9":"instock","10":"sale","11":"shipping-taxable","12":"purchasable","13":"product-type-simple"},"_links":{"self":[{"href":"https:\/\/briadamagri.com\/ar\/wp-json\/wp\/v2\/product\/3497","targetHints":{"allow":["GET"]}}],"collection":[{"href":"https:\/\/briadamagri.com\/ar\/wp-json\/wp\/v2\/product"}],"about":[{"href":"https:\/\/briadamagri.com\/ar\/wp-json\/wp\/v2\/types\/product"}],"replies":[{"embeddable":true,"href":"https:\/\/briadamagri.com\/ar\/wp-json\/wp\/v2\/comments?post=3497"}],"wp:featuredmedia":[{"embeddable":true,"href":"https:\/\/briadamagri.com\/ar\/wp-json\/wp\/v2\/media\/3610"}],"wp:attachment":[{"href":"https:\/\/briadamagri.com\/ar\/wp-json\/wp\/v2\/media?parent=3497"}],"wp:term":[{"taxonomy":"product_brand","embeddable":true,"href":"https:\/\/briadamagri.com\/ar\/wp-json\/wp\/v2\/product_brand?post=3497"},{"taxonomy":"product_cat","embeddable":true,"href":"https:\/\/briadamagri.com\/ar\/wp-json\/wp\/v2\/product_cat?post=3497"},{"taxonomy":"product_tag","embeddable":true,"href":"https:\/\/briadamagri.com\/ar\/wp-json\/wp\/v2\/product_tag?post=3497"}],"curies":[{"name":"wp","href":"https:\/\/api.w.org\/{rel}","templated":true}]}}