{"id":3519,"date":"2025-10-27T23:30:49","date_gmt":"2025-10-27T23:30:49","guid":{"rendered":"https:\/\/briadamagri.com\/?post_type=product&#038;p=3519"},"modified":"2026-03-02T21:52:46","modified_gmt":"2026-03-02T21:52:46","slug":"%d8%b9%d8%b3%d9%84-%d8%b3%d9%83%d9%88%d8%aa%d8%b4","status":"publish","type":"product","link":"https:\/\/briadamagri.com\/ar\/product\/%d8%b9%d8%b3%d9%84-%d8%b3%d9%83%d9%88%d8%aa%d8%b4\/","title":{"rendered":"\u0639\u0633\u0644 \u0633\u0643\u0648\u062a\u0634"},"content":{"rendered":"<p data-start=\"74\" data-end=\"171\">\u0627\u0644 <strong data-start=\"77\" data-end=\"95\">\u0639\u0633\u0644 \u0633\u0643\u0648\u062a\u0634<\/strong> \u0647\u0648 \u0634\u0631\u064a\u0637 \u0644\u0627\u0635\u0642 \u0632\u062e\u0631\u0641\u064a \u0645\u0635\u0645\u0645 \u062e\u0635\u064a\u0635\u064b\u0627 \u0644\u0639\u0627\u0644\u0645 \u062a\u0631\u0628\u064a\u0629 \u0627\u0644\u0646\u062d\u0644.<\/p>\n<ul data-start=\"172\" data-end=\"560\">\n<li data-start=\"172\" data-end=\"263\">\n<p data-start=\"174\" data-end=\"263\">\u0648\u0647\u064a \u0645\u0632\u064a\u0646\u0629 \u0628\u0632\u062e\u0627\u0631\u0641 \u0645\u062a\u0639\u0644\u0642\u0629 \u0628\u0627\u0644\u0646\u062d\u0644 (\u0631\u0633\u0648\u0645\u0627\u062a \u0644\u0644\u0646\u062d\u0644\u060c \u0648\u062e\u0644\u0627\u064a\u0627 \u0627\u0644\u0646\u062d\u0644\u060c \u0648\u062e\u0644\u0627\u064a\u0627 \u0627\u0644\u0646\u062d\u0644).<\/p>\n<\/li>\n<li data-start=\"264\" data-end=\"409\">\n<p data-start=\"266\" data-end=\"409\">\u064a\u064f\u0633\u062a\u062e\u062f\u0645 \u0644\u0640 <strong data-start=\"286\" data-end=\"319\">\u0625\u063a\u0644\u0627\u0642 \u0623\u0648 \u062a\u0632\u064a\u064a\u0646 \u0623\u0648 \u062a\u062d\u062f\u064a\u062f<\/strong> \u062a\u063a\u0644\u064a\u0641 \u0645\u0646\u062a\u062c\u0627\u062a \u0627\u0644\u0646\u062d\u0644 (\u0628\u0631\u0637\u0645\u0627\u0646\u0627\u062a \u0627\u0644\u0639\u0633\u0644\u060c \u0635\u0646\u0627\u062f\u064a\u0642 \u0627\u0644\u0643\u0631\u062a\u0648\u0646\u060c \u0623\u0643\u064a\u0627\u0633 \u062a\u0631\u0628\u064a\u0629 \u0627\u0644\u0646\u062d\u0644\u060c \u0625\u0644\u062e).<\/p>\n<\/li>\n<\/ul>","protected":false},"excerpt":{"rendered":"<p>Le scotch de miel est un ruban adh\u00e9sif d\u00e9coratif sp\u00e9cialement con\u00e7u pour l\u2019univers apicole. Il est orn\u00e9 de motifs li\u00e9s aux abeilles (dessins d\u2019abeilles, alv\u00e9oles, rayons de miel). Il est utilis\u00e9 pour fermer, d\u00e9corer ou identifier les emballages de produits de la ruche (pots de miel, cartons, sachets apicoles, etc.).<\/p>","protected":false},"featured_media":3551,"comment_status":"open","ping_status":"closed","template":"","meta":{"_monsterinsights_skip_tracking":false,"_monsterinsights_sitenote_active":false,"_monsterinsights_sitenote_note":"","_monsterinsights_sitenote_category":0},"product_brand":[],"product_cat":[91],"product_tag":[],"class_list":{"0":"post-3519","1":"product","2":"type-product","3":"status-publish","4":"has-post-thumbnail","6":"product_cat-materiel-apicole","8":"first","9":"instock","10":"sale","11":"shipping-taxable","12":"purchasable","13":"product-type-simple"},"_links":{"self":[{"href":"https:\/\/briadamagri.com\/ar\/wp-json\/wp\/v2\/product\/3519","targetHints":{"allow":["GET"]}}],"collection":[{"href":"https:\/\/briadamagri.com\/ar\/wp-json\/wp\/v2\/product"}],"about":[{"href":"https:\/\/briadamagri.com\/ar\/wp-json\/wp\/v2\/types\/product"}],"replies":[{"embeddable":true,"href":"https:\/\/briadamagri.com\/ar\/wp-json\/wp\/v2\/comments?post=3519"}],"wp:featuredmedia":[{"embeddable":true,"href":"https:\/\/briadamagri.com\/ar\/wp-json\/wp\/v2\/media\/3551"}],"wp:attachment":[{"href":"https:\/\/briadamagri.com\/ar\/wp-json\/wp\/v2\/media?parent=3519"}],"wp:term":[{"taxonomy":"product_brand","embeddable":true,"href":"https:\/\/briadamagri.com\/ar\/wp-json\/wp\/v2\/product_brand?post=3519"},{"taxonomy":"product_cat","embeddable":true,"href":"https:\/\/briadamagri.com\/ar\/wp-json\/wp\/v2\/product_cat?post=3519"},{"taxonomy":"product_tag","embeddable":true,"href":"https:\/\/briadamagri.com\/ar\/wp-json\/wp\/v2\/product_tag?post=3519"}],"curies":[{"name":"wp","href":"https:\/\/api.w.org\/{rel}","templated":true}]}}