{"id":3521,"date":"2025-10-27T23:36:39","date_gmt":"2025-10-27T23:36:39","guid":{"rendered":"https:\/\/briadamagri.com\/?post_type=product&#038;p=3521"},"modified":"2026-03-02T21:37:45","modified_gmt":"2026-03-02T21:37:45","slug":"%d9%82%d9%81%d8%a7%d8%b2%d8%a7%d8%aa-%d8%aa%d8%b1%d8%a8%d9%8a%d8%a9-%d8%a7%d9%84%d9%86%d8%ad%d9%84","status":"publish","type":"product","link":"https:\/\/briadamagri.com\/ar\/product\/%d9%82%d9%81%d8%a7%d8%b2%d8%a7%d8%aa-%d8%aa%d8%b1%d8%a8%d9%8a%d8%a9-%d8%a7%d9%84%d9%86%d8%ad%d9%84\/","title":{"rendered":"\u0642\u0641\u0627\u0632\u0627\u062a \u062a\u0631\u0628\u064a\u0629 \u0627\u0644\u0646\u062d\u0644"},"content":{"rendered":"<p data-start=\"88\" data-end=\"181\">\u0642\u0641\u0627\u0632\u0627\u062a \u062a\u0631\u0628\u064a\u0629 \u0627\u0644\u0646\u062d\u0644 \u0647\u064a <strong data-start=\"115\" data-end=\"143\">\u0645\u0639\u062f\u0627\u062a \u0627\u0644\u062d\u0645\u0627\u064a\u0629<\/strong> \u0644\u0627 \u063a\u0646\u0649 \u0639\u0646\u0647 \u0644\u0645\u0631\u0628\u064a \u0627\u0644\u0646\u062d\u0644.<\/p>\n<ul data-start=\"182\" data-end=\"672\">\n<li data-start=\"182\" data-end=\"281\">\n<p data-start=\"184\" data-end=\"281\">\u0648\u0647\u064a \u0645\u0635\u0646\u0648\u0639\u0629 \u0645\u0646 <strong data-start=\"206\" data-end=\"221\">\u062c\u0644\u062f \u0646\u0627\u0639\u0645<\/strong> \u0644\u0644\u062d\u0645\u0627\u064a\u0629 \u0627\u0644\u0641\u0639\u0627\u0644\u0629 \u0645\u0646 \u0644\u0633\u0639\u0627\u062a \u0627\u0644\u0646\u062d\u0644.<\/p>\n<\/li>\n<li data-start=\"282\" data-end=\"430\">\n<p data-start=\"284\" data-end=\"430\">\u0627\u0644\u062c\u0632\u0621 \u0627\u0644\u0639\u0644\u0648\u064a \u0645\u0635\u0646\u0648\u0639 \u0645\u0646 <strong data-start=\"312\" data-end=\"331\">\u0642\u0645\u0627\u0634 \u064a\u0633\u0645\u062d \u0628\u0645\u0631\u0648\u0631 \u0627\u0644\u0647\u0648\u0627\u0621<\/strong> \u0645\u0639 <strong data-start=\"340\" data-end=\"353\">\u0645\u0631\u0646<\/strong> \u0644\u062a\u063a\u0637\u064a\u0629 \u0627\u0644\u0633\u0627\u0639\u062f \u0628\u0634\u0643\u0644 \u0635\u062d\u064a\u062d \u0648\u0645\u0646\u0639 \u0627\u0644\u0646\u062d\u0644 \u0645\u0646 \u0627\u0644\u062f\u062e\u0648\u0644.<\/p>\n<\/li>\n<li data-start=\"431\" data-end=\"567\">\n<p data-start=\"433\" data-end=\"567\">\u0625\u0646\u0647\u0645 \u064a\u0642\u062f\u0645\u0648\u0646 <strong data-start=\"449\" data-end=\"469\">\u062d\u0645\u0627\u064a\u0629 \u062c\u064a\u062f\u0629<\/strong> \u0645\u0639 \u0627\u0644\u062d\u0641\u0627\u0638 \u0639\u0644\u0649 <strong data-start=\"490\" data-end=\"512\">\u0645\u0631\u0648\u0646\u0629 \u0645\u0639\u064a\u0646\u0629<\/strong> \u0644\u0644\u062a\u0639\u0627\u0645\u0644 \u0645\u0639 \u0625\u0637\u0627\u0631\u0627\u062a \u0648\u0623\u062f\u0648\u0627\u062a \u062e\u0644\u064a\u0629 \u0627\u0644\u0646\u062d\u0644.<\/p>\n<\/li>\n<\/ul>","protected":false},"excerpt":{"rendered":"<p>Les gants apicoles sont un \u00e9quipement de protection indispensable pour les apiculteurs. Ils sont fabriqu\u00e9s en cuir souple pour prot\u00e9ger efficacement contre les piq\u00fbres d\u2019abeilles. La partie sup\u00e9rieure est en tissu respirant avec un \u00e9lastique pour bien couvrir l\u2019avant-bras et \u00e9viter que les abeilles ne s\u2019infiltrent. Ils offrent une bonne protection tout en gardant une&#8230;<\/p>","protected":false},"featured_media":3550,"comment_status":"open","ping_status":"closed","template":"","meta":{"_monsterinsights_skip_tracking":false,"_monsterinsights_sitenote_active":false,"_monsterinsights_sitenote_note":"","_monsterinsights_sitenote_category":0},"product_brand":[],"product_cat":[91],"product_tag":[],"class_list":{"0":"post-3521","1":"product","2":"type-product","3":"status-publish","4":"has-post-thumbnail","6":"product_cat-materiel-apicole","8":"first","9":"instock","10":"sale","11":"shipping-taxable","12":"purchasable","13":"product-type-simple"},"_links":{"self":[{"href":"https:\/\/briadamagri.com\/ar\/wp-json\/wp\/v2\/product\/3521","targetHints":{"allow":["GET"]}}],"collection":[{"href":"https:\/\/briadamagri.com\/ar\/wp-json\/wp\/v2\/product"}],"about":[{"href":"https:\/\/briadamagri.com\/ar\/wp-json\/wp\/v2\/types\/product"}],"replies":[{"embeddable":true,"href":"https:\/\/briadamagri.com\/ar\/wp-json\/wp\/v2\/comments?post=3521"}],"wp:featuredmedia":[{"embeddable":true,"href":"https:\/\/briadamagri.com\/ar\/wp-json\/wp\/v2\/media\/3550"}],"wp:attachment":[{"href":"https:\/\/briadamagri.com\/ar\/wp-json\/wp\/v2\/media?parent=3521"}],"wp:term":[{"taxonomy":"product_brand","embeddable":true,"href":"https:\/\/briadamagri.com\/ar\/wp-json\/wp\/v2\/product_brand?post=3521"},{"taxonomy":"product_cat","embeddable":true,"href":"https:\/\/briadamagri.com\/ar\/wp-json\/wp\/v2\/product_cat?post=3521"},{"taxonomy":"product_tag","embeddable":true,"href":"https:\/\/briadamagri.com\/ar\/wp-json\/wp\/v2\/product_tag?post=3521"}],"curies":[{"name":"wp","href":"https:\/\/api.w.org\/{rel}","templated":true}]}}