{"id":3523,"date":"2025-10-27T23:41:53","date_gmt":"2025-10-27T23:41:53","guid":{"rendered":"https:\/\/briadamagri.com\/?post_type=product&#038;p=3523"},"modified":"2026-03-02T21:35:37","modified_gmt":"2026-03-02T21:35:37","slug":"gants-apicoles-2","status":"publish","type":"product","link":"https:\/\/briadamagri.com\/ar\/product\/gants-apicoles-2\/","title":{"rendered":"\u0642\u0641\u0627\u0632\u0627\u062a \u062c\u0644\u062f\u064a\u0629 \u0644\u062a\u0631\u0628\u064a\u0629 \u0627\u0644\u0646\u062d\u0644"},"content":{"rendered":"<p data-start=\"88\" data-end=\"181\"><span dir=\"auto\" style=\"vertical-align: inherit;\"><span dir=\"auto\" style=\"vertical-align: inherit;\">\u0642\u0641\u0627\u0632\u0627\u062a \u062a\u0631\u0628\u064a\u0629 \u0627\u0644\u0646\u062d\u0644 \u0647\u064a <\/span><\/span><strong data-start=\"115\" data-end=\"143\"><span dir=\"auto\" style=\"vertical-align: inherit;\"><span dir=\"auto\" style=\"vertical-align: inherit;\">\u0645\u0639\u062f\u0627\u062a \u0627\u0644\u062d\u0645\u0627\u064a\u0629<\/span><\/span><\/strong><span dir=\"auto\" style=\"vertical-align: inherit;\"><span dir=\"auto\" style=\"vertical-align: inherit;\"> \u0644\u0627 \u063a\u0646\u0649 \u0639\u0646\u0647 \u0644\u0645\u0631\u0628\u064a \u0627\u0644\u0646\u062d\u0644.<\/span><\/span><\/p>\n<ul data-start=\"182\" data-end=\"672\">\n<li data-start=\"182\" data-end=\"281\">\n<p data-start=\"184\" data-end=\"281\"><span dir=\"auto\" style=\"vertical-align: inherit;\"><span dir=\"auto\" style=\"vertical-align: inherit;\">\u0648\u0647\u064a \u0645\u0635\u0646\u0648\u0639\u0629 \u0645\u0646 <\/span><\/span><strong data-start=\"206\" data-end=\"221\"><span dir=\"auto\" style=\"vertical-align: inherit;\"><span dir=\"auto\" style=\"vertical-align: inherit;\">\u062c\u0644\u062f \u0646\u0627\u0639\u0645<\/span><\/span><\/strong><span dir=\"auto\" style=\"vertical-align: inherit;\"><span dir=\"auto\" style=\"vertical-align: inherit;\"> pour prot\u00e9ger efficacement contre les piq\u00fbres d&#8217;abeilles.<\/span><\/span><\/p>\n<\/li>\n<li data-start=\"282\" data-end=\"430\">\n<p data-start=\"284\" data-end=\"430\"><span dir=\"auto\" style=\"vertical-align: inherit;\"><span dir=\"auto\" style=\"vertical-align: inherit;\">\u0627\u0644\u062c\u0632\u0621 \u0627\u0644\u0639\u0644\u0648\u064a \u0645\u0635\u0646\u0648\u0639 \u0645\u0646 <\/span><\/span><strong data-start=\"312\" data-end=\"331\"><span dir=\"auto\" style=\"vertical-align: inherit;\"><span dir=\"auto\" style=\"vertical-align: inherit;\">\u0642\u0645\u0627\u0634 \u064a\u0633\u0645\u062d \u0628\u0645\u0631\u0648\u0631 \u0627\u0644\u0647\u0648\u0627\u0621<\/span><\/span><\/strong><span dir=\"auto\" style=\"vertical-align: inherit;\"><span dir=\"auto\" style=\"vertical-align: inherit;\"> \u0645\u0639 <\/span><\/span><strong data-start=\"340\" data-end=\"353\"><span dir=\"auto\" style=\"vertical-align: inherit;\"><span dir=\"auto\" style=\"vertical-align: inherit;\">\u0645\u0631\u0646<\/span><\/span><\/strong><span dir=\"auto\" style=\"vertical-align: inherit;\"><span dir=\"auto\" style=\"vertical-align: inherit;\"> pour bien couvrir l&#8217;avant-bras et \u00e9viter que les abeilles ne s&#8217;infiltrent.<\/span><\/span><\/p>\n<\/li>\n<li data-start=\"431\" data-end=\"567\">\n<p data-start=\"433\" data-end=\"567\"><span dir=\"auto\" style=\"vertical-align: inherit;\"><span dir=\"auto\" style=\"vertical-align: inherit;\">\u0625\u0646\u0647\u0645 \u064a\u0642\u062f\u0645\u0648\u0646 <\/span><\/span><strong data-start=\"449\" data-end=\"469\"><span dir=\"auto\" style=\"vertical-align: inherit;\"><span dir=\"auto\" style=\"vertical-align: inherit;\">\u062d\u0645\u0627\u064a\u0629 \u062c\u064a\u062f\u0629<\/span><\/span><\/strong><span dir=\"auto\" style=\"vertical-align: inherit;\"><span dir=\"auto\" style=\"vertical-align: inherit;\"> \u0645\u0639 \u0627\u0644\u062d\u0641\u0627\u0638 \u0639\u0644\u0649 <\/span><\/span><strong data-start=\"490\" data-end=\"512\"><span dir=\"auto\" style=\"vertical-align: inherit;\"><span dir=\"auto\" style=\"vertical-align: inherit;\">\u0645\u0631\u0648\u0646\u0629 \u0645\u0639\u064a\u0646\u0629<\/span><\/span><\/strong><span dir=\"auto\" style=\"vertical-align: inherit;\"><span dir=\"auto\" style=\"vertical-align: inherit;\"> \u0644\u0644\u062a\u0639\u0627\u0645\u0644 \u0645\u0639 \u0625\u0637\u0627\u0631\u0627\u062a \u0648\u0623\u062f\u0648\u0627\u062a \u062e\u0644\u064a\u0629 \u0627\u0644\u0646\u062d\u0644.<\/span><\/span><\/p>\n<\/li>\n<\/ul>","protected":false},"excerpt":{"rendered":"<p>Les gants apicoles sont un \u00e9quipement de protection indispensable pour les apiculteurs. Ils sont fabriqu\u00e9s en cuir souple pour prot\u00e9ger efficacement contre les piq\u00fbres d&#8217;abeilles. La partie sup\u00e9rieure est en tissu respirant avec un \u00e9lastique pour bien couvrir l&#8217;avant-bras et \u00e9viter que les abeilles ne s&#8217;infiltrent. Ils offrent une bonne protection tout en gardant une&#8230;<\/p>","protected":false},"featured_media":3550,"comment_status":"open","ping_status":"closed","template":"","meta":{"_monsterinsights_skip_tracking":false,"_monsterinsights_sitenote_active":false,"_monsterinsights_sitenote_note":"","_monsterinsights_sitenote_category":0},"product_brand":[],"product_cat":[91],"product_tag":[],"class_list":{"0":"post-3523","1":"product","2":"type-product","3":"status-publish","4":"has-post-thumbnail","6":"product_cat-materiel-apicole","8":"first","9":"instock","10":"sale","11":"shipping-taxable","12":"purchasable","13":"product-type-simple"},"_links":{"self":[{"href":"https:\/\/briadamagri.com\/ar\/wp-json\/wp\/v2\/product\/3523","targetHints":{"allow":["GET"]}}],"collection":[{"href":"https:\/\/briadamagri.com\/ar\/wp-json\/wp\/v2\/product"}],"about":[{"href":"https:\/\/briadamagri.com\/ar\/wp-json\/wp\/v2\/types\/product"}],"replies":[{"embeddable":true,"href":"https:\/\/briadamagri.com\/ar\/wp-json\/wp\/v2\/comments?post=3523"}],"wp:featuredmedia":[{"embeddable":true,"href":"https:\/\/briadamagri.com\/ar\/wp-json\/wp\/v2\/media\/3550"}],"wp:attachment":[{"href":"https:\/\/briadamagri.com\/ar\/wp-json\/wp\/v2\/media?parent=3523"}],"wp:term":[{"taxonomy":"product_brand","embeddable":true,"href":"https:\/\/briadamagri.com\/ar\/wp-json\/wp\/v2\/product_brand?post=3523"},{"taxonomy":"product_cat","embeddable":true,"href":"https:\/\/briadamagri.com\/ar\/wp-json\/wp\/v2\/product_cat?post=3523"},{"taxonomy":"product_tag","embeddable":true,"href":"https:\/\/briadamagri.com\/ar\/wp-json\/wp\/v2\/product_tag?post=3523"}],"curies":[{"name":"wp","href":"https:\/\/api.w.org\/{rel}","templated":true}]}}