{"id":3525,"date":"2025-10-28T00:00:44","date_gmt":"2025-10-28T00:00:44","guid":{"rendered":"https:\/\/briadamagri.com\/?post_type=product&#038;p=3525"},"modified":"2026-02-13T20:00:44","modified_gmt":"2026-02-13T20:00:44","slug":"%d8%a8%d8%af%d9%84%d8%a9-%d8%aa%d8%b1%d8%a8%d9%8a%d8%a9-%d8%a7%d9%84%d9%86%d8%ad%d9%84-%d9%85%d8%b9-%d8%ae%d9%88%d8%b0%d8%a9","status":"publish","type":"product","link":"https:\/\/briadamagri.com\/ar\/product\/%d8%a8%d8%af%d9%84%d8%a9-%d8%aa%d8%b1%d8%a8%d9%8a%d8%a9-%d8%a7%d9%84%d9%86%d8%ad%d9%84-%d9%85%d8%b9-%d8%ae%d9%88%d8%b0%d8%a9\/","title":{"rendered":"\u0628\u062f\u0644\u0629 \u062a\u0631\u0628\u064a\u0629 \u0627\u0644\u0646\u062d\u0644 \u0645\u0639 \u062e\u0648\u0630\u0629"},"content":{"rendered":"<p data-start=\"77\" data-end=\"218\"><span dir=\"auto\" style=\"vertical-align: inherit;\"><span dir=\"auto\" style=\"vertical-align: inherit;\"><span dir=\"auto\" style=\"vertical-align: inherit;\"><span dir=\"auto\" style=\"vertical-align: inherit;\">La <\/span><\/span><\/span><\/span><strong data-start=\"80\" data-end=\"103\"><span dir=\"auto\" style=\"vertical-align: inherit;\"><span dir=\"auto\" style=\"vertical-align: inherit;\"><span dir=\"auto\" style=\"vertical-align: inherit;\"><span dir=\"auto\" style=\"vertical-align: inherit;\">combinaison apicole<\/span><\/span><\/span><\/span><\/strong><span dir=\"auto\" style=\"vertical-align: inherit;\"><span dir=\"auto\" style=\"vertical-align: inherit;\"><span dir=\"auto\" style=\"vertical-align: inherit;\"><span dir=\"auto\" style=\"vertical-align: inherit;\"> est un \u00e9quipement de protection complet utilis\u00e9 par les apiculteurs pour travailler en s\u00e9curit\u00e9 avec les ruches.<\/span><\/span><\/span><\/span><\/p>\n<ul data-start=\"220\" data-end=\"893\">\n<li data-start=\"220\" data-end=\"381\">\n<p data-start=\"222\" data-end=\"381\"><strong data-start=\"222\" data-end=\"243\"><span dir=\"auto\" style=\"vertical-align: inherit;\"><span dir=\"auto\" style=\"vertical-align: inherit;\"><span dir=\"auto\" style=\"vertical-align: inherit;\"><span dir=\"auto\" style=\"vertical-align: inherit;\">Protection totale<\/span><\/span><\/span><\/span><\/strong><span dir=\"auto\" style=\"vertical-align: inherit;\"><span dir=\"auto\" style=\"vertical-align: inherit;\"><span dir=\"auto\" style=\"vertical-align: inherit;\"><span dir=\"auto\" style=\"vertical-align: inherit;\"> : Elle couvre tout le corps (torse, soutiens-gorge, jambes) et est munie d&#8217;un <\/span><\/span><\/span><\/span><strong data-start=\"312\" data-end=\"333\"><span dir=\"auto\" style=\"vertical-align: inherit;\"><span dir=\"auto\" style=\"vertical-align: inherit;\"><span dir=\"auto\" style=\"vertical-align: inherit;\"><span dir=\"auto\" style=\"vertical-align: inherit;\">voile avec casque<\/span><\/span><\/span><\/span><\/strong><span dir=\"auto\" style=\"vertical-align: inherit;\"><span dir=\"auto\" style=\"vertical-align: inherit;\"><span dir=\"auto\" style=\"vertical-align: inherit;\"><span dir=\"auto\" style=\"vertical-align: inherit;\"> qui prot\u00e8ge le visage et la t\u00eate des piq\u00fbres.<\/span><\/span><\/span><\/span><\/p>\n<\/li>\n<li data-start=\"382\" data-end=\"527\">\n<p data-start=\"384\" data-end=\"527\"><strong data-start=\"384\" data-end=\"406\"><span dir=\"auto\" style=\"vertical-align: inherit;\"><span dir=\"auto\" style=\"vertical-align: inherit;\"><span dir=\"auto\" style=\"vertical-align: inherit;\"><span dir=\"auto\" style=\"vertical-align: inherit;\">Mati\u00e8re r\u00e9sistante<\/span><\/span><\/span><\/span><\/strong><span dir=\"auto\" style=\"vertical-align: inherit;\"><span dir=\"auto\" style=\"vertical-align: inherit;\"><span dir=\"auto\" style=\"vertical-align: inherit;\"><span dir=\"auto\" style=\"vertical-align: inherit;\"> : Fabriqu\u00e9e en coton \u00e9pais ou en tissu technique, parfois renforc\u00e9, pour \u00e9viter que les abeilles ne piquent \u00e0 travers.<\/span><\/span><\/span><\/span><\/p>\n<\/li>\n<li data-start=\"528\" data-end=\"662\">\n<p data-start=\"530\" data-end=\"662\"><strong data-start=\"530\" data-end=\"556\"><span dir=\"auto\" style=\"vertical-align: inherit;\"><span dir=\"auto\" style=\"vertical-align: inherit;\"><span dir=\"auto\" style=\"vertical-align: inherit;\"><span dir=\"auto\" style=\"vertical-align: inherit;\">Confort et ventilation<\/span><\/span><\/span><\/span><\/strong><span dir=\"auto\" style=\"vertical-align: inherit;\"><span dir=\"auto\" style=\"vertical-align: inherit;\"><span dir=\"auto\" style=\"vertical-align: inherit;\"><span dir=\"auto\" style=\"vertical-align: inherit;\"> : Certaines combinaisons sont \u00e9quip\u00e9es de zones respirantes pour limiter la chaleur pendant le travail.<\/span><\/span><\/span><\/span><\/p>\n<\/li>\n<li data-start=\"663\" data-end=\"803\">\n<p data-start=\"665\" data-end=\"803\"><strong data-start=\"665\" data-end=\"678\"><span dir=\"auto\" style=\"vertical-align: inherit;\"><span dir=\"auto\" style=\"vertical-align: inherit;\"><span dir=\"auto\" style=\"vertical-align: inherit;\"><span dir=\"auto\" style=\"vertical-align: inherit;\">Praticit\u00e9<\/span><\/span><\/span><\/span><\/strong><span dir=\"auto\" style=\"vertical-align: inherit;\"><span dir=\"auto\" style=\"vertical-align: inherit;\"><span dir=\"auto\" style=\"vertical-align: inherit;\"><span dir=\"auto\" style=\"vertical-align: inherit;\"> : Des poches et fermetures \u00e9clair permettent de ranger de petits outils d&#8217;apiculture (ciseaux, pince \u00e0 reine, marqueurs\u2026).<\/span><\/span><\/span><\/span><\/p>\n<\/li>\n<li data-start=\"804\" data-end=\"893\">\n<p data-start=\"806\" data-end=\"893\"><strong data-start=\"806\" data-end=\"846\"><span dir=\"auto\" style=\"vertical-align: inherit;\"><span dir=\"auto\" style=\"vertical-align: inherit;\"><span dir=\"auto\" style=\"vertical-align: inherit;\"><span dir=\"auto\" style=\"vertical-align: inherit;\">\u00c9lastiques aux poignets et chevilles<\/span><\/span><\/span><\/span><\/strong><span dir=\"auto\" style=\"vertical-align: inherit;\"><span dir=\"auto\" style=\"vertical-align: inherit;\"><span dir=\"auto\" style=\"vertical-align: inherit;\"><span dir=\"auto\" style=\"vertical-align: inherit;\"> : Pour emp\u00eacher les abeilles de s&#8217;infiltrer.<\/span><\/span><\/span><\/span><\/p>\n<\/li>\n<\/ul>","protected":false},"excerpt":{"rendered":"<p>La combinaison apicole est un \u00e9quipement de protection complet utilis\u00e9 par les apiculteurs pour travailler en s\u00e9curit\u00e9 avec les ruches. Protection totale : Elle couvre tout le corps (torse, soutiens-gorge, jambes) et est munie d&#8217;un voile avec casque qui prot\u00e8ge le visage et la t\u00eate des piq\u00fbres. Mati\u00e8re r\u00e9sistante : Fabriqu\u00e9e en coton \u00e9pais ou&#8230;<\/p>","protected":false},"featured_media":3540,"comment_status":"open","ping_status":"closed","template":"","meta":{"_monsterinsights_skip_tracking":false,"_monsterinsights_sitenote_active":false,"_monsterinsights_sitenote_note":"","_monsterinsights_sitenote_category":0},"product_brand":[],"product_cat":[91],"product_tag":[],"class_list":{"0":"post-3525","1":"product","2":"type-product","3":"status-publish","4":"has-post-thumbnail","6":"product_cat-materiel-apicole","8":"first","9":"instock","10":"sale","11":"shipping-taxable","12":"purchasable","13":"product-type-simple"},"_links":{"self":[{"href":"https:\/\/briadamagri.com\/ar\/wp-json\/wp\/v2\/product\/3525","targetHints":{"allow":["GET"]}}],"collection":[{"href":"https:\/\/briadamagri.com\/ar\/wp-json\/wp\/v2\/product"}],"about":[{"href":"https:\/\/briadamagri.com\/ar\/wp-json\/wp\/v2\/types\/product"}],"replies":[{"embeddable":true,"href":"https:\/\/briadamagri.com\/ar\/wp-json\/wp\/v2\/comments?post=3525"}],"wp:featuredmedia":[{"embeddable":true,"href":"https:\/\/briadamagri.com\/ar\/wp-json\/wp\/v2\/media\/3540"}],"wp:attachment":[{"href":"https:\/\/briadamagri.com\/ar\/wp-json\/wp\/v2\/media?parent=3525"}],"wp:term":[{"taxonomy":"product_brand","embeddable":true,"href":"https:\/\/briadamagri.com\/ar\/wp-json\/wp\/v2\/product_brand?post=3525"},{"taxonomy":"product_cat","embeddable":true,"href":"https:\/\/briadamagri.com\/ar\/wp-json\/wp\/v2\/product_cat?post=3525"},{"taxonomy":"product_tag","embeddable":true,"href":"https:\/\/briadamagri.com\/ar\/wp-json\/wp\/v2\/product_tag?post=3525"}],"curies":[{"name":"wp","href":"https:\/\/api.w.org\/{rel}","templated":true}]}}