{"id":3815,"date":"2026-04-08T19:50:38","date_gmt":"2026-04-08T19:50:38","guid":{"rendered":"https:\/\/briadamagri.com\/?post_type=product&#038;p=3815"},"modified":"2026-04-09T20:12:17","modified_gmt":"2026-04-09T20:12:17","slug":"extracteur-de-miel-a-12-cadres-electrique","status":"publish","type":"product","link":"https:\/\/briadamagri.com\/ar\/product\/extracteur-de-miel-a-12-cadres-electrique\/","title":{"rendered":"\u0645\u0633\u062a\u062e\u0644\u0635 \u0639\u0633\u0644 \u0643\u0647\u0631\u0628\u0627\u0626\u064a \u0628\u062b\u0645\u0627\u0646\u064a\u0629 \u0625\u0637\u0627\u0631\u0627\u062a\u060c 220 \u0641\u0648\u0644\u062a"},"content":{"rendered":"<h2 class=\"vc_custom_heading\"><span dir=\"auto\">Extracteur de miel \u00e0 8 cadres \u00e9lectrique\u00a0 R\u00e9servoir en acier inoxydable 430 ; pi\u00e8ces du rotor et cassettes rev\u00eatues de peinture en poudre ; robinet en plastique.<\/span><\/h2>\n<h2 class=\"vc_custom_heading\"><span dir=\"auto\">Marque EVROTOM<\/span><\/h2>","protected":false},"excerpt":{"rendered":"<p>Extracteur de miel \u00e0 8 cadres \u00e9lectrique\u00a0 R\u00e9servoir en acier inoxydable 430 ; pi\u00e8ces du rotor et cassettes rev\u00eatues de peinture en poudre ; robinet en plastique. Marque EVROTOM<\/p>","protected":false},"featured_media":3899,"comment_status":"open","ping_status":"closed","template":"","meta":{"_monsterinsights_skip_tracking":false,"_monsterinsights_sitenote_active":false,"_monsterinsights_sitenote_note":"","_monsterinsights_sitenote_category":0},"product_brand":[],"product_cat":[115],"product_tag":[],"class_list":{"0":"post-3815","1":"product","2":"type-product","3":"status-publish","4":"has-post-thumbnail","6":"product_cat-electrique","8":"first","9":"instock","10":"shipping-taxable","11":"product-type-simple"},"_links":{"self":[{"href":"https:\/\/briadamagri.com\/ar\/wp-json\/wp\/v2\/product\/3815","targetHints":{"allow":["GET"]}}],"collection":[{"href":"https:\/\/briadamagri.com\/ar\/wp-json\/wp\/v2\/product"}],"about":[{"href":"https:\/\/briadamagri.com\/ar\/wp-json\/wp\/v2\/types\/product"}],"replies":[{"embeddable":true,"href":"https:\/\/briadamagri.com\/ar\/wp-json\/wp\/v2\/comments?post=3815"}],"wp:featuredmedia":[{"embeddable":true,"href":"https:\/\/briadamagri.com\/ar\/wp-json\/wp\/v2\/media\/3899"}],"wp:attachment":[{"href":"https:\/\/briadamagri.com\/ar\/wp-json\/wp\/v2\/media?parent=3815"}],"wp:term":[{"taxonomy":"product_brand","embeddable":true,"href":"https:\/\/briadamagri.com\/ar\/wp-json\/wp\/v2\/product_brand?post=3815"},{"taxonomy":"product_cat","embeddable":true,"href":"https:\/\/briadamagri.com\/ar\/wp-json\/wp\/v2\/product_cat?post=3815"},{"taxonomy":"product_tag","embeddable":true,"href":"https:\/\/briadamagri.com\/ar\/wp-json\/wp\/v2\/product_tag?post=3815"}],"curies":[{"name":"wp","href":"https:\/\/api.w.org\/{rel}","templated":true}]}}