{"id":3820,"date":"2026-04-08T20:15:18","date_gmt":"2026-04-08T20:15:18","guid":{"rendered":"https:\/\/briadamagri.com\/?post_type=product&#038;p=3820"},"modified":"2026-04-09T20:49:20","modified_gmt":"2026-04-09T20:49:20","slug":"extracteur-de-miel-a-24-cadres-electrique-220-v","status":"publish","type":"product","link":"https:\/\/briadamagri.com\/ar\/product\/extracteur-de-miel-a-24-cadres-electrique-220-v\/","title":{"rendered":"\u0645\u0633\u062a\u062e\u0644\u0635 \u0639\u0633\u0644 \u0643\u0647\u0631\u0628\u0627\u0626\u064a \u0628\u0640 24 \u0625\u0637\u0627\u0631\u064b\u0627\u060c 220 \u0641\u0648\u0644\u062a"},"content":{"rendered":"<h2 class=\"vc_custom_heading\"><span dir=\"auto\">Extracteur de miel \u00e0 24 cadres \u00e9lectrique 220 V\u00a0 R\u00e9servoir en acier inoxydable 430 ; pi\u00e8ces du rotor et cassettes rev\u00eatues de peinture en poudre ; robinet en plastique<\/span><\/h2>\n<h2 class=\"vc_custom_heading\"><span dir=\"auto\">Marque EVROTOM<\/span><\/h2>","protected":false},"excerpt":{"rendered":"<p>Extracteur de miel \u00e0 24 cadres \u00e9lectrique 220 V\u00a0 R\u00e9servoir en acier inoxydable 430 ; pi\u00e8ces du rotor et cassettes rev\u00eatues de peinture en poudre ; robinet en plastique Marque EVROTOM<\/p>","protected":false},"featured_media":3907,"comment_status":"open","ping_status":"closed","template":"","meta":{"_monsterinsights_skip_tracking":false,"_monsterinsights_sitenote_active":false,"_monsterinsights_sitenote_note":"","_monsterinsights_sitenote_category":0},"product_brand":[],"product_cat":[115],"product_tag":[],"class_list":{"0":"post-3820","1":"product","2":"type-product","3":"status-publish","4":"has-post-thumbnail","6":"product_cat-electrique","8":"first","9":"instock","10":"shipping-taxable","11":"product-type-simple"},"_links":{"self":[{"href":"https:\/\/briadamagri.com\/ar\/wp-json\/wp\/v2\/product\/3820","targetHints":{"allow":["GET"]}}],"collection":[{"href":"https:\/\/briadamagri.com\/ar\/wp-json\/wp\/v2\/product"}],"about":[{"href":"https:\/\/briadamagri.com\/ar\/wp-json\/wp\/v2\/types\/product"}],"replies":[{"embeddable":true,"href":"https:\/\/briadamagri.com\/ar\/wp-json\/wp\/v2\/comments?post=3820"}],"wp:featuredmedia":[{"embeddable":true,"href":"https:\/\/briadamagri.com\/ar\/wp-json\/wp\/v2\/media\/3907"}],"wp:attachment":[{"href":"https:\/\/briadamagri.com\/ar\/wp-json\/wp\/v2\/media?parent=3820"}],"wp:term":[{"taxonomy":"product_brand","embeddable":true,"href":"https:\/\/briadamagri.com\/ar\/wp-json\/wp\/v2\/product_brand?post=3820"},{"taxonomy":"product_cat","embeddable":true,"href":"https:\/\/briadamagri.com\/ar\/wp-json\/wp\/v2\/product_cat?post=3820"},{"taxonomy":"product_tag","embeddable":true,"href":"https:\/\/briadamagri.com\/ar\/wp-json\/wp\/v2\/product_tag?post=3820"}],"curies":[{"name":"wp","href":"https:\/\/api.w.org\/{rel}","templated":true}]}}