{"id":3840,"date":"2026-04-08T21:53:31","date_gmt":"2026-04-08T21:53:31","guid":{"rendered":"https:\/\/briadamagri.com\/?post_type=product&#038;p=3840"},"modified":"2026-04-09T19:17:51","modified_gmt":"2026-04-09T19:17:51","slug":"seau-de-stockage-30-kg-de-miel-en-tole-dinox-304","status":"publish","type":"product","link":"https:\/\/briadamagri.com\/ar\/product\/seau-de-stockage-30-kg-de-miel-en-tole-dinox-304\/","title":{"rendered":"\u062f\u0644\u0648 \u062a\u062e\u0632\u064a\u0646 \u0639\u0633\u0644 \u0633\u0639\u0629 30 \u0643\u062c\u0645 \u0645\u0635\u0646\u0648\u0639 \u0645\u0646 \u0627\u0644\u0641\u0648\u0644\u0627\u0630 \u0627\u0644\u0645\u0642\u0627\u0648\u0645 \u0644\u0644\u0635\u062f\u0623 304"},"content":{"rendered":"<p><span dir=\"auto\">Seau de stockage de miel en t\u00f4le d&#8217;inox 304 de\u00a0<\/span><strong><span dir=\"auto\">0,6 mm<\/span><\/strong><span dir=\"auto\">\u00a0d&#8217;\u00e9paisseur, r\u00e9sistante aux acides et aux champs magn\u00e9tiques, utilis\u00e9e dans l&#8217;industrie alimentaire et sans alt\u00e9ration du miel.<\/span><br \/>\n<span dir=\"auto\">Ce seau a une capacit\u00e9 de 25 litres, soit environ 30 kg de miel.<\/span><br \/>\n<span dir=\"auto\">Il est muni d&#8217;un robinet en PVC amovible.<\/span><\/p>","protected":false},"excerpt":{"rendered":"<p>Seau de stockage de miel en t\u00f4le d&#8217;inox 304 de\u00a00,6 mm\u00a0d&#8217;\u00e9paisseur, r\u00e9sistante aux acides et aux champs magn\u00e9tiques, utilis\u00e9e dans l&#8217;industrie alimentaire et sans alt\u00e9ration du miel. Ce seau a une capacit\u00e9 de 25 litres, soit environ 30 kg de miel. Il est muni d&#8217;un robinet en PVC amovible.<\/p>","protected":false},"featured_media":3880,"comment_status":"open","ping_status":"closed","template":"","meta":{"_monsterinsights_skip_tracking":false,"_monsterinsights_sitenote_active":false,"_monsterinsights_sitenote_note":"","_monsterinsights_sitenote_category":0},"product_brand":[],"product_cat":[122,118],"product_tag":[],"class_list":{"0":"post-3840","1":"product","2":"type-product","3":"status-publish","4":"has-post-thumbnail","6":"product_cat-bac-de-desoperculer","7":"product_cat-maturateur","9":"first","10":"instock","11":"shipping-taxable","12":"product-type-simple"},"_links":{"self":[{"href":"https:\/\/briadamagri.com\/ar\/wp-json\/wp\/v2\/product\/3840","targetHints":{"allow":["GET"]}}],"collection":[{"href":"https:\/\/briadamagri.com\/ar\/wp-json\/wp\/v2\/product"}],"about":[{"href":"https:\/\/briadamagri.com\/ar\/wp-json\/wp\/v2\/types\/product"}],"replies":[{"embeddable":true,"href":"https:\/\/briadamagri.com\/ar\/wp-json\/wp\/v2\/comments?post=3840"}],"wp:featuredmedia":[{"embeddable":true,"href":"https:\/\/briadamagri.com\/ar\/wp-json\/wp\/v2\/media\/3880"}],"wp:attachment":[{"href":"https:\/\/briadamagri.com\/ar\/wp-json\/wp\/v2\/media?parent=3840"}],"wp:term":[{"taxonomy":"product_brand","embeddable":true,"href":"https:\/\/briadamagri.com\/ar\/wp-json\/wp\/v2\/product_brand?post=3840"},{"taxonomy":"product_cat","embeddable":true,"href":"https:\/\/briadamagri.com\/ar\/wp-json\/wp\/v2\/product_cat?post=3840"},{"taxonomy":"product_tag","embeddable":true,"href":"https:\/\/briadamagri.com\/ar\/wp-json\/wp\/v2\/product_tag?post=3840"}],"curies":[{"name":"wp","href":"https:\/\/api.w.org\/{rel}","templated":true}]}}