{"id":3874,"date":"2026-04-09T19:09:06","date_gmt":"2026-04-09T19:09:06","guid":{"rendered":"https:\/\/briadamagri.com\/?post_type=product&#038;p=3874"},"modified":"2026-04-09T19:09:36","modified_gmt":"2026-04-09T19:09:36","slug":"grands-pots","status":"publish","type":"product","link":"https:\/\/briadamagri.com\/ar\/product\/grands-pots\/","title":{"rendered":"\u0623\u0648\u0627\u0646\u064a \u0643\u0628\u064a\u0631\u0629"},"content":{"rendered":"<p><a href=\"https:\/\/www.icko-apiculture.com\/emballage\/pots-en-verre.html?litrage_pot_ml=8983,8984,8985,8986,8987\"><strong>Les grands pots en verre, d&#8217;une capacit\u00e9 sup\u00e9rieure \u00e0 500 millilitres,<\/strong><\/a>\u00a0sont parfaits pour les apiculteurs qui vendent leur miel en grandes quantit\u00e9s ou pour les familles qui consomment beaucoup de miel. Ces r\u00e9cipients offrent un excellent rapport qualit\u00e9-prix et permettent une conservation optimale du miel sur une longue p\u00e9riode. Ils sont \u00e9galement appr\u00e9ci\u00e9s des consommateurs soucieux de r\u00e9duire les emballages et leur impact environnemental, car ils peuvent \u00eatre facilement r\u00e9utilis\u00e9s ou recycl\u00e9s une fois le miel consomm\u00e9.<\/p>","protected":false},"excerpt":{"rendered":"<p>Les grands pots en verre, d&#8217;une capacit\u00e9 sup\u00e9rieure \u00e0 500 millilitres,\u00a0sont parfaits pour les apiculteurs qui vendent leur miel en grandes quantit\u00e9s ou pour les familles qui consomment beaucoup de miel. Ces r\u00e9cipients offrent un excellent rapport qualit\u00e9-prix et permettent une conservation optimale du miel sur une longue p\u00e9riode. Ils sont \u00e9galement appr\u00e9ci\u00e9s des consommateurs&#8230;<\/p>","protected":false},"featured_media":3875,"comment_status":"open","ping_status":"closed","template":"","meta":{"_monsterinsights_skip_tracking":false,"_monsterinsights_sitenote_active":false,"_monsterinsights_sitenote_note":"","_monsterinsights_sitenote_category":0},"product_brand":[],"product_cat":[91,119],"product_tag":[],"class_list":{"0":"post-3874","1":"product","2":"type-product","3":"status-publish","4":"has-post-thumbnail","6":"product_cat-materiel-apicole","7":"product_cat-pot-de-miel","9":"first","10":"instock","11":"shipping-taxable","12":"product-type-simple"},"_links":{"self":[{"href":"https:\/\/briadamagri.com\/ar\/wp-json\/wp\/v2\/product\/3874","targetHints":{"allow":["GET"]}}],"collection":[{"href":"https:\/\/briadamagri.com\/ar\/wp-json\/wp\/v2\/product"}],"about":[{"href":"https:\/\/briadamagri.com\/ar\/wp-json\/wp\/v2\/types\/product"}],"replies":[{"embeddable":true,"href":"https:\/\/briadamagri.com\/ar\/wp-json\/wp\/v2\/comments?post=3874"}],"wp:featuredmedia":[{"embeddable":true,"href":"https:\/\/briadamagri.com\/ar\/wp-json\/wp\/v2\/media\/3875"}],"wp:attachment":[{"href":"https:\/\/briadamagri.com\/ar\/wp-json\/wp\/v2\/media?parent=3874"}],"wp:term":[{"taxonomy":"product_brand","embeddable":true,"href":"https:\/\/briadamagri.com\/ar\/wp-json\/wp\/v2\/product_brand?post=3874"},{"taxonomy":"product_cat","embeddable":true,"href":"https:\/\/briadamagri.com\/ar\/wp-json\/wp\/v2\/product_cat?post=3874"},{"taxonomy":"product_tag","embeddable":true,"href":"https:\/\/briadamagri.com\/ar\/wp-json\/wp\/v2\/product_tag?post=3874"}],"curies":[{"name":"wp","href":"https:\/\/api.w.org\/{rel}","templated":true}]}}