{"id":3878,"date":"2026-04-09T19:14:14","date_gmt":"2026-04-09T19:14:14","guid":{"rendered":"https:\/\/briadamagri.com\/?post_type=product&#038;p=3878"},"modified":"2026-04-09T19:14:14","modified_gmt":"2026-04-09T19:14:14","slug":"petits-pots","status":"publish","type":"product","link":"https:\/\/briadamagri.com\/ar\/product\/petits-pots\/","title":{"rendered":"\u0623\u0648\u0627\u0646\u064a \u0635\u063a\u064a\u0631\u0629"},"content":{"rendered":"<p><strong><a href=\"https:\/\/www.icko-apiculture.com\/emballage\/pots-en-verre.html?litrage_pot_ml=8962,8963,8964,8965,8989,8966,8967\">Les petits pots en verre, d&#8217;une capacit\u00e9 g\u00e9n\u00e9ralement comprise entre 30 et 150 millilitres,<\/a><\/strong>\u00a0sont id\u00e9aux pour offrir en cadeau ou pour conserver de petites quantit\u00e9s de miel. Ils permettent aux consommateurs de go\u00fbter et d&#8217;appr\u00e9cier diff\u00e9rentes vari\u00e9t\u00e9s de miel sans s&#8217;engager sur de grandes quantit\u00e9s. De plus, leur format compact et leur esth\u00e9tique soign\u00e9e en font des cadeaux originaux ou la r\u00e9alisation de coffrets de d\u00e9gustation. Ils permettent \u00e9galement de conserver d&#8217;autres produits de la ruche comme la gel\u00e9e royale, le pollen.<\/p>","protected":false},"excerpt":{"rendered":"<p>Les petits pots en verre, d&#8217;une capacit\u00e9 g\u00e9n\u00e9ralement comprise entre 30 et 150 millilitres,\u00a0sont id\u00e9aux pour offrir en cadeau ou pour conserver de petites quantit\u00e9s de miel. Ils permettent aux consommateurs de go\u00fbter et d&#8217;appr\u00e9cier diff\u00e9rentes vari\u00e9t\u00e9s de miel sans s&#8217;engager sur de grandes quantit\u00e9s. De plus, leur format compact et leur esth\u00e9tique soign\u00e9e en&#8230;<\/p>","protected":false},"featured_media":3879,"comment_status":"open","ping_status":"closed","template":"","meta":{"_monsterinsights_skip_tracking":false,"_monsterinsights_sitenote_active":false,"_monsterinsights_sitenote_note":"","_monsterinsights_sitenote_category":0},"product_brand":[],"product_cat":[119],"product_tag":[],"class_list":{"0":"post-3878","1":"product","2":"type-product","3":"status-publish","4":"has-post-thumbnail","6":"product_cat-pot-de-miel","8":"first","9":"instock","10":"shipping-taxable","11":"product-type-simple"},"_links":{"self":[{"href":"https:\/\/briadamagri.com\/ar\/wp-json\/wp\/v2\/product\/3878","targetHints":{"allow":["GET"]}}],"collection":[{"href":"https:\/\/briadamagri.com\/ar\/wp-json\/wp\/v2\/product"}],"about":[{"href":"https:\/\/briadamagri.com\/ar\/wp-json\/wp\/v2\/types\/product"}],"replies":[{"embeddable":true,"href":"https:\/\/briadamagri.com\/ar\/wp-json\/wp\/v2\/comments?post=3878"}],"wp:featuredmedia":[{"embeddable":true,"href":"https:\/\/briadamagri.com\/ar\/wp-json\/wp\/v2\/media\/3879"}],"wp:attachment":[{"href":"https:\/\/briadamagri.com\/ar\/wp-json\/wp\/v2\/media?parent=3878"}],"wp:term":[{"taxonomy":"product_brand","embeddable":true,"href":"https:\/\/briadamagri.com\/ar\/wp-json\/wp\/v2\/product_brand?post=3878"},{"taxonomy":"product_cat","embeddable":true,"href":"https:\/\/briadamagri.com\/ar\/wp-json\/wp\/v2\/product_cat?post=3878"},{"taxonomy":"product_tag","embeddable":true,"href":"https:\/\/briadamagri.com\/ar\/wp-json\/wp\/v2\/product_tag?post=3878"}],"curies":[{"name":"wp","href":"https:\/\/api.w.org\/{rel}","templated":true}]}}