{"id":3896,"date":"2026-04-09T20:00:46","date_gmt":"2026-04-09T20:00:46","guid":{"rendered":"https:\/\/briadamagri.com\/?post_type=product&#038;p=3896"},"modified":"2026-04-09T20:00:46","modified_gmt":"2026-04-09T20:00:46","slug":"un-seau-a-une-capacite-de-75-litres-soit-environ-100-kg-de-miel","status":"publish","type":"product","link":"https:\/\/briadamagri.com\/ar\/product\/un-seau-a-une-capacite-de-75-litres-soit-environ-100-kg-de-miel\/","title":{"rendered":"\u062a\u0628\u0644\u063a \u0633\u0639\u0629 \u0627\u0644\u062f\u0644\u0648 75 \u0644\u062a\u0631\u064b\u0627\u060c \u0623\u0648 \u0645\u0627 \u064a\u0642\u0627\u0631\u0628 100 \u0643\u064a\u0644\u0648\u063a\u0631\u0627\u0645 \u0645\u0646 \u0627\u0644\u0639\u0633\u0644."},"content":{"rendered":"<p><span dir=\"auto\">Un seau pour stocker le miel, fabriqu\u00e9 en t\u00f4le INOX 304 de\u00a0<\/span><strong><span dir=\"auto\">0,6<\/span><\/strong><span dir=\"auto\">\u00a0mm d&#8217;\u00e9paisseur, r\u00e9sistante aux acides et aux champs magn\u00e9tiques, utilis\u00e9e dans l&#8217;industrie alimentaire et qui n&#8217;affecte pas le miel.<\/span><\/p>\n<p><span dir=\"auto\">Ce seau a une capacit\u00e9 de 75 litres, soit environ 100 kg de miel.<\/span><br \/>\n<span dir=\"auto\">Il est \u00e9quip\u00e9 d&#8217;un robinet en acier inoxydable 304 soud\u00e9 et de clips de fermeture qui emp\u00eachent les fuites pendant le transport.<\/span><\/p>\n<p><span dir=\"auto\">Le diam\u00e8tre int\u00e9rieur du seau est de 400 mm et sa hauteur est de 625 mm.<\/span><\/p>","protected":false},"excerpt":{"rendered":"<p>Un seau pour stocker le miel, fabriqu\u00e9 en t\u00f4le INOX 304 de\u00a00,6\u00a0mm d&#8217;\u00e9paisseur, r\u00e9sistante aux acides et aux champs magn\u00e9tiques, utilis\u00e9e dans l&#8217;industrie alimentaire et qui n&#8217;affecte pas le miel. Ce seau a une capacit\u00e9 de 75 litres, soit environ 100 kg de miel. Il est \u00e9quip\u00e9 d&#8217;un robinet en acier inoxydable 304 soud\u00e9 et&#8230;<\/p>","protected":false},"featured_media":3897,"comment_status":"open","ping_status":"closed","template":"","meta":{"_monsterinsights_skip_tracking":false,"_monsterinsights_sitenote_active":false,"_monsterinsights_sitenote_note":"","_monsterinsights_sitenote_category":0},"product_brand":[],"product_cat":[118],"product_tag":[],"class_list":{"0":"post-3896","1":"product","2":"type-product","3":"status-publish","4":"has-post-thumbnail","6":"product_cat-maturateur","8":"first","9":"instock","10":"shipping-taxable","11":"product-type-simple"},"_links":{"self":[{"href":"https:\/\/briadamagri.com\/ar\/wp-json\/wp\/v2\/product\/3896","targetHints":{"allow":["GET"]}}],"collection":[{"href":"https:\/\/briadamagri.com\/ar\/wp-json\/wp\/v2\/product"}],"about":[{"href":"https:\/\/briadamagri.com\/ar\/wp-json\/wp\/v2\/types\/product"}],"replies":[{"embeddable":true,"href":"https:\/\/briadamagri.com\/ar\/wp-json\/wp\/v2\/comments?post=3896"}],"wp:featuredmedia":[{"embeddable":true,"href":"https:\/\/briadamagri.com\/ar\/wp-json\/wp\/v2\/media\/3897"}],"wp:attachment":[{"href":"https:\/\/briadamagri.com\/ar\/wp-json\/wp\/v2\/media?parent=3896"}],"wp:term":[{"taxonomy":"product_brand","embeddable":true,"href":"https:\/\/briadamagri.com\/ar\/wp-json\/wp\/v2\/product_brand?post=3896"},{"taxonomy":"product_cat","embeddable":true,"href":"https:\/\/briadamagri.com\/ar\/wp-json\/wp\/v2\/product_cat?post=3896"},{"taxonomy":"product_tag","embeddable":true,"href":"https:\/\/briadamagri.com\/ar\/wp-json\/wp\/v2\/product_tag?post=3896"}],"curies":[{"name":"wp","href":"https:\/\/api.w.org\/{rel}","templated":true}]}}