{"id":3908,"date":"2026-04-09T20:57:22","date_gmt":"2026-04-09T20:57:22","guid":{"rendered":"https:\/\/briadamagri.com\/?post_type=product&#038;p=3908"},"modified":"2026-04-09T20:57:22","modified_gmt":"2026-04-09T20:57:22","slug":"doseuse-et-pompe-a-miel-professionnelle","status":"publish","type":"product","link":"https:\/\/briadamagri.com\/ar\/product\/doseuse-et-pompe-a-miel-professionnelle\/","title":{"rendered":"\u0645\u0648\u0632\u0639 \u0648\u0645\u0636\u062e\u0629 \u0639\u0633\u0644 \u0627\u062d\u062a\u0631\u0627\u0641\u064a\u0629"},"content":{"rendered":"<p>Optimisez votre mise en pot avec la doseuse , l&#8217;\u00e9quipement professionnel id\u00e9al pour conditionner miels liquides et cr\u00e9meux. Cet appareil polyvalent combine une pompe \u00e0 engrenages performante et un programmateur \u00e9lectronique, assurant un dosage constant d&#8217;une pr\u00e9cision de 1 gramme. Aspirez le miel directement depuis votre maturateur et utilisez-la comme pompe de transfert. Sa cadence \u00e9lev\u00e9e (jusqu&#8217;\u00e0 600 kg\/heure) en fait un atout majeur pour votre miellerie, support en inox inclus.<\/p>","protected":false},"excerpt":{"rendered":"<p>Optimisez votre mise en pot avec la doseuse , l&#8217;\u00e9quipement professionnel id\u00e9al pour conditionner miels liquides et cr\u00e9meux. Cet appareil polyvalent combine une pompe \u00e0 engrenages performante et un programmateur \u00e9lectronique, assurant un dosage constant d&#8217;une pr\u00e9cision de 1 gramme. Aspirez le miel directement depuis votre maturateur et utilisez-la comme pompe de transfert. Sa cadence&#8230;<\/p>","protected":false},"featured_media":3909,"comment_status":"open","ping_status":"closed","template":"","meta":{"_monsterinsights_skip_tracking":false,"_monsterinsights_sitenote_active":false,"_monsterinsights_sitenote_note":"","_monsterinsights_sitenote_category":0},"product_brand":[],"product_cat":[120],"product_tag":[],"class_list":{"0":"post-3908","1":"product","2":"type-product","3":"status-publish","4":"has-post-thumbnail","6":"product_cat-doseuse","8":"first","9":"instock","10":"shipping-taxable","11":"product-type-simple"},"_links":{"self":[{"href":"https:\/\/briadamagri.com\/ar\/wp-json\/wp\/v2\/product\/3908","targetHints":{"allow":["GET"]}}],"collection":[{"href":"https:\/\/briadamagri.com\/ar\/wp-json\/wp\/v2\/product"}],"about":[{"href":"https:\/\/briadamagri.com\/ar\/wp-json\/wp\/v2\/types\/product"}],"replies":[{"embeddable":true,"href":"https:\/\/briadamagri.com\/ar\/wp-json\/wp\/v2\/comments?post=3908"}],"wp:featuredmedia":[{"embeddable":true,"href":"https:\/\/briadamagri.com\/ar\/wp-json\/wp\/v2\/media\/3909"}],"wp:attachment":[{"href":"https:\/\/briadamagri.com\/ar\/wp-json\/wp\/v2\/media?parent=3908"}],"wp:term":[{"taxonomy":"product_brand","embeddable":true,"href":"https:\/\/briadamagri.com\/ar\/wp-json\/wp\/v2\/product_brand?post=3908"},{"taxonomy":"product_cat","embeddable":true,"href":"https:\/\/briadamagri.com\/ar\/wp-json\/wp\/v2\/product_cat?post=3908"},{"taxonomy":"product_tag","embeddable":true,"href":"https:\/\/briadamagri.com\/ar\/wp-json\/wp\/v2\/product_tag?post=3908"}],"curies":[{"name":"wp","href":"https:\/\/api.w.org\/{rel}","templated":true}]}}