{"id":3947,"date":"2026-04-09T23:21:59","date_gmt":"2026-04-09T23:21:59","guid":{"rendered":"https:\/\/briadamagri.com\/?post_type=product&#038;p=3947"},"modified":"2026-04-09T23:22:00","modified_gmt":"2026-04-09T23:22:00","slug":"fondoir-a-cire-a-vapeur-17-l","status":"publish","type":"product","link":"https:\/\/briadamagri.com\/ar\/product\/fondoir-a-cire-a-vapeur-17-l\/","title":{"rendered":"\u062c\u0647\u0627\u0632 \u0625\u0630\u0627\u0628\u0629 \u0627\u0644\u0634\u0645\u0639 \u0628\u0627\u0644\u0628\u062e\u0627\u0631 \u0633\u0639\u0629 17 \u0644\u062a\u0631\u064b\u0627"},"content":{"rendered":"<p>Con\u00e7u pour le traitement \u00e0 la vapeur du fromage \u00e0 p\u00e2te fil\u00e9e, cet appareil se compose d&#8217;une cuve externe et d&#8217;une cuve interne, d&#8217;un r\u00e9cipient pour recueillir la p\u00e2te, d&#8217;un couvercle, de deux poign\u00e9es de transport et d&#8217;un tuyau d&#8217;\u00e9vacuation muni d&#8217;un \u00e9crou. La paroi de la cuve interne est perc\u00e9e pour permettre le passage de la vapeur.<\/p>","protected":false},"excerpt":{"rendered":"<p>Con\u00e7u pour le traitement \u00e0 la vapeur du fromage \u00e0 p\u00e2te fil\u00e9e, cet appareil se compose d&#8217;une cuve externe et d&#8217;une cuve interne, d&#8217;un r\u00e9cipient pour recueillir la p\u00e2te, d&#8217;un couvercle, de deux poign\u00e9es de transport et d&#8217;un tuyau d&#8217;\u00e9vacuation muni d&#8217;un \u00e9crou. La paroi de la cuve interne est perc\u00e9e pour permettre le passage&#8230;<\/p>","protected":false},"featured_media":3948,"comment_status":"open","ping_status":"closed","template":"","meta":{"_monsterinsights_skip_tracking":false,"_monsterinsights_sitenote_active":false,"_monsterinsights_sitenote_note":"","_monsterinsights_sitenote_category":0},"product_brand":[],"product_cat":[122],"product_tag":[],"class_list":{"0":"post-3947","1":"product","2":"type-product","3":"status-publish","4":"has-post-thumbnail","6":"product_cat-bac-de-desoperculer","8":"first","9":"instock","10":"shipping-taxable","11":"product-type-simple"},"_links":{"self":[{"href":"https:\/\/briadamagri.com\/ar\/wp-json\/wp\/v2\/product\/3947","targetHints":{"allow":["GET"]}}],"collection":[{"href":"https:\/\/briadamagri.com\/ar\/wp-json\/wp\/v2\/product"}],"about":[{"href":"https:\/\/briadamagri.com\/ar\/wp-json\/wp\/v2\/types\/product"}],"replies":[{"embeddable":true,"href":"https:\/\/briadamagri.com\/ar\/wp-json\/wp\/v2\/comments?post=3947"}],"wp:featuredmedia":[{"embeddable":true,"href":"https:\/\/briadamagri.com\/ar\/wp-json\/wp\/v2\/media\/3948"}],"wp:attachment":[{"href":"https:\/\/briadamagri.com\/ar\/wp-json\/wp\/v2\/media?parent=3947"}],"wp:term":[{"taxonomy":"product_brand","embeddable":true,"href":"https:\/\/briadamagri.com\/ar\/wp-json\/wp\/v2\/product_brand?post=3947"},{"taxonomy":"product_cat","embeddable":true,"href":"https:\/\/briadamagri.com\/ar\/wp-json\/wp\/v2\/product_cat?post=3947"},{"taxonomy":"product_tag","embeddable":true,"href":"https:\/\/briadamagri.com\/ar\/wp-json\/wp\/v2\/product_tag?post=3947"}],"curies":[{"name":"wp","href":"https:\/\/api.w.org\/{rel}","templated":true}]}}