{"id":3956,"date":"2026-04-09T23:54:57","date_gmt":"2026-04-09T23:54:57","guid":{"rendered":"https:\/\/briadamagri.com\/?post_type=product&#038;p=3956"},"modified":"2026-04-10T20:17:51","modified_gmt":"2026-04-10T20:17:51","slug":"%d8%a2%d9%84%d8%a9-%d8%aa%d8%b4%d9%83%d9%8a%d9%84-%d8%a7%d9%84%d8%b4%d8%b1%d9%8a%d8%b7-%d9%88%d8%a2%d9%84%d8%a9-%d9%84%d9%81-%d8%a7%d9%84%d8%b4%d9%85%d8%b9","status":"publish","type":"product","link":"https:\/\/briadamagri.com\/ar\/product\/%d8%a2%d9%84%d8%a9-%d8%aa%d8%b4%d9%83%d9%8a%d9%84-%d8%a7%d9%84%d8%b4%d8%b1%d9%8a%d8%b7-%d9%88%d8%a2%d9%84%d8%a9-%d9%84%d9%81-%d8%a7%d9%84%d8%b4%d9%85%d8%b9\/","title":{"rendered":"\u0622\u0644\u0629 \u062a\u0634\u0643\u064a\u0644 \u0627\u0644\u0634\u0631\u0627\u0626\u0637 \u0648\u0622\u0644\u0629 \u0644\u0641 \u0627\u0644\u0634\u0645\u0639."},"content":{"rendered":"<p><span dir=\"auto\">\u062a\u062a\u0643\u0648\u0646 \u0627\u0644\u0648\u062d\u062f\u0629 \u0645\u0646 \u062c\u0632\u0623\u064a\u0646 \u0631\u0626\u064a\u0633\u064a\u064a\u0646: \u0622\u0644\u0629 \u062a\u0634\u0643\u064a\u0644 \u0627\u0644\u0634\u0631\u064a\u0637 \u0648\u0622\u0644\u0629 \u0644\u0641 \u0627\u0644\u0634\u0645\u0639.<\/span><br \/>\n<span dir=\"auto\">\u062a\u0642\u0648\u0645 \u0622\u0644\u0629 \u062a\u0634\u0643\u064a\u0644 \u0627\u0644\u0634\u0631\u064a\u0637 \u0628\u0625\u0646\u062a\u0627\u062c \u0634\u0631\u064a\u0637 \u0634\u0645\u0639\u064a \u0646\u0627\u0639\u0645 \u0645\u0644\u0641\u0648\u0641 \u0639\u0644\u0649 \u0634\u0643\u0644 \u0644\u0641\u0629.<\/span><br \/>\n<span dir=\"auto\">\u064a\u062a\u0645\u064a\u0632 \u0647\u0630\u0627 \u0627\u0644\u062c\u0647\u0627\u0632 \u0628\u062a\u062c\u0647\u064a\u0632\u0647 \u0628\u062d\u062c\u0631\u0629 \u0636\u063a\u0637 \u062e\u0627\u0635\u0629. \u0639\u0646\u062f \u0645\u0631\u0648\u0631 \u0627\u0644\u0634\u0645\u0639 \u0639\u0628\u0631 \u0647\u0630\u0647 \u0627\u0644\u062d\u062c\u0631\u0629\u060c \u064a\u062a\u0645 \u0636\u063a\u0637\u0647 \u0648\u062a\u0648\u062d\u064a\u062f \u062a\u0631\u0643\u064a\u0628\u0647 \u0639\u0644\u0649 \u0637\u0648\u0644 \u0627\u0644\u0634\u0631\u064a\u0637 \u0628\u0627\u0644\u0643\u0627\u0645\u0644. \u0648\u0647\u0630\u0627 \u064a\u0636\u0645\u0646 \u0627\u0644\u0642\u0648\u0629 \u0648\u0627\u0644\u0645\u0631\u0648\u0646\u0629 \u0648\u0627\u0644\u0635\u0644\u0627\u0628\u0629 \u0627\u0644\u0644\u0627\u0632\u0645\u0629\u060c \u0648\u0647\u064a \u062e\u0635\u0627\u0626\u0635 \u0623\u0633\u0627\u0633\u064a\u0629 \u0644\u0627\u0633\u062a\u0628\u062f\u0627\u0644 \u0623\u0642\u0631\u0627\u0635 \u0627\u0644\u0639\u0633\u0644 \u0641\u064a \u0627\u0644\u062e\u0644\u064a\u0629 \u062e\u0644\u0627\u0644 \u0641\u0635\u0644 \u0627\u0644\u0635\u064a\u0641 \u0648\u0644\u062c\u0646\u064a \u0627\u0644\u0639\u0633\u0644. \u0639\u0646\u062f \u0645\u062e\u0631\u062c \u062d\u062c\u0631\u0629 \u0627\u0644\u0636\u063a\u0637\u060c \u0648\u0628\u0641\u0636\u0644 \u0639\u062f\u0629 \u0623\u062f\u0648\u0627\u062a \u0645\u0633\u0627\u0639\u062f\u0629\u060c \u064a\u062a\u0645 \u0627\u0644\u062d\u0635\u0648\u0644 \u0639\u0644\u0649 \u0634\u0631\u064a\u0637 \u0634\u0645\u0639\u064a \u0628\u0639\u0631\u0636 \u064a\u062a\u0631\u0627\u0648\u062d \u0628\u064a\u0646 100 \u0648350 \u0645\u0644\u0645.<\/span><br \/>\n<span dir=\"auto\">\u064a\u062a\u0645 \u062a\u0634\u0643\u064a\u0644 \u0646\u0635\u0641 \u0642\u0637\u0631 \u0627\u0644\u0634\u0645\u0639 \u0627\u0644\u0646\u0647\u0627\u0626\u064a \u0639\u0644\u0649 \u0622\u0644\u0629 \u0644\u0641 \u0627\u0644\u0634\u0645\u0639.<\/span><br \/>\n<span dir=\"auto\">\u064a\u064f\u062c\u0647\u0632 \u0627\u0644\u062c\u0647\u0627\u0632 \u0627\u0644\u0623\u062e\u064a\u0631 \u0628\u0622\u0644\u064a\u0629 \u0634\u062f \u0645\u0633\u062a\u0642\u0644\u0629 \u062a\u0636\u0645\u0646 \u062f\u0642\u0629 \u062d\u062c\u0645 \u0648\u0634\u0643\u0644 \u0627\u0644\u062e\u0644\u0627\u064a\u0627. \u062a\u0639\u0645\u0644 \u0647\u0630\u0647 \u0627\u0644\u0622\u0644\u064a\u0629 \u0639\u0644\u0649 \u0636\u0628\u0637 \u0634\u062f \u0634\u0631\u064a\u0637 \u0627\u0644\u0634\u0645\u0639 \u0627\u0644\u062e\u0627\u0631\u062c \u0645\u0646 \u0627\u0644\u0628\u0643\u0631\u0627\u062a\u060c \u0648\u0628\u0627\u0644\u062a\u0627\u0644\u064a \u062a\u0646\u0638\u064a\u0645 \u062d\u062c\u0645 \u0627\u0644\u062e\u0644\u0627\u064a\u0627 \u0623\u062b\u0646\u0627\u0621 \u0639\u0645\u0644\u064a\u0629 \u0627\u0644\u062a\u063a\u0644\u064a\u0641\u060c \u062d\u064a\u062b \u062a\u0624\u062b\u0631 \u062f\u0631\u062c\u0629 \u0627\u0644\u062d\u0631\u0627\u0631\u0629 \u0627\u0644\u0645\u062d\u064a\u0637\u0629 \u0648\u0627\u0644\u0631\u0637\u0648\u0628\u0629 \u0628\u0634\u0643\u0644 \u0643\u0628\u064a\u0631 \u0639\u0644\u0649 \u0647\u0630\u0627 \u0627\u0644\u062d\u062c\u0645. \u0643\u0645\u0627 \u064a\u0645\u0643\u0646 \u062a\u0639\u062f\u064a\u0644 \u0637\u0648\u0644 \u0623\u0644\u0648\u0627\u062d \u0627\u0644\u0634\u0645\u0639 \u0645\u0646 300 \u0645\u0645 \u0625\u0644\u0649 500 \u0645\u0645 \u0639\u0628\u0631 \u0622\u0644\u064a\u0629 \u0627\u0644\u0642\u0637\u0639. \u0627\u0644\u062d\u062f \u0627\u0644\u0623\u062f\u0646\u0649 \u0644\u0644\u0645\u0633\u0627\u062d\u0629 \u0627\u0644\u0645\u0637\u0644\u0648\u0628\u0629 \u0644\u0644\u062a\u0631\u0643\u064a\u0628 \u0647\u0648 20 \u0645\u062a\u0631\u064b\u0627 \u0645\u0631\u0628\u0639\u064b\u0627.<\/span><\/p>\n<p>&nbsp;<\/p>\n<p><span dir=\"auto\">\u064a\u0645\u0643\u0646 \u062a\u0634\u063a\u064a\u0644 \u0647\u0630\u0647 \u0627\u0644\u0648\u062d\u062f\u0627\u062a \u0645\u0639 \u0623\u0648 \u0628\u062f\u0648\u0646 \u0645\u0628\u0631\u062f\u0627\u062a \u0633\u0627\u0626\u0644\u0629 (\u0641\u064a \u0647\u0630\u0627 \u0627\u0644\u0625\u0635\u062f\u0627\u0631\u060c \u064a\u062a\u0645 \u0627\u0644\u062a\u0628\u0631\u064a\u062f \u0628\u0648\u0627\u0633\u0637\u0629 \u0627\u0644\u0645\u0627\u0621 \u0627\u0644\u062c\u0627\u0631\u064a). \u0644\u0627 \u062a\u0648\u0641\u0631 \u0627\u0644\u0634\u0631\u0643\u0629 \u0627\u0644\u0645\u0635\u0646\u0639\u0629 \u0645\u0628\u0631\u062f\u0627\u062a \u0633\u0627\u0626\u0644\u0629.<\/span><br \/>\n<span dir=\"auto\">\u0627\u0644\u0645\u064a\u0632\u0627\u062a \u0627\u0644\u0631\u0626\u064a\u0633\u064a\u0629 \u0627\u0644\u0645\u0648\u0635\u0649 \u0628\u0647\u0627 \u0644\u0645\u0628\u0631\u062f \u0627\u0644\u0633\u0648\u0627\u0626\u0644 \u0641\u064a \u0648\u062d\u062f\u062a\u064a AIVOX-50-1 \u0648 AIVOX-50-2:<\/span><br \/>\n<span dir=\"auto\">\u0642\u062f\u0631\u0629 \u062a\u0628\u0631\u064a\u062f \u062a\u0628\u0644\u063a 10 \u0643\u064a\u0644\u0648\u0648\u0627\u0637\u061b<\/span><br \/>\n<span dir=\"auto\">\u0645\u0639\u062f\u0644 \u062a\u062f\u0641\u0642 \u0627\u0644\u0645\u0628\u0631\u062f \u0627\u0644\u0627\u0633\u0645\u064a 2 \u0645\u00b3\/\u0633\u0627\u0639\u0629\u061b<\/span><br \/>\n<span dir=\"auto\">\u062f\u0631\u062c\u0629 \u0627\u0644\u062d\u0631\u0627\u0631\u0629 \u0627\u0644\u0645\u062d\u064a\u0637\u0629 \u0627\u0644\u0645\u0642\u062f\u0631\u0629 +35 \u062f\u0631\u062c\u0629 \u0645\u0626\u0648\u064a\u0629\u061b<\/span><br \/>\n<span dir=\"auto\">\u0646\u0637\u0627\u0642 \u062f\u0631\u062c\u0629 \u062d\u0631\u0627\u0631\u0629 \u0627\u0644\u062a\u0634\u063a\u064a\u0644 \u0627\u0644\u0645\u062d\u064a\u0637\u0629 \u0645\u0646 +5 \u062f\u0631\u062c\u0629 \u0645\u0626\u0648\u064a\u0629 \u0625\u0644\u0649 +43 \u062f\u0631\u062c\u0629 \u0645\u0626\u0648\u064a\u0629\u061b<\/span><br \/>\n<span dir=\"auto\">\u0633\u0639\u0629 \u062e\u0632\u0627\u0646 \u0627\u0644\u0633\u0648\u0627\u0626\u0644 70 \u0644\u062a\u0631\u064b\u0627.<\/span><br \/>\n<span dir=\"auto\">\u0628\u0627\u0644\u0646\u0633\u0628\u0629 \u0644\u0648\u062d\u062f\u0629 AIVOX-100-2\u060c \u064a\u0644\u0632\u0645 \u0648\u062c\u0648\u062f \u0645\u0628\u0631\u062f\u064a\u0646 \u0633\u0627\u0626\u0644\u064a\u0646 \u064a\u0644\u0628\u064a\u0627\u0646 \u0646\u0641\u0633 \u0627\u0644\u0645\u0648\u0627\u0635\u0641\u0627\u062a.<\/span><\/p>","protected":false},"excerpt":{"rendered":"<p>L&#8217;unit\u00e9 se compose de deux parties principales : une machine \u00e0 former le ruban et une machine \u00e0 rouler la cire. La machine \u00e0 former le ruban permet d&#8217;obtenir un ruban de cire lisse enroul\u00e9 en rouleau. Elle est notamment \u00e9quip\u00e9e d&#8217;une chambre de pressage sp\u00e9ciale. Lors de son passage dans cette chambre, la cire&#8230;<\/p>","protected":false},"featured_media":3963,"comment_status":"open","ping_status":"closed","template":"","meta":{"_monsterinsights_skip_tracking":false,"_monsterinsights_sitenote_active":false,"_monsterinsights_sitenote_note":"","_monsterinsights_sitenote_category":0},"product_brand":[],"product_cat":[124],"product_tag":[],"class_list":{"0":"post-3956","1":"product","2":"type-product","3":"status-publish","4":"has-post-thumbnail","6":"product_cat-machine-a-gaufrer","8":"first","9":"instock","10":"featured","11":"shipping-taxable","12":"product-type-simple"},"_links":{"self":[{"href":"https:\/\/briadamagri.com\/ar\/wp-json\/wp\/v2\/product\/3956","targetHints":{"allow":["GET"]}}],"collection":[{"href":"https:\/\/briadamagri.com\/ar\/wp-json\/wp\/v2\/product"}],"about":[{"href":"https:\/\/briadamagri.com\/ar\/wp-json\/wp\/v2\/types\/product"}],"replies":[{"embeddable":true,"href":"https:\/\/briadamagri.com\/ar\/wp-json\/wp\/v2\/comments?post=3956"}],"wp:featuredmedia":[{"embeddable":true,"href":"https:\/\/briadamagri.com\/ar\/wp-json\/wp\/v2\/media\/3963"}],"wp:attachment":[{"href":"https:\/\/briadamagri.com\/ar\/wp-json\/wp\/v2\/media?parent=3956"}],"wp:term":[{"taxonomy":"product_brand","embeddable":true,"href":"https:\/\/briadamagri.com\/ar\/wp-json\/wp\/v2\/product_brand?post=3956"},{"taxonomy":"product_cat","embeddable":true,"href":"https:\/\/briadamagri.com\/ar\/wp-json\/wp\/v2\/product_cat?post=3956"},{"taxonomy":"product_tag","embeddable":true,"href":"https:\/\/briadamagri.com\/ar\/wp-json\/wp\/v2\/product_tag?post=3956"}],"curies":[{"name":"wp","href":"https:\/\/api.w.org\/{rel}","templated":true}]}}