{"id":3965,"date":"2026-04-10T00:05:02","date_gmt":"2026-04-10T00:05:02","guid":{"rendered":"https:\/\/briadamagri.com\/?post_type=product&#038;p=3965"},"modified":"2026-04-10T08:55:47","modified_gmt":"2026-04-10T08:55:47","slug":"machine-de-formage-de-ruban-avec-armoire-de-commande-avec-possibilite-de-raccordement-a-un-systeme-de-refroidissement","status":"publish","type":"product","link":"https:\/\/briadamagri.com\/ar\/product\/machine-de-formage-de-ruban-avec-armoire-de-commande-avec-possibilite-de-raccordement-a-un-systeme-de-refroidissement\/","title":{"rendered":"\u0622\u0644\u0629 \u062a\u0634\u0643\u064a\u0644 \u0627\u0644\u0634\u0631\u0627\u0626\u0637 \u0645\u0639 \u062e\u0632\u0627\u0646\u0629 \u062a\u062d\u0643\u0645 (\u0645\u0639 \u0625\u0645\u0643\u0627\u0646\u064a\u0629 \u0627\u0644\u062a\u0648\u0635\u064a\u0644 \u0628\u0646\u0638\u0627\u0645 \u062a\u0628\u0631\u064a\u062f)"},"content":{"rendered":"<ul>\n<li>\n<p class=\"ds-markdown-paragraph\"><strong>Nom du mod\u00e8le<\/strong>\u00a0: \u0410\u0418\u0412\u041e\u0425-50-1 \/ \u0410\u0418\u0412\u041e\u0425-50-2 \/ \u0410\u0418\u0412\u041e\u0425-100-2<\/p>\n<\/li>\n<\/ul>\n<p class=\"ds-markdown-paragraph\"><strong>Donn\u00e9es g\u00e9n\u00e9rales :<\/strong><\/p>\n<ul>\n<li>\n<p class=\"ds-markdown-paragraph\">Consommation d&#8217;eau : 25 litres\/minute (pour \u0410\u0418\u0412\u041e\u0425-50-1 et \u0410\u0418\u0412\u041e\u0425-50-2) ; 50 litres\/minute (pour \u0410\u0418\u0412\u041e\u0425-100-2)<\/p>\n<\/li>\n<li>\n<p class=\"ds-markdown-paragraph\">Temp\u00e9rature de l&#8217;eau : +12\u2026+18 \u00b0C<\/p>\n<\/li>\n<li>\n<p class=\"ds-markdown-paragraph\">Pression d&#8217;eau minimale : 0,15 MPa (1,5 kg\/cm\u00b2)<\/p>\n<\/li>\n<\/ul>\n<p class=\"ds-markdown-paragraph\"><strong>Dimensions hors tout (mm) :<\/strong><\/p>\n<ul>\n<li>\n<p class=\"ds-markdown-paragraph\">Longueur : 1700<\/p>\n<\/li>\n<li>\n<p class=\"ds-markdown-paragraph\">Largeur : 950<\/p>\n<\/li>\n<li>\n<p class=\"ds-markdown-paragraph\">Hauteur : 1200<\/p>\n<\/li>\n<\/ul>\n<p class=\"ds-markdown-paragraph\"><strong>Poids :<\/strong>\u00a0800 kg<\/p>\n<p class=\"ds-markdown-paragraph\"><strong>Capacit\u00e9 de production :<\/strong><\/p>\n<ul>\n<li>\n<p class=\"ds-markdown-paragraph\">40-50 kg\/heure (\u0410\u0418\u0412\u041e\u0425-50-1, \u0410\u0418\u0412\u041e\u0425-50-2)<\/p>\n<\/li>\n<li>\n<p class=\"ds-markdown-paragraph\">80-100 kg\/heure (\u0410\u0418\u0412\u041e\u0425-100-2)<\/p>\n<\/li>\n<\/ul>\n<p class=\"ds-markdown-paragraph\"><strong>Bande de cire :<\/strong><\/p>\n<ul>\n<li>\n<p class=\"ds-markdown-paragraph\">Largeur standard : 260 mm<\/p>\n<\/li>\n<li>\n<p class=\"ds-markdown-paragraph\">\u00c9paisseur : 1,0-1,4 mm<\/p>\n<\/li>\n<\/ul>\n<p class=\"ds-markdown-paragraph\"><strong>Puissance consomm\u00e9e (kW) :<\/strong><\/p>\n<ul>\n<li>\n<p class=\"ds-markdown-paragraph\">Puissance des moteurs \u00e9lectriques : 2,2 (\u0410\u0418\u0412\u041e\u0425-50-1, \u0410\u0418\u0412\u041e\u0425-50-2) ; 2,2 x 2 (\u0410\u0418\u0412\u041e\u0425-100-2)<\/p>\n<\/li>\n<li>\n<p class=\"ds-markdown-paragraph\">Moteur d&#8217;entra\u00eenement des cylindres lisses : 0,55 kW<\/p>\n<\/li>\n<li>\n<p class=\"ds-markdown-paragraph\">Puissance des r\u00e9sistances chauffantes (TEN) du bain sous tambour : 1 kW (\u0410\u0418\u0412\u041e\u0425-50-1, \u0410\u0418\u0412\u041e\u0425-50-2) ; 1 x 2 kW (\u0410\u0418\u0412\u041e\u0425-100-2)<\/p>\n<\/li>\n<li>\n<p class=\"ds-markdown-paragraph\">Puissance des r\u00e9sistances chauffantes (TEN) de la chambre de pressage : 0,5 x 2 kW (\u0410\u0418\u0412\u041e\u0425-50-1, \u0410\u0418\u0412\u041e\u0425-50-2) ; (0,5 x 2) x 2 kW (\u0410\u0418\u0412\u041e\u0425-100-2)<\/p>\n<\/li>\n<\/ul>","protected":false},"excerpt":{"rendered":"<p>Nom du mod\u00e8le\u00a0: \u0410\u0418\u0412\u041e\u0425-50-1 \/ \u0410\u0418\u0412\u041e\u0425-50-2 \/ \u0410\u0418\u0412\u041e\u0425-100-2 Donn\u00e9es g\u00e9n\u00e9rales : Consommation d&#8217;eau : 25 litres\/minute (pour \u0410\u0418\u0412\u041e\u0425-50-1 et \u0410\u0418\u0412\u041e\u0425-50-2) ; 50 litres\/minute (pour \u0410\u0418\u0412\u041e\u0425-100-2) Temp\u00e9rature de l&#8217;eau : +12\u2026+18 \u00b0C Pression d&#8217;eau minimale : 0,15 MPa (1,5 kg\/cm\u00b2) Dimensions hors tout (mm) : Longueur : 1700 Largeur : 950 Hauteur : 1200 Poids :\u00a0800&#8230;<\/p>","protected":false},"featured_media":4005,"comment_status":"open","ping_status":"closed","template":"","meta":{"_monsterinsights_skip_tracking":false,"_monsterinsights_sitenote_active":false,"_monsterinsights_sitenote_note":"","_monsterinsights_sitenote_category":0},"product_brand":[],"product_cat":[124],"product_tag":[],"class_list":{"0":"post-3965","1":"product","2":"type-product","3":"status-publish","4":"has-post-thumbnail","6":"product_cat-machine-a-gaufrer","8":"first","9":"instock","10":"shipping-taxable","11":"product-type-simple"},"_links":{"self":[{"href":"https:\/\/briadamagri.com\/ar\/wp-json\/wp\/v2\/product\/3965","targetHints":{"allow":["GET"]}}],"collection":[{"href":"https:\/\/briadamagri.com\/ar\/wp-json\/wp\/v2\/product"}],"about":[{"href":"https:\/\/briadamagri.com\/ar\/wp-json\/wp\/v2\/types\/product"}],"replies":[{"embeddable":true,"href":"https:\/\/briadamagri.com\/ar\/wp-json\/wp\/v2\/comments?post=3965"}],"wp:featuredmedia":[{"embeddable":true,"href":"https:\/\/briadamagri.com\/ar\/wp-json\/wp\/v2\/media\/4005"}],"wp:attachment":[{"href":"https:\/\/briadamagri.com\/ar\/wp-json\/wp\/v2\/media?parent=3965"}],"wp:term":[{"taxonomy":"product_brand","embeddable":true,"href":"https:\/\/briadamagri.com\/ar\/wp-json\/wp\/v2\/product_brand?post=3965"},{"taxonomy":"product_cat","embeddable":true,"href":"https:\/\/briadamagri.com\/ar\/wp-json\/wp\/v2\/product_cat?post=3965"},{"taxonomy":"product_tag","embeddable":true,"href":"https:\/\/briadamagri.com\/ar\/wp-json\/wp\/v2\/product_tag?post=3965"}],"curies":[{"name":"wp","href":"https:\/\/api.w.org\/{rel}","templated":true}]}}