{"id":3972,"date":"2026-04-10T00:29:45","date_gmt":"2026-04-10T00:29:45","guid":{"rendered":"https:\/\/briadamagri.com\/?post_type=product&#038;p=3972"},"modified":"2026-04-10T00:36:21","modified_gmt":"2026-04-10T00:36:21","slug":"rouleaux-graves-a-la-main","status":"publish","type":"product","link":"https:\/\/briadamagri.com\/ar\/product\/rouleaux-graves-a-la-main\/","title":{"rendered":"\u0644\u0641\u0627\u0626\u0641 \u0645\u062d\u0641\u0648\u0631\u0629 \u064a\u062f\u0648\u064a\u0627\u064b"},"content":{"rendered":"<p><span dir=\"auto\">Con\u00e7us pour le laminage manuel de rubans ou de feuilles de cire lisses et l&#8217;obtention de la cire.<\/span><br \/>\n<span dir=\"auto\">Ils se distinguent des rouleaux grav\u00e9s \u00e0 la machine par leur conception, le diam\u00e8tre plus petit de leur axe, leur poids et leur co\u00fbt. Mont\u00e9s sur roulements.<\/span><\/p>","protected":false},"excerpt":{"rendered":"<p>Con\u00e7us pour le laminage manuel de rubans ou de feuilles de cire lisses et l&#8217;obtention de la cire. Ils se distinguent des rouleaux grav\u00e9s \u00e0 la machine par leur conception, le diam\u00e8tre plus petit de leur axe, leur poids et leur co\u00fbt. Mont\u00e9s sur roulements.<\/p>","protected":false},"featured_media":3973,"comment_status":"open","ping_status":"closed","template":"","meta":{"_monsterinsights_skip_tracking":false,"_monsterinsights_sitenote_active":false,"_monsterinsights_sitenote_note":"","_monsterinsights_sitenote_category":0},"product_brand":[],"product_cat":[124],"product_tag":[],"class_list":{"0":"post-3972","1":"product","2":"type-product","3":"status-publish","4":"has-post-thumbnail","6":"product_cat-machine-a-gaufrer","8":"first","9":"instock","10":"shipping-taxable","11":"product-type-simple"},"_links":{"self":[{"href":"https:\/\/briadamagri.com\/ar\/wp-json\/wp\/v2\/product\/3972","targetHints":{"allow":["GET"]}}],"collection":[{"href":"https:\/\/briadamagri.com\/ar\/wp-json\/wp\/v2\/product"}],"about":[{"href":"https:\/\/briadamagri.com\/ar\/wp-json\/wp\/v2\/types\/product"}],"replies":[{"embeddable":true,"href":"https:\/\/briadamagri.com\/ar\/wp-json\/wp\/v2\/comments?post=3972"}],"wp:featuredmedia":[{"embeddable":true,"href":"https:\/\/briadamagri.com\/ar\/wp-json\/wp\/v2\/media\/3973"}],"wp:attachment":[{"href":"https:\/\/briadamagri.com\/ar\/wp-json\/wp\/v2\/media?parent=3972"}],"wp:term":[{"taxonomy":"product_brand","embeddable":true,"href":"https:\/\/briadamagri.com\/ar\/wp-json\/wp\/v2\/product_brand?post=3972"},{"taxonomy":"product_cat","embeddable":true,"href":"https:\/\/briadamagri.com\/ar\/wp-json\/wp\/v2\/product_cat?post=3972"},{"taxonomy":"product_tag","embeddable":true,"href":"https:\/\/briadamagri.com\/ar\/wp-json\/wp\/v2\/product_tag?post=3972"}],"curies":[{"name":"wp","href":"https:\/\/api.w.org\/{rel}","templated":true}]}}