{"id":3974,"date":"2026-04-10T00:31:30","date_gmt":"2026-04-10T00:31:30","guid":{"rendered":"https:\/\/briadamagri.com\/?post_type=product&#038;p=3974"},"modified":"2026-04-10T00:35:02","modified_gmt":"2026-04-10T00:35:02","slug":"%d8%a8%d9%83%d8%b1%d8%a7%d8%aa-%d8%a2%d9%84%d8%a9-%d9%86%d8%a7%d8%b9%d9%85%d8%a9","status":"publish","type":"product","link":"https:\/\/briadamagri.com\/ar\/product\/%d8%a8%d9%83%d8%b1%d8%a7%d8%aa-%d8%a2%d9%84%d8%a9-%d9%86%d8%a7%d8%b9%d9%85%d8%a9\/","title":{"rendered":"\u0628\u0643\u0631\u0627\u062a \u0622\u0644\u0629 \u0646\u0627\u0639\u0645\u0629"},"content":{"rendered":"<p><span dir=\"auto\">Con\u00e7ue pour \u00e9tirer en rubans de cire \u00e9pais, issus des barres de pressage des machines \u00e0 former les rubans.<\/span><br \/>\n<span dir=\"auto\">Peut \u00e9galement \u00eatre utilis\u00e9e manuellement gr\u00e2ce \u00e0 sa poign\u00e9e.<\/span><br \/>\n<span dir=\"auto\">Elle se compose d&#8217;un corps en acier soud\u00e9, de rouleaux, d&#8217;engrenages d&#8217;entra\u00eenement et de transmission, d&#8217;un bac en acier inoxydable et de vis inf\u00e9rieures.<\/span><br \/>\n<span dir=\"auto\">Mont\u00e9e sur roulements. \u00c9paisseur du ruban de cire apr\u00e8s \u00e9tirage\u00a0: 1,1 \u00e0 1,4\u00a0mm.<\/span><\/p>","protected":false},"excerpt":{"rendered":"<p>Con\u00e7ue pour \u00e9tirer en rubans de cire \u00e9pais, issus des barres de pressage des machines \u00e0 former les rubans. Peut \u00e9galement \u00eatre utilis\u00e9e manuellement gr\u00e2ce \u00e0 sa poign\u00e9e. Elle se compose d&#8217;un corps en acier soud\u00e9, de rouleaux, d&#8217;engrenages d&#8217;entra\u00eenement et de transmission, d&#8217;un bac en acier inoxydable et de vis inf\u00e9rieures. Mont\u00e9e sur roulements&#8230;.<\/p>","protected":false},"featured_media":3975,"comment_status":"open","ping_status":"closed","template":"","meta":{"_monsterinsights_skip_tracking":false,"_monsterinsights_sitenote_active":false,"_monsterinsights_sitenote_note":"","_monsterinsights_sitenote_category":0},"product_brand":[],"product_cat":[124],"product_tag":[],"class_list":{"0":"post-3974","1":"product","2":"type-product","3":"status-publish","4":"has-post-thumbnail","6":"product_cat-machine-a-gaufrer","8":"first","9":"instock","10":"shipping-taxable","11":"product-type-simple"},"_links":{"self":[{"href":"https:\/\/briadamagri.com\/ar\/wp-json\/wp\/v2\/product\/3974","targetHints":{"allow":["GET"]}}],"collection":[{"href":"https:\/\/briadamagri.com\/ar\/wp-json\/wp\/v2\/product"}],"about":[{"href":"https:\/\/briadamagri.com\/ar\/wp-json\/wp\/v2\/types\/product"}],"replies":[{"embeddable":true,"href":"https:\/\/briadamagri.com\/ar\/wp-json\/wp\/v2\/comments?post=3974"}],"wp:featuredmedia":[{"embeddable":true,"href":"https:\/\/briadamagri.com\/ar\/wp-json\/wp\/v2\/media\/3975"}],"wp:attachment":[{"href":"https:\/\/briadamagri.com\/ar\/wp-json\/wp\/v2\/media?parent=3974"}],"wp:term":[{"taxonomy":"product_brand","embeddable":true,"href":"https:\/\/briadamagri.com\/ar\/wp-json\/wp\/v2\/product_brand?post=3974"},{"taxonomy":"product_cat","embeddable":true,"href":"https:\/\/briadamagri.com\/ar\/wp-json\/wp\/v2\/product_cat?post=3974"},{"taxonomy":"product_tag","embeddable":true,"href":"https:\/\/briadamagri.com\/ar\/wp-json\/wp\/v2\/product_tag?post=3974"}],"curies":[{"name":"wp","href":"https:\/\/api.w.org\/{rel}","templated":true}]}}