{"id":3976,"date":"2026-04-10T00:32:47","date_gmt":"2026-04-10T00:32:47","guid":{"rendered":"https:\/\/briadamagri.com\/?post_type=product&#038;p=3976"},"modified":"2026-04-10T00:33:51","modified_gmt":"2026-04-10T00:33:51","slug":"rouleaux-graves-a-la-machine","status":"publish","type":"product","link":"https:\/\/briadamagri.com\/ar\/product\/rouleaux-graves-a-la-machine\/","title":{"rendered":"\u0628\u0643\u0631\u0627\u062a \u0645\u062d\u0641\u0648\u0631\u0629 \u0622\u0644\u064a\u0627\u064b"},"content":{"rendered":"<p><span dir=\"auto\">Con\u00e7u pour le laminage de rubans de cire fins et l&#8217;extraction de la cire. S&#8217;installe sur la machine \u00e0 laminer la cire. Peut \u00e9galement \u00eatre utilis\u00e9 manuellement avec une poign\u00e9e.<\/span><br \/>\n<span dir=\"auto\">Se compose d&#8217;un corps en acier soud\u00e9, de rouleaux, d&#8217;un pignon d&#8217;entra\u00eenement, d&#8217;engrenages avec un syst\u00e8me de serrage, d&#8217;un bac en acier inoxydable et de vis de pression. Mont\u00e9 sur paliers lisses.<\/span><\/p>","protected":false},"excerpt":{"rendered":"<p>Con\u00e7u pour le laminage de rubans de cire fins et l&#8217;extraction de la cire. S&#8217;installe sur la machine \u00e0 laminer la cire. Peut \u00e9galement \u00eatre utilis\u00e9 manuellement avec une poign\u00e9e. Se compose d&#8217;un corps en acier soud\u00e9, de rouleaux, d&#8217;un pignon d&#8217;entra\u00eenement, d&#8217;engrenages avec un syst\u00e8me de serrage, d&#8217;un bac en acier inoxydable et de&#8230;<\/p>","protected":false},"featured_media":3977,"comment_status":"open","ping_status":"closed","template":"","meta":{"_monsterinsights_skip_tracking":false,"_monsterinsights_sitenote_active":false,"_monsterinsights_sitenote_note":"","_monsterinsights_sitenote_category":0},"product_brand":[],"product_cat":[124],"product_tag":[],"class_list":{"0":"post-3976","1":"product","2":"type-product","3":"status-publish","4":"has-post-thumbnail","6":"product_cat-machine-a-gaufrer","8":"first","9":"instock","10":"shipping-taxable","11":"product-type-simple"},"_links":{"self":[{"href":"https:\/\/briadamagri.com\/ar\/wp-json\/wp\/v2\/product\/3976","targetHints":{"allow":["GET"]}}],"collection":[{"href":"https:\/\/briadamagri.com\/ar\/wp-json\/wp\/v2\/product"}],"about":[{"href":"https:\/\/briadamagri.com\/ar\/wp-json\/wp\/v2\/types\/product"}],"replies":[{"embeddable":true,"href":"https:\/\/briadamagri.com\/ar\/wp-json\/wp\/v2\/comments?post=3976"}],"wp:featuredmedia":[{"embeddable":true,"href":"https:\/\/briadamagri.com\/ar\/wp-json\/wp\/v2\/media\/3977"}],"wp:attachment":[{"href":"https:\/\/briadamagri.com\/ar\/wp-json\/wp\/v2\/media?parent=3976"}],"wp:term":[{"taxonomy":"product_brand","embeddable":true,"href":"https:\/\/briadamagri.com\/ar\/wp-json\/wp\/v2\/product_brand?post=3976"},{"taxonomy":"product_cat","embeddable":true,"href":"https:\/\/briadamagri.com\/ar\/wp-json\/wp\/v2\/product_cat?post=3976"},{"taxonomy":"product_tag","embeddable":true,"href":"https:\/\/briadamagri.com\/ar\/wp-json\/wp\/v2\/product_tag?post=3976"}],"curies":[{"name":"wp","href":"https:\/\/api.w.org\/{rel}","templated":true}]}}