{"id":3982,"date":"2026-04-10T00:57:40","date_gmt":"2026-04-10T00:57:40","guid":{"rendered":"https:\/\/briadamagri.com\/?post_type=product&#038;p=3982"},"modified":"2026-04-10T01:27:37","modified_gmt":"2026-04-10T01:27:37","slug":"fondoir-a-vapeur-avec-presse-electrique","status":"publish","type":"product","link":"https:\/\/briadamagri.com\/ar\/product\/fondoir-a-vapeur-avec-presse-electrique\/","title":{"rendered":"\u062c\u0647\u0627\u0632 \u0625\u0630\u0627\u0628\u0629 \u0628\u0627\u0644\u0628\u062e\u0627\u0631 \u0645\u0639 \u0645\u0643\u0628\u0633 - \u0643\u0647\u0631\u0628\u0627\u0626\u064a"},"content":{"rendered":"<p><span dir=\"auto\">\u00a0Mat\u00e9riau : 1 \u2013 4 mm I NOX 3 04<\/span><br \/>\n<span dir=\"auto\">\u25b6 Raccord : Filetage trap\u00e9zo\u00efdal \u00d8 22<\/span><br \/>\n<span dir=\"auto\">\u25b6 Dimensions : \u00d8 500 x 9,50 mm<\/span><br \/>\n<span dir=\"auto\">\u25b6 Dimensions du panier : \u00d8 285 x 4,20 mm<\/span><br \/>\n<span dir=\"auto\">\u25b6 Volume du double r\u00e9servoir : 20 litres<\/span><br \/>\n<span dir=\"auto\">\u25b6 Volume du br\u00fbleur : 8,5 litres<\/span><br \/>\n<span dir=\"auto\">\u25b6 Puissance de chauffe : 2 kW<\/span><br \/>\n<span dir=\"auto\">\u25b6 Garantie : 2 ans<\/span><\/p>","protected":false},"excerpt":{"rendered":"<p>\u00a0Mat\u00e9riau : 1 \u2013 4 mm I NOX 3 04 \u25b6 Raccord : Filetage trap\u00e9zo\u00efdal \u00d8 22 \u25b6 Dimensions : \u00d8 500 x 9,50 mm \u25b6 Dimensions du panier : \u00d8 285 x 4,20 mm \u25b6 Volume du double r\u00e9servoir : 20 litres \u25b6 Volume du br\u00fbleur : 8,5 litres \u25b6 Puissance de chauffe :&#8230;<\/p>","protected":false},"featured_media":3983,"comment_status":"open","ping_status":"closed","template":"","meta":{"_monsterinsights_skip_tracking":false,"_monsterinsights_sitenote_active":false,"_monsterinsights_sitenote_note":"","_monsterinsights_sitenote_category":0},"product_brand":[],"product_cat":[125],"product_tag":[],"class_list":{"0":"post-3982","1":"product","2":"type-product","3":"status-publish","4":"has-post-thumbnail","6":"product_cat-fondoir-de-la-cire","8":"first","9":"instock","10":"shipping-taxable","11":"product-type-simple"},"_links":{"self":[{"href":"https:\/\/briadamagri.com\/ar\/wp-json\/wp\/v2\/product\/3982","targetHints":{"allow":["GET"]}}],"collection":[{"href":"https:\/\/briadamagri.com\/ar\/wp-json\/wp\/v2\/product"}],"about":[{"href":"https:\/\/briadamagri.com\/ar\/wp-json\/wp\/v2\/types\/product"}],"replies":[{"embeddable":true,"href":"https:\/\/briadamagri.com\/ar\/wp-json\/wp\/v2\/comments?post=3982"}],"wp:featuredmedia":[{"embeddable":true,"href":"https:\/\/briadamagri.com\/ar\/wp-json\/wp\/v2\/media\/3983"}],"wp:attachment":[{"href":"https:\/\/briadamagri.com\/ar\/wp-json\/wp\/v2\/media?parent=3982"}],"wp:term":[{"taxonomy":"product_brand","embeddable":true,"href":"https:\/\/briadamagri.com\/ar\/wp-json\/wp\/v2\/product_brand?post=3982"},{"taxonomy":"product_cat","embeddable":true,"href":"https:\/\/briadamagri.com\/ar\/wp-json\/wp\/v2\/product_cat?post=3982"},{"taxonomy":"product_tag","embeddable":true,"href":"https:\/\/briadamagri.com\/ar\/wp-json\/wp\/v2\/product_tag?post=3982"}],"curies":[{"name":"wp","href":"https:\/\/api.w.org\/{rel}","templated":true}]}}