{"id":3985,"date":"2026-04-10T01:03:46","date_gmt":"2026-04-10T01:03:46","guid":{"rendered":"https:\/\/briadamagri.com\/?post_type=product&#038;p=3985"},"modified":"2026-04-10T01:03:46","modified_gmt":"2026-04-10T01:03:46","slug":"fondoir-a-vapeur-pour-cadres-entiers-gaz-electricite-ou-bois","status":"publish","type":"product","link":"https:\/\/briadamagri.com\/ar\/product\/fondoir-a-vapeur-pour-cadres-entiers-gaz-electricite-ou-bois\/","title":{"rendered":"\u062c\u0647\u0627\u0632 \u0635\u0647\u0631 \u0628\u0627\u0644\u0628\u062e\u0627\u0631 \u0644\u0644\u0625\u0637\u0627\u0631\u0627\u062a \u0627\u0644\u0643\u0627\u0645\u0644\u0629 - \u064a\u0639\u0645\u0644 \u0628\u0627\u0644\u063a\u0627\u0632 \u0623\u0648 \u0627\u0644\u0643\u0647\u0631\u0628\u0627\u0621 \u0623\u0648 \u0627\u0644\u062e\u0634\u0628"},"content":{"rendered":"<p><strong><span dir=\"auto\">Capacit\u00e9\u00a0:\u00a0<\/span><\/strong><span dir=\"auto\">\u00a015 \u00e0 17 cadres.<\/span><br \/>\n<strong><span dir=\"auto\">Combustible\u00a0:\u00a0<\/span><\/strong><span dir=\"auto\">\u00a0bois, gaz ou \u00e9lectricit\u00e9 (2\u00a0\u00d7\u00a02\u00a0kW\/220\u00a0V).<\/span><\/p>\n<p><span dir=\"auto\">Dimensions du panier : 455 x 535 x 330<\/span><\/p>\n<p><span dir=\"auto\">Dimensions : 640 x 760 x 1080<\/span><\/p>\n<p><span dir=\"auto\">Le four \u00e0 vapeur pour cadres entiers est fabriqu\u00e9 en t\u00f4le INOX 304 de 1 mm d&#8217;\u00e9paisseur.<\/span><\/p>\n<p><span dir=\"auto\">Ce four peut \u00eatre aliment\u00e9 par de l&#8217;\u00e9lectricit\u00e9, du bois ou du gaz.<\/span><br \/>\n<span dir=\"auto\">Deux radiateurs de 2000 W assurent le chauffage \u00e9lectrique.<\/span><\/p>\n<p><span dir=\"auto\">Ce four \u00e0 cire a une capacit\u00e9 de 15 \u00e0 17 cadres, selon le nombre de rayons de miel construits.<\/span><br \/>\n<span dir=\"auto\">Il est \u00e9galement possible de faire fondre de la cire pure hors du cadre.<\/span><\/p>\n<p><span dir=\"auto\">Une plaque perfor\u00e9e \u00e0 l&#8217;int\u00e9rieur du fondoir emp\u00eache les fils et les d\u00e9bris de boucher le robinet.<\/span><br \/>\n<span dir=\"auto\">Le niveau d&#8217;eau est r\u00e9gul\u00e9 par des r\u00e9servoirs reli\u00e9s entre eux, ce qui permet de contr\u00f4ler facilement l&#8217;\u00e9vaporation.<\/span><br \/>\n<span dir=\"auto\">En cas de besoin, un robinet permet de vidanger l&#8217;eau restante en fin de fonctionnement.<\/span><\/p>\n<p><span dir=\"auto\">Le foyer est \u00e9galement fabriqu\u00e9 en t\u00f4le d&#8217;inox 304 d&#8217;une \u00e9paisseur de 1 mm, tandis que son fond, en t\u00f4le d&#8217;inox 304 de 2 mm d&#8217;\u00e9paisseur, \u00e9vite la surchauffe.<\/span><br \/>\n<span dir=\"auto\">Les pieds sont r\u00e9glables, ce qui permet d&#8217;incliner l&#8217;appareil si n\u00e9cessaire.<\/span><br \/>\n<span dir=\"auto\">Les poign\u00e9es en bak\u00e9lite auxquelles sont fix\u00e9s les pieds assurent un r\u00e9glage pr\u00e9cis, m\u00eame en cours de fonctionnement.<\/span><\/p>","protected":false},"excerpt":{"rendered":"<p>Capacit\u00e9\u00a0:\u00a0\u00a015 \u00e0 17 cadres. Combustible\u00a0:\u00a0\u00a0bois, gaz ou \u00e9lectricit\u00e9 (2\u00a0\u00d7\u00a02\u00a0kW\/220\u00a0V). Dimensions du panier : 455 x 535 x 330 Dimensions : 640 x 760 x 1080 Le four \u00e0 vapeur pour cadres entiers est fabriqu\u00e9 en t\u00f4le INOX 304 de 1 mm d&#8217;\u00e9paisseur. Ce four peut \u00eatre aliment\u00e9 par de l&#8217;\u00e9lectricit\u00e9, du bois ou du gaz&#8230;.<\/p>","protected":false},"featured_media":3986,"comment_status":"open","ping_status":"closed","template":"","meta":{"_monsterinsights_skip_tracking":false,"_monsterinsights_sitenote_active":false,"_monsterinsights_sitenote_note":"","_monsterinsights_sitenote_category":0},"product_brand":[],"product_cat":[125],"product_tag":[],"class_list":{"0":"post-3985","1":"product","2":"type-product","3":"status-publish","4":"has-post-thumbnail","6":"product_cat-fondoir-de-la-cire","8":"first","9":"instock","10":"shipping-taxable","11":"product-type-simple"},"_links":{"self":[{"href":"https:\/\/briadamagri.com\/ar\/wp-json\/wp\/v2\/product\/3985","targetHints":{"allow":["GET"]}}],"collection":[{"href":"https:\/\/briadamagri.com\/ar\/wp-json\/wp\/v2\/product"}],"about":[{"href":"https:\/\/briadamagri.com\/ar\/wp-json\/wp\/v2\/types\/product"}],"replies":[{"embeddable":true,"href":"https:\/\/briadamagri.com\/ar\/wp-json\/wp\/v2\/comments?post=3985"}],"wp:featuredmedia":[{"embeddable":true,"href":"https:\/\/briadamagri.com\/ar\/wp-json\/wp\/v2\/media\/3986"}],"wp:attachment":[{"href":"https:\/\/briadamagri.com\/ar\/wp-json\/wp\/v2\/media?parent=3985"}],"wp:term":[{"taxonomy":"product_brand","embeddable":true,"href":"https:\/\/briadamagri.com\/ar\/wp-json\/wp\/v2\/product_brand?post=3985"},{"taxonomy":"product_cat","embeddable":true,"href":"https:\/\/briadamagri.com\/ar\/wp-json\/wp\/v2\/product_cat?post=3985"},{"taxonomy":"product_tag","embeddable":true,"href":"https:\/\/briadamagri.com\/ar\/wp-json\/wp\/v2\/product_tag?post=3985"}],"curies":[{"name":"wp","href":"https:\/\/api.w.org\/{rel}","templated":true}]}}