{"id":3993,"date":"2026-04-10T01:23:58","date_gmt":"2026-04-10T01:23:58","guid":{"rendered":"https:\/\/briadamagri.com\/?post_type=product&#038;p=3993"},"modified":"2026-04-10T01:23:58","modified_gmt":"2026-04-10T01:23:58","slug":"centrifugeuse-isolee-universelle-o900-cendrillon-1-1-pour-lextraction-de-cire-2-pour-le-pompage-de-miel-rotor-a-secteurs-radiaux","status":"publish","type":"product","link":"https:\/\/briadamagri.com\/ar\/product\/centrifugeuse-isolee-universelle-o900-cendrillon-1-1-pour-lextraction-de-cire-2-pour-le-pompage-de-miel-rotor-a-secteurs-radiaux\/","title":{"rendered":"\u062c\u0647\u0627\u0632 \u0637\u0631\u062f \u0645\u0631\u0643\u0632\u064a \u0645\u0639\u0632\u0648\u0644 \u0639\u0627\u0644\u0645\u064a \u00d8900 &quot;\u0633\u0646\u062f\u0631\u064a\u0644\u0627-1&quot;: 1) \u0644\u0627\u0633\u062a\u062e\u0631\u0627\u062c \u0627\u0644\u0634\u0645\u0639 2) \u0644\u0636\u062e \u0627\u0644\u0639\u0633\u0644 (\u062f\u0648\u0627\u0631 \u0642\u0637\u0627\u0639\u064a \u0634\u0639\u0627\u0639\u064a)"},"content":{"rendered":"<p><span dir=\"auto\">La centrifugeuse universelle, \u00e9quip\u00e9e d&#8217;un g\u00e9n\u00e9rateur de vapeur (vendu s\u00e9par\u00e9ment), est con\u00e7ue pour l&#8217;extraction rapide et efficace de la cire fondue des ruches anciennes et usag\u00e9es gr\u00e2ce \u00e0 la force centrifuge. Durant son fonctionnement, les cadres sont \u00e9galement d\u00e9sinfect\u00e9s. En rempla\u00e7ant les paniers \u00e0 cire par des secteurs radiaux pour cadres ou blocs de cassettes, cet appareil permet aussi d&#8217;extraire le miel par pompage radial ou par enroulement.<\/span><br \/>\n<span dir=\"auto\">La centrifugeuse comprend \u00e9galement une unit\u00e9 de commande, \u00e0 installer s\u00e9par\u00e9ment.<\/span><\/p>\n<p>&nbsp;<\/p>\n<p><span dir=\"auto\">DONN\u00c9ES TECHNIQUES :<\/span><\/p>\n<p><span dir=\"auto\">Alimentation secteur\u00a0: 220\u00a0V.<\/span><br \/>\n<span dir=\"auto\">Moteur \u00e9lectrique\u00a0: 550\u00a0W, 1\u00a0000\u00a0tr\/min.<\/span><br \/>\n<span dir=\"auto\">Pour faire fondre la cire, trois paniers sont install\u00e9s dans le rotor. Chaque panier contient 10\u00a0cadres de type \u00ab\u00a0Dadan\u00a0\u00bb. Pour extraire le miel radialement, il est n\u00e9cessaire d\u2019installer trois secteurs radiaux sp\u00e9ciaux dans le rotor. Nombre total de cadres pouvant \u00eatre extraits en un cycle\u00a0: 21\u00a0cadres de type \u00ab\u00a0Racine\u00a0\u00bb et 42\u00a0cadres de type \u00ab\u00a0Demi-cadre\u00a0\u00bb. Pour extraire le miel par enroulement, il est n\u00e9cessaire d\u2019installer trois blocs de cassettes dans le rotor. Nombre total de cadres pouvant \u00eatre extraits en un cycle\u00a0: 6. Types de cadres\u00a0: \u00ab\u00a0Dadan\u00a0\u00bb, \u00ab\u00a0Racine\u00a0\u00bb ou \u00ab\u00a0Demi-cadre\u00a0\u00bb (un seul cadre par cassette).<\/span><\/p>\n<p><span dir=\"auto\">Dimensions hors tout du fondoir \u00e0 cire sans unit\u00e9 de contr\u00f4le, mm\u00a0:<\/span><br \/>\n<span dir=\"auto\">Hauteur 1178<\/span><br \/>\n<span dir=\"auto\">Longueur 1015<\/span><br \/>\n<span dir=\"auto\">Largeur 980<\/span><\/p>\n<p><span dir=\"auto\">Poids de la centrifugeuse<\/span><br \/>\n<span dir=\"auto\">(sans unit\u00e9 de contr\u00f4le), kg. 70<\/span><\/p>","protected":false},"excerpt":{"rendered":"<p>La centrifugeuse universelle, \u00e9quip\u00e9e d&#8217;un g\u00e9n\u00e9rateur de vapeur (vendu s\u00e9par\u00e9ment), est con\u00e7ue pour l&#8217;extraction rapide et efficace de la cire fondue des ruches anciennes et usag\u00e9es gr\u00e2ce \u00e0 la force centrifuge. Durant son fonctionnement, les cadres sont \u00e9galement d\u00e9sinfect\u00e9s. En rempla\u00e7ant les paniers \u00e0 cire par des secteurs radiaux pour cadres ou blocs de cassettes,&#8230;<\/p>","protected":false},"featured_media":3994,"comment_status":"open","ping_status":"closed","template":"","meta":{"_monsterinsights_skip_tracking":false,"_monsterinsights_sitenote_active":false,"_monsterinsights_sitenote_note":"","_monsterinsights_sitenote_category":0},"product_brand":[],"product_cat":[125],"product_tag":[],"class_list":{"0":"post-3993","1":"product","2":"type-product","3":"status-publish","4":"has-post-thumbnail","6":"product_cat-fondoir-de-la-cire","8":"first","9":"instock","10":"shipping-taxable","11":"product-type-simple"},"_links":{"self":[{"href":"https:\/\/briadamagri.com\/ar\/wp-json\/wp\/v2\/product\/3993","targetHints":{"allow":["GET"]}}],"collection":[{"href":"https:\/\/briadamagri.com\/ar\/wp-json\/wp\/v2\/product"}],"about":[{"href":"https:\/\/briadamagri.com\/ar\/wp-json\/wp\/v2\/types\/product"}],"replies":[{"embeddable":true,"href":"https:\/\/briadamagri.com\/ar\/wp-json\/wp\/v2\/comments?post=3993"}],"wp:featuredmedia":[{"embeddable":true,"href":"https:\/\/briadamagri.com\/ar\/wp-json\/wp\/v2\/media\/3994"}],"wp:attachment":[{"href":"https:\/\/briadamagri.com\/ar\/wp-json\/wp\/v2\/media?parent=3993"}],"wp:term":[{"taxonomy":"product_brand","embeddable":true,"href":"https:\/\/briadamagri.com\/ar\/wp-json\/wp\/v2\/product_brand?post=3993"},{"taxonomy":"product_cat","embeddable":true,"href":"https:\/\/briadamagri.com\/ar\/wp-json\/wp\/v2\/product_cat?post=3993"},{"taxonomy":"product_tag","embeddable":true,"href":"https:\/\/briadamagri.com\/ar\/wp-json\/wp\/v2\/product_tag?post=3993"}],"curies":[{"name":"wp","href":"https:\/\/api.w.org\/{rel}","templated":true}]}}