{"id":4006,"date":"2026-04-10T09:20:00","date_gmt":"2026-04-10T09:20:00","guid":{"rendered":"https:\/\/briadamagri.com\/?post_type=product&#038;p=4006"},"modified":"2026-04-10T09:25:31","modified_gmt":"2026-04-10T09:25:31","slug":"feuilles-de-cire-dabeille","status":"publish","type":"product","link":"https:\/\/briadamagri.com\/ar\/product\/feuilles-de-cire-dabeille\/","title":{"rendered":"\u0623\u0648\u0631\u0627\u0642 \u0634\u0645\u0639 \u0627\u0644\u0639\u0633\u0644"},"content":{"rendered":"<p>BRIADAM-AGRI propose une s\u00e9lection exceptionnelle de feuilles de cire d&#8217;abeille \u00e0 alv\u00e9oles\u00a0 Indispensables \u00e0 l&#8217;apiculture moderne, ces feuilles offrent une base pr\u00e9form\u00e9e qui facilite la construction des rayons par les abeilles. Nos feuilles de cire d&#8217;abeille pure garantissent l&#8217;authenticit\u00e9 et la qualit\u00e9 que m\u00e9rite votre ruche.<\/p>\n<div class=\"product-description_desc\">\n<p><span dir=\"auto\">Plongez au c\u0153ur du monde fascinant de l&#8217;apiculture\u00a0: nos feuilles de cire d&#8217;abeille proviennent directement d&#8217;apiculteurs espagnols. Fabriqu\u00e9es selon un processus rigoureux, elles sont ensuite fondues, st\u00e9rilis\u00e9es et estampill\u00e9es \u00e0 partir de cire d&#8217;abeille pure. Le r\u00e9sultat\u00a0? Une feuille de cire d&#8217;abeille enti\u00e8rement naturelle qui, gr\u00e2ce \u00e0 sa qualit\u00e9 et sa puret\u00e9, est pl\u00e9biscit\u00e9e par les abeilles. Ces travailleuses infatigables \u00e9tireront et fa\u00e7onneront la cire pour construire leurs rayons de miel de fa\u00e7on optimale.<\/span><\/p>\n<p><strong><span dir=\"auto\">Mode d&#8217;emploi en apiculture\u00a0:<\/span><\/strong><span dir=\"auto\">\u00a0Pour int\u00e9grer ces feuilles dans les ruches, il est essentiel de les fixer aux cadres. Pour ce faire, chauffez le fil des cadres \u00e0 l&#8217;aide d&#8217;un transformateur \u00e9lectrique. Cette chaleur permet \u00e0 la cire d&#8217;adh\u00e9rer parfaitement.<\/span><\/p>\n<p><strong><span dir=\"auto\">\u2022 Puret\u00e9 garantie :<\/span><\/strong><span dir=\"auto\">\u00a0100 % cire d&#8217;abeille, sans impuret\u00e9s ni additifs.<\/span><\/p>\n<p><strong><span dir=\"auto\">\u2022 Cellules standard\u00a0:<\/span><\/strong><span dir=\"auto\">\u00a0Con\u00e7ues avec un diam\u00e8tre de 5,4\u00a0mm, standard dans la plupart des ruches. Bien qu\u2019il existe d\u2019autres dimensions, comme les cellules pour m\u00e2les ou les cellules de 4,9\u00a0mm courantes dans d\u2019autres pays, nous avons veill\u00e9 \u00e0 proposer le format le plus polyvalent et le plus efficace.<\/span><\/p>\n<p>&nbsp;<\/p>\n<p>&nbsp;<\/p>\n<\/div>","protected":false},"excerpt":{"rendered":"<p>BRIADAM-AGRI propose une s\u00e9lection exceptionnelle de feuilles de cire d&#8217;abeille \u00e0 alv\u00e9oles\u00a0 Indispensables \u00e0 l&#8217;apiculture moderne, ces feuilles offrent une base pr\u00e9form\u00e9e qui facilite la construction des rayons par les abeilles. Nos feuilles de cire d&#8217;abeille pure garantissent l&#8217;authenticit\u00e9 et la qualit\u00e9 que m\u00e9rite votre ruche. Plongez au c\u0153ur du monde fascinant de l&#8217;apiculture\u00a0: nos&#8230;<\/p>","protected":false},"featured_media":4007,"comment_status":"open","ping_status":"closed","template":"","meta":{"_monsterinsights_skip_tracking":false,"_monsterinsights_sitenote_active":false,"_monsterinsights_sitenote_note":"","_monsterinsights_sitenote_category":0},"product_brand":[],"product_cat":[126],"product_tag":[],"class_list":{"0":"post-4006","1":"product","2":"type-product","3":"status-publish","4":"has-post-thumbnail","6":"product_cat-cire-gaufrer","8":"first","9":"instock","10":"shipping-taxable","11":"product-type-simple"},"_links":{"self":[{"href":"https:\/\/briadamagri.com\/ar\/wp-json\/wp\/v2\/product\/4006","targetHints":{"allow":["GET"]}}],"collection":[{"href":"https:\/\/briadamagri.com\/ar\/wp-json\/wp\/v2\/product"}],"about":[{"href":"https:\/\/briadamagri.com\/ar\/wp-json\/wp\/v2\/types\/product"}],"replies":[{"embeddable":true,"href":"https:\/\/briadamagri.com\/ar\/wp-json\/wp\/v2\/comments?post=4006"}],"wp:featuredmedia":[{"embeddable":true,"href":"https:\/\/briadamagri.com\/ar\/wp-json\/wp\/v2\/media\/4007"}],"wp:attachment":[{"href":"https:\/\/briadamagri.com\/ar\/wp-json\/wp\/v2\/media?parent=4006"}],"wp:term":[{"taxonomy":"product_brand","embeddable":true,"href":"https:\/\/briadamagri.com\/ar\/wp-json\/wp\/v2\/product_brand?post=4006"},{"taxonomy":"product_cat","embeddable":true,"href":"https:\/\/briadamagri.com\/ar\/wp-json\/wp\/v2\/product_cat?post=4006"},{"taxonomy":"product_tag","embeddable":true,"href":"https:\/\/briadamagri.com\/ar\/wp-json\/wp\/v2\/product_tag?post=4006"}],"curies":[{"name":"wp","href":"https:\/\/api.w.org\/{rel}","templated":true}]}}