{"id":4012,"date":"2026-04-10T19:12:26","date_gmt":"2026-04-10T19:12:26","guid":{"rendered":"https:\/\/briadamagri.com\/?post_type=product&#038;p=4012"},"modified":"2026-04-10T19:12:27","modified_gmt":"2026-04-10T19:12:27","slug":"%d9%82%d9%81%d8%a7%d8%b2%d8%a7%d8%aa-%d8%ac%d9%84%d8%af%d9%8a%d8%a9","status":"publish","type":"product","link":"https:\/\/briadamagri.com\/ar\/product\/%d9%82%d9%81%d8%a7%d8%b2%d8%a7%d8%aa-%d8%ac%d9%84%d8%af%d9%8a%d8%a9\/","title":{"rendered":"\u0642\u0641\u0627\u0632\u0627\u062a \u062c\u0644\u062f\u064a\u0629"},"content":{"rendered":"<p>Ces gants en cuir pleine fleur, dot\u00e9s d&#8217;une manchette longue et confortable en toile, offrent la protection et la dext\u00e9rit\u00e9 n\u00e9cessaires \u00e0 une manipulation efficace des ruches. Con\u00e7us pour r\u00e9pondre aux besoins des apiculteurs, ces gants offrent un ajustement exceptionnel, permettant des t\u00e2ches pr\u00e9cises et un contr\u00f4le total, comme la manipulation des cadres ou l&#8217;entretien des ruches.<\/p>","protected":false},"excerpt":{"rendered":"<p>Ces gants en cuir pleine fleur, dot\u00e9s d&#8217;une manchette longue et confortable en toile, offrent la protection et la dext\u00e9rit\u00e9 n\u00e9cessaires \u00e0 une manipulation efficace des ruches. Con\u00e7us pour r\u00e9pondre aux besoins des apiculteurs, ces gants offrent un ajustement exceptionnel, permettant des t\u00e2ches pr\u00e9cises et un contr\u00f4le total, comme la manipulation des cadres ou l&#8217;entretien&#8230;<\/p>","protected":false},"featured_media":4013,"comment_status":"open","ping_status":"closed","template":"","meta":{"_monsterinsights_skip_tracking":false,"_monsterinsights_sitenote_active":false,"_monsterinsights_sitenote_note":"","_monsterinsights_sitenote_category":0},"product_brand":[],"product_cat":[142],"product_tag":[],"class_list":{"0":"post-4012","1":"product","2":"type-product","3":"status-publish","4":"has-post-thumbnail","6":"product_cat-les-gants","8":"first","9":"instock","10":"shipping-taxable","11":"product-type-simple"},"_links":{"self":[{"href":"https:\/\/briadamagri.com\/ar\/wp-json\/wp\/v2\/product\/4012","targetHints":{"allow":["GET"]}}],"collection":[{"href":"https:\/\/briadamagri.com\/ar\/wp-json\/wp\/v2\/product"}],"about":[{"href":"https:\/\/briadamagri.com\/ar\/wp-json\/wp\/v2\/types\/product"}],"replies":[{"embeddable":true,"href":"https:\/\/briadamagri.com\/ar\/wp-json\/wp\/v2\/comments?post=4012"}],"wp:featuredmedia":[{"embeddable":true,"href":"https:\/\/briadamagri.com\/ar\/wp-json\/wp\/v2\/media\/4013"}],"wp:attachment":[{"href":"https:\/\/briadamagri.com\/ar\/wp-json\/wp\/v2\/media?parent=4012"}],"wp:term":[{"taxonomy":"product_brand","embeddable":true,"href":"https:\/\/briadamagri.com\/ar\/wp-json\/wp\/v2\/product_brand?post=4012"},{"taxonomy":"product_cat","embeddable":true,"href":"https:\/\/briadamagri.com\/ar\/wp-json\/wp\/v2\/product_cat?post=4012"},{"taxonomy":"product_tag","embeddable":true,"href":"https:\/\/briadamagri.com\/ar\/wp-json\/wp\/v2\/product_tag?post=4012"}],"curies":[{"name":"wp","href":"https:\/\/api.w.org\/{rel}","templated":true}]}}