{"id":4027,"date":"2026-04-10T20:01:29","date_gmt":"2026-04-10T20:01:29","guid":{"rendered":"https:\/\/briadamagri.com\/?post_type=product&#038;p=4027"},"modified":"2026-04-10T20:01:29","modified_gmt":"2026-04-10T20:01:29","slug":"leve-cadres-eperon-dentele-inox-210mm-outil-apicole-specialise","status":"publish","type":"product","link":"https:\/\/briadamagri.com\/ar\/product\/leve-cadres-eperon-dentele-inox-210mm-outil-apicole-specialise\/","title":{"rendered":"\u0631\u0627\u0641\u0639\u0629 \u0625\u0637\u0627\u0631 \u0645\u0633\u0646\u0646\u0629 \u0645\u0646 \u0627\u0644\u0641\u0648\u0644\u0627\u0630 \u0627\u0644\u0645\u0642\u0627\u0648\u0645 \u0644\u0644\u0635\u062f\u0623 \u0628\u0637\u0648\u0644 210 \u0645\u0645 - \u0623\u062f\u0627\u0629 \u0645\u062a\u062e\u0635\u0635\u0629 \u0641\u064a \u062a\u0631\u0628\u064a\u0629 \u0627\u0644\u0646\u062d\u0644"},"content":{"rendered":"<p>Ce l\u00e8ve-cadres \u00c9peron en inox de 210mm se distingue par son profil lat\u00e9ral dentel\u00e9 sp\u00e9cialement con\u00e7u pour d\u00e9tacher efficacement les cadres tr\u00e8s propolis\u00e9s. Combinant les fonctions de grattoir et scalpel, cet outil rigide facilite le travail de l&#8217;apiculteur dans les ruches o\u00f9 la propolis s&#8217;accumule dans les espaces \u00e9troits.<\/p>","protected":false},"excerpt":{"rendered":"<p>Ce l\u00e8ve-cadres \u00c9peron en inox de 210mm se distingue par son profil lat\u00e9ral dentel\u00e9 sp\u00e9cialement con\u00e7u pour d\u00e9tacher efficacement les cadres tr\u00e8s propolis\u00e9s. Combinant les fonctions de grattoir et scalpel, cet outil rigide facilite le travail de l&#8217;apiculteur dans les ruches o\u00f9 la propolis s&#8217;accumule dans les espaces \u00e9troits.<\/p>","protected":false},"featured_media":4028,"comment_status":"open","ping_status":"closed","template":"","meta":{"_monsterinsights_skip_tracking":false,"_monsterinsights_sitenote_active":false,"_monsterinsights_sitenote_note":"","_monsterinsights_sitenote_category":0},"product_brand":[],"product_cat":[128],"product_tag":[],"class_list":{"0":"post-4027","1":"product","2":"type-product","3":"status-publish","4":"has-post-thumbnail","6":"product_cat-leve-cadre","8":"first","9":"instock","10":"shipping-taxable","11":"product-type-simple"},"_links":{"self":[{"href":"https:\/\/briadamagri.com\/ar\/wp-json\/wp\/v2\/product\/4027","targetHints":{"allow":["GET"]}}],"collection":[{"href":"https:\/\/briadamagri.com\/ar\/wp-json\/wp\/v2\/product"}],"about":[{"href":"https:\/\/briadamagri.com\/ar\/wp-json\/wp\/v2\/types\/product"}],"replies":[{"embeddable":true,"href":"https:\/\/briadamagri.com\/ar\/wp-json\/wp\/v2\/comments?post=4027"}],"wp:featuredmedia":[{"embeddable":true,"href":"https:\/\/briadamagri.com\/ar\/wp-json\/wp\/v2\/media\/4028"}],"wp:attachment":[{"href":"https:\/\/briadamagri.com\/ar\/wp-json\/wp\/v2\/media?parent=4027"}],"wp:term":[{"taxonomy":"product_brand","embeddable":true,"href":"https:\/\/briadamagri.com\/ar\/wp-json\/wp\/v2\/product_brand?post=4027"},{"taxonomy":"product_cat","embeddable":true,"href":"https:\/\/briadamagri.com\/ar\/wp-json\/wp\/v2\/product_cat?post=4027"},{"taxonomy":"product_tag","embeddable":true,"href":"https:\/\/briadamagri.com\/ar\/wp-json\/wp\/v2\/product_tag?post=4027"}],"curies":[{"name":"wp","href":"https:\/\/api.w.org\/{rel}","templated":true}]}}