{"id":4029,"date":"2026-04-10T20:12:20","date_gmt":"2026-04-10T20:12:20","guid":{"rendered":"https:\/\/briadamagri.com\/?post_type=product&#038;p=4029"},"modified":"2026-04-10T20:12:20","modified_gmt":"2026-04-10T20:12:20","slug":"%d8%b1%d8%a7%d9%81%d8%b9%d8%a9-%d8%a5%d8%b7%d8%a7%d8%b1-%d8%a8%d9%85%d8%ae%d8%a7%d9%84%d8%a8-%d9%88%d9%85%d9%82%d8%a8%d8%b6-%d8%ae%d8%b4%d8%a8%d9%8a","status":"publish","type":"product","link":"https:\/\/briadamagri.com\/ar\/product\/%d8%b1%d8%a7%d9%81%d8%b9%d8%a9-%d8%a5%d8%b7%d8%a7%d8%b1-%d8%a8%d9%85%d8%ae%d8%a7%d9%84%d8%a8-%d9%88%d9%85%d9%82%d8%a8%d8%b6-%d8%ae%d8%b4%d8%a8%d9%8a\/","title":{"rendered":"\u0631\u0627\u0641\u0639\u0629 \u0625\u0637\u0627\u0631 \u0628\u0645\u0642\u0628\u0636 \u062e\u0634\u0628\u064a \u0648\u0645\u062e\u0627\u0644\u0628"},"content":{"rendered":"<p>Le l\u00e8ve-cadres avec griffes et poign\u00e9e en bois combine confort et efficacit\u00e9. La poign\u00e9e en bois offre une prise en main agr\u00e9able, tandis que les griffes en acier inoxydable assurent une extraction facile des cadres. Un outil pratique pour les inspections r\u00e9guli\u00e8res.<\/p>","protected":false},"excerpt":{"rendered":"<p>Le l\u00e8ve-cadres avec griffes et poign\u00e9e en bois combine confort et efficacit\u00e9. La poign\u00e9e en bois offre une prise en main agr\u00e9able, tandis que les griffes en acier inoxydable assurent une extraction facile des cadres. Un outil pratique pour les inspections r\u00e9guli\u00e8res.<\/p>","protected":false},"featured_media":4030,"comment_status":"open","ping_status":"closed","template":"","meta":{"_monsterinsights_skip_tracking":false,"_monsterinsights_sitenote_active":false,"_monsterinsights_sitenote_note":"","_monsterinsights_sitenote_category":0},"product_brand":[],"product_cat":[128],"product_tag":[],"class_list":{"0":"post-4029","1":"product","2":"type-product","3":"status-publish","4":"has-post-thumbnail","6":"product_cat-leve-cadre","8":"first","9":"instock","10":"shipping-taxable","11":"product-type-simple"},"_links":{"self":[{"href":"https:\/\/briadamagri.com\/ar\/wp-json\/wp\/v2\/product\/4029","targetHints":{"allow":["GET"]}}],"collection":[{"href":"https:\/\/briadamagri.com\/ar\/wp-json\/wp\/v2\/product"}],"about":[{"href":"https:\/\/briadamagri.com\/ar\/wp-json\/wp\/v2\/types\/product"}],"replies":[{"embeddable":true,"href":"https:\/\/briadamagri.com\/ar\/wp-json\/wp\/v2\/comments?post=4029"}],"wp:featuredmedia":[{"embeddable":true,"href":"https:\/\/briadamagri.com\/ar\/wp-json\/wp\/v2\/media\/4030"}],"wp:attachment":[{"href":"https:\/\/briadamagri.com\/ar\/wp-json\/wp\/v2\/media?parent=4029"}],"wp:term":[{"taxonomy":"product_brand","embeddable":true,"href":"https:\/\/briadamagri.com\/ar\/wp-json\/wp\/v2\/product_brand?post=4029"},{"taxonomy":"product_cat","embeddable":true,"href":"https:\/\/briadamagri.com\/ar\/wp-json\/wp\/v2\/product_cat?post=4029"},{"taxonomy":"product_tag","embeddable":true,"href":"https:\/\/briadamagri.com\/ar\/wp-json\/wp\/v2\/product_tag?post=4029"}],"curies":[{"name":"wp","href":"https:\/\/api.w.org\/{rel}","templated":true}]}}