{"id":4031,"date":"2026-04-10T20:24:44","date_gmt":"2026-04-10T20:24:44","guid":{"rendered":"https:\/\/briadamagri.com\/?post_type=product&#038;p=4031"},"modified":"2026-04-10T20:24:44","modified_gmt":"2026-04-10T20:24:44","slug":"leve-cadres-jakel-manche-bois","status":"publish","type":"product","link":"https:\/\/briadamagri.com\/ar\/product\/leve-cadres-jakel-manche-bois\/","title":{"rendered":"\u0631\u0627\u0641\u0639\u0629 \u0625\u0637\u0627\u0631 \u062c\u0627\u0643\u064a\u0644 \u0628\u0645\u0642\u0628\u0636 \u062e\u0634\u0628\u064a"},"content":{"rendered":"<p>Le l\u00e8ve-cadres est un outil indispensable pour l&#8217;apiculteur. Ce l\u00e8ve-cadres Jakel au manche bois est multifonctions : il vous permettra de d\u00e9coller les cadres, retirer les clous et nettoyer certains endroits de la ruche gr\u00e2ce \u00e0 son crochet grattoir. Sa prise en main est agr\u00e9able.<\/p>","protected":false},"excerpt":{"rendered":"<p>Le l\u00e8ve-cadres est un outil indispensable pour l&#8217;apiculteur. Ce l\u00e8ve-cadres Jakel au manche bois est multifonctions : il vous permettra de d\u00e9coller les cadres, retirer les clous et nettoyer certains endroits de la ruche gr\u00e2ce \u00e0 son crochet grattoir. Sa prise en main est agr\u00e9able.<\/p>","protected":false},"featured_media":4032,"comment_status":"open","ping_status":"closed","template":"","meta":{"_monsterinsights_skip_tracking":false,"_monsterinsights_sitenote_active":false,"_monsterinsights_sitenote_note":"","_monsterinsights_sitenote_category":0},"product_brand":[],"product_cat":[128],"product_tag":[],"class_list":{"0":"post-4031","1":"product","2":"type-product","3":"status-publish","4":"has-post-thumbnail","6":"product_cat-leve-cadre","8":"first","9":"instock","10":"shipping-taxable","11":"product-type-simple"},"_links":{"self":[{"href":"https:\/\/briadamagri.com\/ar\/wp-json\/wp\/v2\/product\/4031","targetHints":{"allow":["GET"]}}],"collection":[{"href":"https:\/\/briadamagri.com\/ar\/wp-json\/wp\/v2\/product"}],"about":[{"href":"https:\/\/briadamagri.com\/ar\/wp-json\/wp\/v2\/types\/product"}],"replies":[{"embeddable":true,"href":"https:\/\/briadamagri.com\/ar\/wp-json\/wp\/v2\/comments?post=4031"}],"wp:featuredmedia":[{"embeddable":true,"href":"https:\/\/briadamagri.com\/ar\/wp-json\/wp\/v2\/media\/4032"}],"wp:attachment":[{"href":"https:\/\/briadamagri.com\/ar\/wp-json\/wp\/v2\/media?parent=4031"}],"wp:term":[{"taxonomy":"product_brand","embeddable":true,"href":"https:\/\/briadamagri.com\/ar\/wp-json\/wp\/v2\/product_brand?post=4031"},{"taxonomy":"product_cat","embeddable":true,"href":"https:\/\/briadamagri.com\/ar\/wp-json\/wp\/v2\/product_cat?post=4031"},{"taxonomy":"product_tag","embeddable":true,"href":"https:\/\/briadamagri.com\/ar\/wp-json\/wp\/v2\/product_tag?post=4031"}],"curies":[{"name":"wp","href":"https:\/\/api.w.org\/{rel}","templated":true}]}}