{"id":4042,"date":"2026-04-10T23:20:15","date_gmt":"2026-04-10T23:20:15","guid":{"rendered":"https:\/\/briadamagri.com\/?post_type=product&#038;p=4042"},"modified":"2026-04-10T23:20:15","modified_gmt":"2026-04-10T23:20:15","slug":"%d8%a8%d8%af%d9%84%d8%a9-%d8%aa%d8%b1%d8%a8%d9%8a%d8%a9-%d8%a7%d9%84%d9%86%d8%ad%d9%84","status":"publish","type":"product","link":"https:\/\/briadamagri.com\/ar\/product\/%d8%a8%d8%af%d9%84%d8%a9-%d8%aa%d8%b1%d8%a8%d9%8a%d8%a9-%d8%a7%d9%84%d9%86%d8%ad%d9%84\/","title":{"rendered":"\u0628\u062f\u0644\u0629 \u0645\u0631\u0628\u064a \u0627\u0644\u0646\u062d\u0644"},"content":{"rendered":"<p>Combinaison int\u00e9grale d&#8217;apiculteur . L&#8217;une des combinaisons de protection les plus confortables du march\u00e9. Id\u00e9ale pour une utilisation pendant les mois chauds.<\/p>","protected":false},"excerpt":{"rendered":"<p>Combinaison int\u00e9grale d&#8217;apiculteur . L&#8217;une des combinaisons de protection les plus confortables du march\u00e9. Id\u00e9ale pour une utilisation pendant les mois chauds.<\/p>","protected":false},"featured_media":4043,"comment_status":"open","ping_status":"closed","template":"","meta":{"_monsterinsights_skip_tracking":false,"_monsterinsights_sitenote_active":false,"_monsterinsights_sitenote_note":"","_monsterinsights_sitenote_category":0},"product_brand":[],"product_cat":[139],"product_tag":[],"class_list":{"0":"post-4042","1":"product","2":"type-product","3":"status-publish","4":"has-post-thumbnail","6":"product_cat-combinaison","8":"first","9":"instock","10":"shipping-taxable","11":"product-type-simple"},"_links":{"self":[{"href":"https:\/\/briadamagri.com\/ar\/wp-json\/wp\/v2\/product\/4042","targetHints":{"allow":["GET"]}}],"collection":[{"href":"https:\/\/briadamagri.com\/ar\/wp-json\/wp\/v2\/product"}],"about":[{"href":"https:\/\/briadamagri.com\/ar\/wp-json\/wp\/v2\/types\/product"}],"replies":[{"embeddable":true,"href":"https:\/\/briadamagri.com\/ar\/wp-json\/wp\/v2\/comments?post=4042"}],"wp:featuredmedia":[{"embeddable":true,"href":"https:\/\/briadamagri.com\/ar\/wp-json\/wp\/v2\/media\/4043"}],"wp:attachment":[{"href":"https:\/\/briadamagri.com\/ar\/wp-json\/wp\/v2\/media?parent=4042"}],"wp:term":[{"taxonomy":"product_brand","embeddable":true,"href":"https:\/\/briadamagri.com\/ar\/wp-json\/wp\/v2\/product_brand?post=4042"},{"taxonomy":"product_cat","embeddable":true,"href":"https:\/\/briadamagri.com\/ar\/wp-json\/wp\/v2\/product_cat?post=4042"},{"taxonomy":"product_tag","embeddable":true,"href":"https:\/\/briadamagri.com\/ar\/wp-json\/wp\/v2\/product_tag?post=4042"}],"curies":[{"name":"wp","href":"https:\/\/api.w.org\/{rel}","templated":true}]}}