{"id":4046,"date":"2026-04-10T23:34:33","date_gmt":"2026-04-10T23:34:33","guid":{"rendered":"https:\/\/briadamagri.com\/?post_type=product&#038;p=4046"},"modified":"2026-04-10T23:34:34","modified_gmt":"2026-04-10T23:34:34","slug":"masque","status":"publish","type":"product","link":"https:\/\/briadamagri.com\/ar\/product\/masque\/","title":{"rendered":"\u0642\u0646\u0627\u0639"},"content":{"rendered":"<p>Masque\u00a0 pour combinaison de plong\u00e9e ou blouse en coton. Ne s&#8217;utilise pas s\u00e9par\u00e9ment ; il est uniquement compatible avec nos combinaisons et blouses.<\/p>","protected":false},"excerpt":{"rendered":"<p>Masque\u00a0 pour combinaison de plong\u00e9e ou blouse en coton. Ne s&#8217;utilise pas s\u00e9par\u00e9ment ; il est uniquement compatible avec nos combinaisons et blouses.<\/p>","protected":false},"featured_media":4047,"comment_status":"open","ping_status":"closed","template":"","meta":{"_monsterinsights_skip_tracking":false,"_monsterinsights_sitenote_active":false,"_monsterinsights_sitenote_note":"","_monsterinsights_sitenote_category":0},"product_brand":[],"product_cat":[141],"product_tag":[],"class_list":{"0":"post-4046","1":"product","2":"type-product","3":"status-publish","4":"has-post-thumbnail","6":"product_cat-casque","8":"first","9":"instock","10":"shipping-taxable","11":"product-type-simple"},"_links":{"self":[{"href":"https:\/\/briadamagri.com\/ar\/wp-json\/wp\/v2\/product\/4046","targetHints":{"allow":["GET"]}}],"collection":[{"href":"https:\/\/briadamagri.com\/ar\/wp-json\/wp\/v2\/product"}],"about":[{"href":"https:\/\/briadamagri.com\/ar\/wp-json\/wp\/v2\/types\/product"}],"replies":[{"embeddable":true,"href":"https:\/\/briadamagri.com\/ar\/wp-json\/wp\/v2\/comments?post=4046"}],"wp:featuredmedia":[{"embeddable":true,"href":"https:\/\/briadamagri.com\/ar\/wp-json\/wp\/v2\/media\/4047"}],"wp:attachment":[{"href":"https:\/\/briadamagri.com\/ar\/wp-json\/wp\/v2\/media?parent=4046"}],"wp:term":[{"taxonomy":"product_brand","embeddable":true,"href":"https:\/\/briadamagri.com\/ar\/wp-json\/wp\/v2\/product_brand?post=4046"},{"taxonomy":"product_cat","embeddable":true,"href":"https:\/\/briadamagri.com\/ar\/wp-json\/wp\/v2\/product_cat?post=4046"},{"taxonomy":"product_tag","embeddable":true,"href":"https:\/\/briadamagri.com\/ar\/wp-json\/wp\/v2\/product_tag?post=4046"}],"curies":[{"name":"wp","href":"https:\/\/api.w.org\/{rel}","templated":true}]}}