{"id":4048,"date":"2026-04-10T23:39:39","date_gmt":"2026-04-10T23:39:39","guid":{"rendered":"https:\/\/briadamagri.com\/?post_type=product&#038;p=4048"},"modified":"2026-04-10T23:39:39","modified_gmt":"2026-04-10T23:39:39","slug":"fumoir-en-acier-inoxydable-ecologique","status":"publish","type":"product","link":"https:\/\/briadamagri.com\/ar\/product\/fumoir-en-acier-inoxydable-ecologique\/","title":{"rendered":"\u0645\u062f\u062e\u0646\u0629 \u0645\u0646 \u0627\u0644\u0641\u0648\u0644\u0627\u0630 \u0627\u0644\u0645\u0642\u0627\u0648\u0645 \u0644\u0644\u0635\u062f\u0623. \u0635\u062f\u064a\u0642\u0629 \u0644\u0644\u0628\u064a\u0626\u0629"},"content":{"rendered":"<p><strong><span dir=\"auto\">Fumoir apicole en acier inoxydable<\/span><\/strong><span dir=\"auto\">\u00a0avec grille de protection et soufflet en bois gain\u00e9 de cuir. S\u00fbr, durable et facile d&#8217;utilisation, il est id\u00e9al pour produire une fum\u00e9e froide et homog\u00e8ne lors des inspections de ruches.<\/span><\/p>","protected":false},"excerpt":{"rendered":"<p>Fumoir apicole en acier inoxydable\u00a0avec grille de protection et soufflet en bois gain\u00e9 de cuir. S\u00fbr, durable et facile d&#8217;utilisation, il est id\u00e9al pour produire une fum\u00e9e froide et homog\u00e8ne lors des inspections de ruches.<\/p>","protected":false},"featured_media":4049,"comment_status":"open","ping_status":"closed","template":"","meta":{"_monsterinsights_skip_tracking":false,"_monsterinsights_sitenote_active":false,"_monsterinsights_sitenote_note":"","_monsterinsights_sitenote_category":0},"product_brand":[],"product_cat":[129],"product_tag":[],"class_list":{"0":"post-4048","1":"product","2":"type-product","3":"status-publish","4":"has-post-thumbnail","6":"product_cat-enfumoir","8":"first","9":"instock","10":"shipping-taxable","11":"product-type-simple"},"_links":{"self":[{"href":"https:\/\/briadamagri.com\/ar\/wp-json\/wp\/v2\/product\/4048","targetHints":{"allow":["GET"]}}],"collection":[{"href":"https:\/\/briadamagri.com\/ar\/wp-json\/wp\/v2\/product"}],"about":[{"href":"https:\/\/briadamagri.com\/ar\/wp-json\/wp\/v2\/types\/product"}],"replies":[{"embeddable":true,"href":"https:\/\/briadamagri.com\/ar\/wp-json\/wp\/v2\/comments?post=4048"}],"wp:featuredmedia":[{"embeddable":true,"href":"https:\/\/briadamagri.com\/ar\/wp-json\/wp\/v2\/media\/4049"}],"wp:attachment":[{"href":"https:\/\/briadamagri.com\/ar\/wp-json\/wp\/v2\/media?parent=4048"}],"wp:term":[{"taxonomy":"product_brand","embeddable":true,"href":"https:\/\/briadamagri.com\/ar\/wp-json\/wp\/v2\/product_brand?post=4048"},{"taxonomy":"product_cat","embeddable":true,"href":"https:\/\/briadamagri.com\/ar\/wp-json\/wp\/v2\/product_cat?post=4048"},{"taxonomy":"product_tag","embeddable":true,"href":"https:\/\/briadamagri.com\/ar\/wp-json\/wp\/v2\/product_tag?post=4048"}],"curies":[{"name":"wp","href":"https:\/\/api.w.org\/{rel}","templated":true}]}}