{"id":3249,"date":"2025-07-18T14:57:46","date_gmt":"2025-07-18T14:57:46","guid":{"rendered":"https:\/\/briadamagri.com\/?post_type=product&#038;p=3249"},"modified":"2025-07-18T14:57:46","modified_gmt":"2025-07-18T14:57:46","slug":"tangential-extractor-for-4-langstroth-frames-manual","status":"publish","type":"product","link":"https:\/\/briadamagri.com\/en\/product\/tangential-extractor-for-4-langstroth-frames-manual\/","title":{"rendered":"Langstroth 4-Frame Tangential Extractor \u2013 Manual"},"content":{"rendered":"<p>Tangential extractor for 4 LR or A\u017d frames with manual drive.<br \/>\nThe maximum frame size that can fit in the basket of this extractor is 480 x 275 mm.<\/p>\n<p>It is made of 0.8 mm thick 304 stainless steel sheet with a plastic-coated beam and feet.<br \/>\nThis makes it durable and especially suitable for the food industry and honey processing.<br \/>\nThe transparent lid allows you to see inside the centrifuge and monitor the honey output during the spinning process.<br \/>\nIt has small dimensions and a reduced weight with removable feet, making it easily transportable.<br \/>\nThe tangential centrifuge is very efficient because it can extract all the honey from the frames during the spinning process. The disadvantage of tangential centrifuges is that the frames must be turned manually during the spinning process itself.<br \/>\nThese features make it suitable for beekeepers with a small number of hives, beginners and hobbyists who want a quality centrifuge that will serve them for many years.<\/p>\n<p>General characteristic:<br \/>\nBarrel: 0.8 mm thick 304 stainless steel sheet<br \/>\nTap: Food-grade plastic<br \/>\nBasket: 304 stainless steel<br \/>\nLid: 4 mm clear acrylic<br \/>\nOuter diameter: \u00d8520 mm<br \/>\nInner diameter: \u00d8500 mm<br \/>\nHeight on feet: 950 mm<br \/>\nShaft height: 650 mm<\/p>","protected":false},"excerpt":{"rendered":"<p>Extracteur tangentiel pour 4 cadres LR ou A\u017d avec entra\u00eenement manuel. La taille maximale du cadre pouvant tenir dans le panier de ce extracteur est de 480 x 275 mm. Il est r\u00e9alis\u00e9 en t\u00f4le INOX 304 de 0,8 mm d&#8217;\u00e9paisseur avec une poutre et des pieds plastifi\u00e9s. Cela le rend durable et surtout adapt\u00e9&#8230;<\/p>","protected":false},"featured_media":3250,"comment_status":"open","ping_status":"closed","template":"","meta":{"_monsterinsights_skip_tracking":false,"_monsterinsights_sitenote_active":false,"_monsterinsights_sitenote_note":"","_monsterinsights_sitenote_category":0},"product_brand":[],"product_cat":[91],"product_tag":[],"class_list":{"0":"post-3249","1":"product","2":"type-product","3":"status-publish","4":"has-post-thumbnail","6":"product_cat-materiel-apicole","8":"first","9":"instock","10":"shipping-taxable","11":"purchasable","12":"product-type-simple"},"_links":{"self":[{"href":"https:\/\/briadamagri.com\/en\/wp-json\/wp\/v2\/product\/3249","targetHints":{"allow":["GET"]}}],"collection":[{"href":"https:\/\/briadamagri.com\/en\/wp-json\/wp\/v2\/product"}],"about":[{"href":"https:\/\/briadamagri.com\/en\/wp-json\/wp\/v2\/types\/product"}],"replies":[{"embeddable":true,"href":"https:\/\/briadamagri.com\/en\/wp-json\/wp\/v2\/comments?post=3249"}],"wp:featuredmedia":[{"embeddable":true,"href":"https:\/\/briadamagri.com\/en\/wp-json\/wp\/v2\/media\/3250"}],"wp:attachment":[{"href":"https:\/\/briadamagri.com\/en\/wp-json\/wp\/v2\/media?parent=3249"}],"wp:term":[{"taxonomy":"product_brand","embeddable":true,"href":"https:\/\/briadamagri.com\/en\/wp-json\/wp\/v2\/product_brand?post=3249"},{"taxonomy":"product_cat","embeddable":true,"href":"https:\/\/briadamagri.com\/en\/wp-json\/wp\/v2\/product_cat?post=3249"},{"taxonomy":"product_tag","embeddable":true,"href":"https:\/\/briadamagri.com\/en\/wp-json\/wp\/v2\/product_tag?post=3249"}],"curies":[{"name":"wp","href":"https:\/\/api.w.org\/{rel}","templated":true}]}}