{"id":3258,"date":"2025-07-18T15:06:44","date_gmt":"2025-07-18T15:06:44","guid":{"rendered":"https:\/\/briadamagri.com\/?post_type=product&#038;p=3258"},"modified":"2026-03-09T17:06:53","modified_gmt":"2026-03-09T17:06:53","slug":"extracteur-tangentiel-pour-4-cadres-dadant-manuel","status":"publish","type":"product","link":"https:\/\/briadamagri.com\/en\/product\/extracteur-tangentiel-pour-4-cadres-dadant-manuel\/","title":{"rendered":"Tangential extractor for 4 Dadant frames \u2013 Manual"},"content":{"rendered":"<p>Extracteur tangentiel pour 4 cadres DB ou 8 MINI avec entra\u00eenement manuel.<br \/>\nLa taille maximale du cadre pouvant tenir dans le panier de ce extracteur est de 480 x 335 mm .<br \/>\nIt is made of 0.8 mm thick 304 stainless steel sheet with a plastic-coated beam and feet.<br \/>\nThis makes it durable and especially suitable for the food industry and honey processing.<br \/>\nLe couvercle transparent permet de voir l&#8217;int\u00e9rieur de l\u2019extracteur et de surveiller la sortie du miel pendant l&#8217;essorage.<br \/>\nIt has small dimensions and a reduced weight with removable feet, making it easily transportable.<br \/>\nL\u2019extracteur tangentiel a une tr\u00e8s grande efficacit\u00e9, car pendant l&#8217;essorage, il peut extraire tout le miel des cadres. L\u2019inconv\u00e9nient des extracteurs tangentiels est que pendant le processus de filage lui-m\u00eame, les cadres doivent \u00eatre tourn\u00e9s manuellement.<br \/>\nThese features make it suitable for beekeepers with a small number of hives, beginners and hobbyists who want a quality centrifuge that will serve them for many years.<\/p>\n<p>General characteristic:<br \/>\nBarrel: 0.6 mm thick 304 stainless steel sheet<br \/>\nTap: PVC or 304 stainless steel<br \/>\nBasket: 304 stainless steel<br \/>\nLid: 4 mm clear acrylic<br \/>\nDiam\u00e8tre ext\u00e9rieur : \u00d8625 mm<br \/>\nDiam\u00e8tre int\u00e9rieur : \u00d8600 mm<br \/>\nHeight on feet: 950 mm<br \/>\nShaft height: 650 mm<\/p>","protected":false},"excerpt":{"rendered":"<p>Extracteur tangentiel pour 4 cadres DB ou 8 MINI avec entra\u00eenement manuel. La taille maximale du cadre pouvant tenir dans le panier de ce extracteur est de 480 x 335 mm . Il est r\u00e9alis\u00e9 en t\u00f4le INOX 304 de 0,8 mm d&#8217;\u00e9paisseur avec une poutre et des pieds plastifi\u00e9s. Cela le rend durable et&#8230;<\/p>","protected":false},"featured_media":3259,"comment_status":"open","ping_status":"closed","template":"","meta":{"_monsterinsights_skip_tracking":false,"_monsterinsights_sitenote_active":false,"_monsterinsights_sitenote_note":"","_monsterinsights_sitenote_category":0},"product_brand":[],"product_cat":[91],"product_tag":[],"class_list":{"0":"post-3258","1":"product","2":"type-product","3":"status-publish","4":"has-post-thumbnail","6":"product_cat-materiel-apicole","8":"first","9":"instock","10":"shipping-taxable","11":"purchasable","12":"product-type-simple"},"_links":{"self":[{"href":"https:\/\/briadamagri.com\/en\/wp-json\/wp\/v2\/product\/3258","targetHints":{"allow":["GET"]}}],"collection":[{"href":"https:\/\/briadamagri.com\/en\/wp-json\/wp\/v2\/product"}],"about":[{"href":"https:\/\/briadamagri.com\/en\/wp-json\/wp\/v2\/types\/product"}],"replies":[{"embeddable":true,"href":"https:\/\/briadamagri.com\/en\/wp-json\/wp\/v2\/comments?post=3258"}],"wp:featuredmedia":[{"embeddable":true,"href":"https:\/\/briadamagri.com\/en\/wp-json\/wp\/v2\/media\/3259"}],"wp:attachment":[{"href":"https:\/\/briadamagri.com\/en\/wp-json\/wp\/v2\/media?parent=3258"}],"wp:term":[{"taxonomy":"product_brand","embeddable":true,"href":"https:\/\/briadamagri.com\/en\/wp-json\/wp\/v2\/product_brand?post=3258"},{"taxonomy":"product_cat","embeddable":true,"href":"https:\/\/briadamagri.com\/en\/wp-json\/wp\/v2\/product_cat?post=3258"},{"taxonomy":"product_tag","embeddable":true,"href":"https:\/\/briadamagri.com\/en\/wp-json\/wp\/v2\/product_tag?post=3258"}],"curies":[{"name":"wp","href":"https:\/\/api.w.org\/{rel}","templated":true}]}}