{"id":3263,"date":"2025-07-18T15:09:45","date_gmt":"2025-07-18T15:09:45","guid":{"rendered":"https:\/\/briadamagri.com\/?post_type=product&#038;p=3263"},"modified":"2026-03-09T17:06:22","modified_gmt":"2026-03-09T17:06:22","slug":"tangential-extractor-for-4-langstroth-frames-manual-and-electric","status":"publish","type":"product","link":"https:\/\/briadamagri.com\/en\/product\/tangential-extractor-for-4-langstroth-frames-manual-and-electric\/","title":{"rendered":"Langstroth 4-Frame Tangential Extractor \u2013 Manual and Electric"},"content":{"rendered":"<p>Tangential extractor for 4 LR or 4 MINI frames with manual and electric drive at 12 or 220V, automatically controlled analog.<br \/>\nThe motor that powers it has a power of 280W.<br \/>\nThe transmission is achieved by means of belts and belts.<br \/>\nBy removing the belt, it is very easy to switch from electric transmission to manual transmission.<\/p>\n<p>The maximum frame size that can fit in the basket of this extractor is 480 x 275 mm.<\/p>\n<p>It is made of 0.8 mm thick 304 stainless steel sheet with a plastic-coated beam and feet.<br \/>\nThis makes it durable and especially suitable for the food industry and honey processing.<br \/>\nThe transparent lid allows you to see inside the centrifuge and monitor the honey output during the spinning process.<br \/>\nIt has small dimensions and a reduced weight with removable feet, making it easily transportable.<br \/>\nThe tangential centrifuge is very efficient because it can extract all the honey from the frames during the spinning process. The disadvantage of tangential centrifuges is that the frames must be turned manually during the spinning process itself.<br \/>\nThese features make it suitable for beekeepers with a small number of hives, beginners and hobbyists who want a quality centrifuge that will serve them for many years.<\/p>\n<p>General characteristic:<br \/>\nBarrel: 0.8 mm thick 304 stainless steel sheet<br \/>\nTap: Food-grade plastic<br \/>\nBasket: 304 stainless steel<br \/>\nLid: 4 mm clear acrylic<br \/>\nOuter diameter: \u00d8520 mm<br \/>\nInner diameter: \u00d8500 mm<br \/>\nHeight on feet: 950 mm<br \/>\nShaft height: 650 mm<\/p>","protected":false},"excerpt":{"rendered":"<p>Extracteur tangentiel pour 4 cadres LR ou 4 MINI avec entra\u00eenement manuel et \u00e9lectrique \u00e0 12 ou 220V command\u00e9 automatique analogique. Le moteur qui l&#8217;anime a une puissance de 280W. La transmission est assur\u00e9e au moyen de courroies et de courroies. En retirant la courroie, il est tr\u00e8s facile de passer de la transmission \u00e9lectrique&#8230;<\/p>","protected":false},"featured_media":3262,"comment_status":"open","ping_status":"closed","template":"","meta":{"_monsterinsights_skip_tracking":false,"_monsterinsights_sitenote_active":false,"_monsterinsights_sitenote_note":"","_monsterinsights_sitenote_category":0},"product_brand":[],"product_cat":[91],"product_tag":[],"class_list":{"0":"post-3263","1":"product","2":"type-product","3":"status-publish","4":"has-post-thumbnail","6":"product_cat-materiel-apicole","8":"first","9":"instock","10":"shipping-taxable","11":"purchasable","12":"product-type-simple"},"_links":{"self":[{"href":"https:\/\/briadamagri.com\/en\/wp-json\/wp\/v2\/product\/3263","targetHints":{"allow":["GET"]}}],"collection":[{"href":"https:\/\/briadamagri.com\/en\/wp-json\/wp\/v2\/product"}],"about":[{"href":"https:\/\/briadamagri.com\/en\/wp-json\/wp\/v2\/types\/product"}],"replies":[{"embeddable":true,"href":"https:\/\/briadamagri.com\/en\/wp-json\/wp\/v2\/comments?post=3263"}],"wp:featuredmedia":[{"embeddable":true,"href":"https:\/\/briadamagri.com\/en\/wp-json\/wp\/v2\/media\/3262"}],"wp:attachment":[{"href":"https:\/\/briadamagri.com\/en\/wp-json\/wp\/v2\/media?parent=3263"}],"wp:term":[{"taxonomy":"product_brand","embeddable":true,"href":"https:\/\/briadamagri.com\/en\/wp-json\/wp\/v2\/product_brand?post=3263"},{"taxonomy":"product_cat","embeddable":true,"href":"https:\/\/briadamagri.com\/en\/wp-json\/wp\/v2\/product_cat?post=3263"},{"taxonomy":"product_tag","embeddable":true,"href":"https:\/\/briadamagri.com\/en\/wp-json\/wp\/v2\/product_tag?post=3263"}],"curies":[{"name":"wp","href":"https:\/\/api.w.org\/{rel}","templated":true}]}}