{"id":3399,"date":"2025-08-04T01:54:57","date_gmt":"2025-08-04T01:54:57","guid":{"rendered":"https:\/\/briadamagri.com\/?post_type=product&#038;p=3399"},"modified":"2026-03-09T17:08:11","modified_gmt":"2026-03-09T17:08:11","slug":"frame-lift","status":"publish","type":"product","link":"https:\/\/briadamagri.com\/en\/product\/frame-lift\/","title":{"rendered":"frame lifter"},"content":{"rendered":"<p><span style=\"vertical-align: inherit;\"><span style=\"vertical-align: inherit;\">American frame lift is a must for all beekeepers, designed to simplify your hive management and guarantee smooth operation.<\/span><\/span><\/p>\n<ul>\n<li><span style=\"vertical-align: inherit;\"><span style=\"vertical-align: inherit;\">Polivalenza, Beveled scraping edge, Nail pull-out hole, Angled end for frame removal.<\/span><\/span><\/li>\n<\/ul>","protected":false},"excerpt":{"rendered":"<p>L\u00e8ve cadre Am\u00e9ricain \u00e8 un incontournable per tutti gli apicoltori, pensato per semplificare i tuoi compiti di gestione delle ruche e garantire un funzionamento fluido. Polivalenza, Bordo di grattage biseaut\u00e9, Trou d&#8217;arrachage des clous, Extr\u00e9mit\u00e9 coud\u00e9e pour le retrait du cadre.<\/p>","protected":false},"featured_media":3413,"comment_status":"open","ping_status":"closed","template":"","meta":{"_monsterinsights_skip_tracking":false,"_monsterinsights_sitenote_active":false,"_monsterinsights_sitenote_note":"","_monsterinsights_sitenote_category":0},"product_brand":[],"product_cat":[91],"product_tag":[],"class_list":{"0":"post-3399","1":"product","2":"type-product","3":"status-publish","4":"has-post-thumbnail","6":"product_cat-materiel-apicole","8":"first","9":"instock","10":"shipping-taxable","11":"purchasable","12":"product-type-simple"},"_links":{"self":[{"href":"https:\/\/briadamagri.com\/en\/wp-json\/wp\/v2\/product\/3399","targetHints":{"allow":["GET"]}}],"collection":[{"href":"https:\/\/briadamagri.com\/en\/wp-json\/wp\/v2\/product"}],"about":[{"href":"https:\/\/briadamagri.com\/en\/wp-json\/wp\/v2\/types\/product"}],"replies":[{"embeddable":true,"href":"https:\/\/briadamagri.com\/en\/wp-json\/wp\/v2\/comments?post=3399"}],"wp:featuredmedia":[{"embeddable":true,"href":"https:\/\/briadamagri.com\/en\/wp-json\/wp\/v2\/media\/3413"}],"wp:attachment":[{"href":"https:\/\/briadamagri.com\/en\/wp-json\/wp\/v2\/media?parent=3399"}],"wp:term":[{"taxonomy":"product_brand","embeddable":true,"href":"https:\/\/briadamagri.com\/en\/wp-json\/wp\/v2\/product_brand?post=3399"},{"taxonomy":"product_cat","embeddable":true,"href":"https:\/\/briadamagri.com\/en\/wp-json\/wp\/v2\/product_cat?post=3399"},{"taxonomy":"product_tag","embeddable":true,"href":"https:\/\/briadamagri.com\/en\/wp-json\/wp\/v2\/product_tag?post=3399"}],"curies":[{"name":"wp","href":"https:\/\/api.w.org\/{rel}","templated":true}]}}