{"id":3789,"date":"2026-04-08T00:33:45","date_gmt":"2026-04-08T00:33:45","guid":{"rendered":"https:\/\/briadamagri.com\/?post_type=product&#038;p=3789"},"modified":"2026-04-09T20:35:47","modified_gmt":"2026-04-09T20:35:47","slug":"extracteur-de-miel-a-6-cadres","status":"publish","type":"product","link":"https:\/\/briadamagri.com\/en\/product\/extracteur-de-miel-a-6-cadres\/","title":{"rendered":"6-frame honey extractor"},"content":{"rendered":"<h2 class=\"vc_custom_heading\"><span dir=\"auto\">Extracteur de miel \u00e0 6 cadres non rotatif R\u00e9servoir en acier inoxydable 430 ; pi\u00e8ces du rotor et cassettes rev\u00eatues de peinture en poudre ; robinet en plastique. Marque ABB fabrique in Ukraine\u00a0<\/span><\/h2>","protected":false},"excerpt":{"rendered":"<p>Extracteur de miel \u00e0 6 cadres non rotatif R\u00e9servoir en acier inoxydable 430 ; pi\u00e8ces du rotor et cassettes rev\u00eatues de peinture en poudre ; robinet en plastique. Marque ABB fabrique in Ukraine\u00a0<\/p>","protected":false},"featured_media":3902,"comment_status":"open","ping_status":"closed","template":"","meta":{"_monsterinsights_skip_tracking":false,"_monsterinsights_sitenote_active":false,"_monsterinsights_sitenote_note":"","_monsterinsights_sitenote_category":0},"product_brand":[],"product_cat":[116],"product_tag":[],"class_list":{"0":"post-3789","1":"product","2":"type-product","3":"status-publish","4":"has-post-thumbnail","6":"product_cat-manuel","8":"first","9":"instock","10":"shipping-taxable","11":"product-type-simple"},"_links":{"self":[{"href":"https:\/\/briadamagri.com\/en\/wp-json\/wp\/v2\/product\/3789","targetHints":{"allow":["GET"]}}],"collection":[{"href":"https:\/\/briadamagri.com\/en\/wp-json\/wp\/v2\/product"}],"about":[{"href":"https:\/\/briadamagri.com\/en\/wp-json\/wp\/v2\/types\/product"}],"replies":[{"embeddable":true,"href":"https:\/\/briadamagri.com\/en\/wp-json\/wp\/v2\/comments?post=3789"}],"wp:featuredmedia":[{"embeddable":true,"href":"https:\/\/briadamagri.com\/en\/wp-json\/wp\/v2\/media\/3902"}],"wp:attachment":[{"href":"https:\/\/briadamagri.com\/en\/wp-json\/wp\/v2\/media?parent=3789"}],"wp:term":[{"taxonomy":"product_brand","embeddable":true,"href":"https:\/\/briadamagri.com\/en\/wp-json\/wp\/v2\/product_brand?post=3789"},{"taxonomy":"product_cat","embeddable":true,"href":"https:\/\/briadamagri.com\/en\/wp-json\/wp\/v2\/product_cat?post=3789"},{"taxonomy":"product_tag","embeddable":true,"href":"https:\/\/briadamagri.com\/en\/wp-json\/wp\/v2\/product_tag?post=3789"}],"curies":[{"name":"wp","href":"https:\/\/api.w.org\/{rel}","templated":true}]}}