{"id":3814,"date":"2026-04-08T19:35:59","date_gmt":"2026-04-08T19:35:59","guid":{"rendered":"https:\/\/briadamagri.com\/?post_type=product&#038;p=3814"},"modified":"2026-04-09T20:50:03","modified_gmt":"2026-04-09T20:50:03","slug":"extracteur-de-miel-a-8-cadres-electrique","status":"publish","type":"product","link":"https:\/\/briadamagri.com\/en\/product\/extracteur-de-miel-a-8-cadres-electrique\/","title":{"rendered":"DB-Electric 220V 12-Frame Honey Extractor"},"content":{"rendered":"<h2 class=\"vc_custom_heading\"><span dir=\"auto\">Extracteur de miel \u00e0 12 cadres \u00e9lectrique 220 V\u00a0 R\u00e9servoir en acier inoxydable 430 ; pi\u00e8ces du rotor et cassettes rev\u00eatues de peinture en poudre ; robinet en plastique<\/span><\/h2>\n<h2 class=\"vc_custom_heading\"><span dir=\"auto\">Marque EVROTOM<\/span><\/h2>","protected":false},"excerpt":{"rendered":"<p>Extracteur de miel \u00e0 12 cadres \u00e9lectrique 220 V\u00a0 R\u00e9servoir en acier inoxydable 430 ; pi\u00e8ces du rotor et cassettes rev\u00eatues de peinture en poudre ; robinet en plastique Marque EVROTOM<\/p>","protected":false},"featured_media":3907,"comment_status":"open","ping_status":"closed","template":"","meta":{"_monsterinsights_skip_tracking":false,"_monsterinsights_sitenote_active":false,"_monsterinsights_sitenote_note":"","_monsterinsights_sitenote_category":0},"product_brand":[],"product_cat":[115],"product_tag":[],"class_list":{"0":"post-3814","1":"product","2":"type-product","3":"status-publish","4":"has-post-thumbnail","6":"product_cat-electrique","8":"first","9":"instock","10":"shipping-taxable","11":"product-type-simple"},"_links":{"self":[{"href":"https:\/\/briadamagri.com\/en\/wp-json\/wp\/v2\/product\/3814","targetHints":{"allow":["GET"]}}],"collection":[{"href":"https:\/\/briadamagri.com\/en\/wp-json\/wp\/v2\/product"}],"about":[{"href":"https:\/\/briadamagri.com\/en\/wp-json\/wp\/v2\/types\/product"}],"replies":[{"embeddable":true,"href":"https:\/\/briadamagri.com\/en\/wp-json\/wp\/v2\/comments?post=3814"}],"wp:featuredmedia":[{"embeddable":true,"href":"https:\/\/briadamagri.com\/en\/wp-json\/wp\/v2\/media\/3907"}],"wp:attachment":[{"href":"https:\/\/briadamagri.com\/en\/wp-json\/wp\/v2\/media?parent=3814"}],"wp:term":[{"taxonomy":"product_brand","embeddable":true,"href":"https:\/\/briadamagri.com\/en\/wp-json\/wp\/v2\/product_brand?post=3814"},{"taxonomy":"product_cat","embeddable":true,"href":"https:\/\/briadamagri.com\/en\/wp-json\/wp\/v2\/product_cat?post=3814"},{"taxonomy":"product_tag","embeddable":true,"href":"https:\/\/briadamagri.com\/en\/wp-json\/wp\/v2\/product_tag?post=3814"}],"curies":[{"name":"wp","href":"https:\/\/api.w.org\/{rel}","templated":true}]}}