{"id":3843,"date":"2026-04-08T22:01:33","date_gmt":"2026-04-08T22:01:33","guid":{"rendered":"https:\/\/briadamagri.com\/?post_type=product&#038;p=3843"},"modified":"2026-04-09T19:56:47","modified_gmt":"2026-04-09T19:56:47","slug":"seau-36-l-50-kg-robinet-et-clips-en-acier-inoxydable","status":"publish","type":"product","link":"https:\/\/briadamagri.com\/en\/product\/seau-36-l-50-kg-robinet-et-clips-en-acier-inoxydable\/","title":{"rendered":"Seau 36 l\/50 kg &#8211; Robinet et clips en acier inoxydable"},"content":{"rendered":"<p><span dir=\"auto\">Un seau pour stocker le miel, fabriqu\u00e9 en t\u00f4le INOX 304 de\u00a0<\/span><strong><span dir=\"auto\">0,6 mm<\/span><\/strong><span dir=\"auto\">\u00a0d&#8217;\u00e9paisseur, r\u00e9sistante aux acides et aux champs magn\u00e9tiques, utilis\u00e9e dans l&#8217;industrie alimentaire et qui n&#8217;affecte pas le miel.<\/span><\/p>\n<p><span dir=\"auto\">Ce seau a une capacit\u00e9 de 36 litres, soit environ 50 kg de miel.<\/span><br \/>\n<span dir=\"auto\">Il est \u00e9quip\u00e9 d&#8217;un robinet en acier inoxydable 304 soud\u00e9 et de clips de fermeture qui emp\u00eachent les fuites pendant le transport.<\/span><\/p>\n<p><span dir=\"auto\">Le diam\u00e8tre int\u00e9rieur du seau est de 320 mm et sa hauteur est de 480 mm.<\/span><\/p>","protected":false},"excerpt":{"rendered":"<p>Un seau pour stocker le miel, fabriqu\u00e9 en t\u00f4le INOX 304 de\u00a00,6 mm\u00a0d&#8217;\u00e9paisseur, r\u00e9sistante aux acides et aux champs magn\u00e9tiques, utilis\u00e9e dans l&#8217;industrie alimentaire et qui n&#8217;affecte pas le miel. Ce seau a une capacit\u00e9 de 36 litres, soit environ 50 kg de miel. Il est \u00e9quip\u00e9 d&#8217;un robinet en acier inoxydable 304 soud\u00e9 et&#8230;<\/p>","protected":false},"featured_media":3895,"comment_status":"open","ping_status":"closed","template":"","meta":{"_monsterinsights_skip_tracking":false,"_monsterinsights_sitenote_active":false,"_monsterinsights_sitenote_note":"","_monsterinsights_sitenote_category":0},"product_brand":[],"product_cat":[118],"product_tag":[],"class_list":{"0":"post-3843","1":"product","2":"type-product","3":"status-publish","4":"has-post-thumbnail","6":"product_cat-maturateur","8":"first","9":"instock","10":"shipping-taxable","11":"product-type-simple"},"_links":{"self":[{"href":"https:\/\/briadamagri.com\/en\/wp-json\/wp\/v2\/product\/3843","targetHints":{"allow":["GET"]}}],"collection":[{"href":"https:\/\/briadamagri.com\/en\/wp-json\/wp\/v2\/product"}],"about":[{"href":"https:\/\/briadamagri.com\/en\/wp-json\/wp\/v2\/types\/product"}],"replies":[{"embeddable":true,"href":"https:\/\/briadamagri.com\/en\/wp-json\/wp\/v2\/comments?post=3843"}],"wp:featuredmedia":[{"embeddable":true,"href":"https:\/\/briadamagri.com\/en\/wp-json\/wp\/v2\/media\/3895"}],"wp:attachment":[{"href":"https:\/\/briadamagri.com\/en\/wp-json\/wp\/v2\/media?parent=3843"}],"wp:term":[{"taxonomy":"product_brand","embeddable":true,"href":"https:\/\/briadamagri.com\/en\/wp-json\/wp\/v2\/product_brand?post=3843"},{"taxonomy":"product_cat","embeddable":true,"href":"https:\/\/briadamagri.com\/en\/wp-json\/wp\/v2\/product_cat?post=3843"},{"taxonomy":"product_tag","embeddable":true,"href":"https:\/\/briadamagri.com\/en\/wp-json\/wp\/v2\/product_tag?post=3843"}],"curies":[{"name":"wp","href":"https:\/\/api.w.org\/{rel}","templated":true}]}}