{"id":3854,"date":"2026-04-08T22:32:13","date_gmt":"2026-04-08T22:32:13","guid":{"rendered":"https:\/\/briadamagri.com\/?post_type=product&#038;p=3854"},"modified":"2026-04-09T19:45:34","modified_gmt":"2026-04-09T19:45:34","slug":"un-seau-pour-stocker-100kg-de-miel-fabrique-en-tole-inox-304","status":"publish","type":"product","link":"https:\/\/briadamagri.com\/en\/product\/un-seau-pour-stocker-100kg-de-miel-fabrique-en-tole-inox-304\/","title":{"rendered":"Un seau pour stocker 100kg de miel, fabriqu\u00e9 en t\u00f4le INOX 304"},"content":{"rendered":"<p>Cuve de d\u00e9cantation pour miel de 100 KG\u00a0 avec filtre et robinet en acier inoxydable<\/p>","protected":false},"excerpt":{"rendered":"<p>Cuve de d\u00e9cantation pour miel de 100 KG\u00a0 avec filtre et robinet en acier inoxydable<\/p>","protected":false},"featured_media":3889,"comment_status":"open","ping_status":"closed","template":"","meta":{"_monsterinsights_skip_tracking":false,"_monsterinsights_sitenote_active":false,"_monsterinsights_sitenote_note":"","_monsterinsights_sitenote_category":0},"product_brand":[],"product_cat":[118,91],"product_tag":[],"class_list":{"0":"post-3854","1":"product","2":"type-product","3":"status-publish","4":"has-post-thumbnail","6":"product_cat-maturateur","7":"product_cat-materiel-apicole","9":"first","10":"instock","11":"shipping-taxable","12":"product-type-simple"},"_links":{"self":[{"href":"https:\/\/briadamagri.com\/en\/wp-json\/wp\/v2\/product\/3854","targetHints":{"allow":["GET"]}}],"collection":[{"href":"https:\/\/briadamagri.com\/en\/wp-json\/wp\/v2\/product"}],"about":[{"href":"https:\/\/briadamagri.com\/en\/wp-json\/wp\/v2\/types\/product"}],"replies":[{"embeddable":true,"href":"https:\/\/briadamagri.com\/en\/wp-json\/wp\/v2\/comments?post=3854"}],"wp:featuredmedia":[{"embeddable":true,"href":"https:\/\/briadamagri.com\/en\/wp-json\/wp\/v2\/media\/3889"}],"wp:attachment":[{"href":"https:\/\/briadamagri.com\/en\/wp-json\/wp\/v2\/media?parent=3854"}],"wp:term":[{"taxonomy":"product_brand","embeddable":true,"href":"https:\/\/briadamagri.com\/en\/wp-json\/wp\/v2\/product_brand?post=3854"},{"taxonomy":"product_cat","embeddable":true,"href":"https:\/\/briadamagri.com\/en\/wp-json\/wp\/v2\/product_cat?post=3854"},{"taxonomy":"product_tag","embeddable":true,"href":"https:\/\/briadamagri.com\/en\/wp-json\/wp\/v2\/product_tag?post=3854"}],"curies":[{"name":"wp","href":"https:\/\/api.w.org\/{rel}","templated":true}]}}