{"id":3864,"date":"2026-04-09T11:16:32","date_gmt":"2026-04-09T11:16:32","guid":{"rendered":"https:\/\/briadamagri.com\/?post_type=product&#038;p=3864"},"modified":"2026-04-09T19:20:24","modified_gmt":"2026-04-09T19:20:24","slug":"reservoir-de-decantation-avec-filtre-70-l-robinet-en-plastique","status":"publish","type":"product","link":"https:\/\/briadamagri.com\/en\/product\/reservoir-de-decantation-avec-filtre-70-l-robinet-en-plastique\/","title":{"rendered":"R\u00e9servoir de d\u00e9cantation avec filtre 70 l, robinet en plastique"},"content":{"rendered":"<p>R\u00e9servoir de d\u00e9cantation avec filtre 70 l, robinet en plastique<\/p>","protected":false},"excerpt":{"rendered":"<p>R\u00e9servoir de d\u00e9cantation avec filtre 70 l, robinet en plastique<\/p>","protected":false},"featured_media":3881,"comment_status":"open","ping_status":"closed","template":"","meta":{"_monsterinsights_skip_tracking":false,"_monsterinsights_sitenote_active":false,"_monsterinsights_sitenote_note":"","_monsterinsights_sitenote_category":0},"product_brand":[],"product_cat":[118],"product_tag":[],"class_list":{"0":"post-3864","1":"product","2":"type-product","3":"status-publish","4":"has-post-thumbnail","6":"product_cat-maturateur","8":"first","9":"instock","10":"shipping-taxable","11":"product-type-simple"},"_links":{"self":[{"href":"https:\/\/briadamagri.com\/en\/wp-json\/wp\/v2\/product\/3864","targetHints":{"allow":["GET"]}}],"collection":[{"href":"https:\/\/briadamagri.com\/en\/wp-json\/wp\/v2\/product"}],"about":[{"href":"https:\/\/briadamagri.com\/en\/wp-json\/wp\/v2\/types\/product"}],"replies":[{"embeddable":true,"href":"https:\/\/briadamagri.com\/en\/wp-json\/wp\/v2\/comments?post=3864"}],"wp:featuredmedia":[{"embeddable":true,"href":"https:\/\/briadamagri.com\/en\/wp-json\/wp\/v2\/media\/3881"}],"wp:attachment":[{"href":"https:\/\/briadamagri.com\/en\/wp-json\/wp\/v2\/media?parent=3864"}],"wp:term":[{"taxonomy":"product_brand","embeddable":true,"href":"https:\/\/briadamagri.com\/en\/wp-json\/wp\/v2\/product_brand?post=3864"},{"taxonomy":"product_cat","embeddable":true,"href":"https:\/\/briadamagri.com\/en\/wp-json\/wp\/v2\/product_cat?post=3864"},{"taxonomy":"product_tag","embeddable":true,"href":"https:\/\/briadamagri.com\/en\/wp-json\/wp\/v2\/product_tag?post=3864"}],"curies":[{"name":"wp","href":"https:\/\/api.w.org\/{rel}","templated":true}]}}